{"id":7581,"date":"2022-12-17T15:47:30","date_gmt":"2022-12-17T14:47:30","guid":{"rendered":"https:\/\/kiwanis.testgyta.be\/mot-du-gouverneur\/"},"modified":"2023-05-02T19:19:18","modified_gmt":"2023-05-02T18:19:18","slug":"mot-du-gouverneur","status":"publish","type":"page","link":"https:\/\/www.kiwanis.be\/fr\/mot-du-gouverneur\/","title":{"rendered":"Mot du Gouverneur"},"content":{"rendered":"\t\t<div data-elementor-type=\"wp-page\" data-elementor-id=\"7581\" class=\"elementor elementor-7581 elementor-1068\" data-elementor-post-type=\"page\">\n\t\t\t\t\t\t<section class=\"elementor-section elementor-top-section elementor-element elementor-element-36aa889e elementor-section-boxed elementor-section-height-default elementor-section-height-default\" data-id=\"36aa889e\" data-element_type=\"section\" data-settings=\"{&quot;background_background&quot;:&quot;classic&quot;}\">\n\t\t\t\t\t\t\t<div class=\"elementor-background-overlay\"><\/div>\n\t\t\t\t\t\t\t<div class=\"elementor-container elementor-column-gap-no\">\n\t\t\t\t\t<div class=\"elementor-column elementor-col-100 elementor-top-column elementor-element elementor-element-6c478722\" data-id=\"6c478722\" data-element_type=\"column\" data-settings=\"{&quot;background_background&quot;:&quot;classic&quot;}\">\n\t\t\t<div class=\"elementor-widget-wrap elementor-element-populated\">\n\t\t\t\t\t\t<div class=\"elementor-element elementor-element-5a512ab1 elementor-widget elementor-widget-heading\" data-id=\"5a512ab1\" data-element_type=\"widget\" data-widget_type=\"heading.default\">\n\t\t\t\t<div class=\"elementor-widget-container\">\n\t\t\t\t\t<h1 class=\"elementor-heading-title elementor-size-default\">Mot du Gouverneur<\/h1>\t\t\t\t<\/div>\n\t\t\t\t<\/div>\n\t\t\t\t\t<\/div>\n\t\t<\/div>\n\t\t\t\t\t<\/div>\n\t\t<\/section>\n\t\t\t\t<section class=\"elementor-section elementor-top-section elementor-element elementor-element-c544e9b elementor-section-boxed elementor-section-height-default elementor-section-height-default\" data-id=\"c544e9b\" data-element_type=\"section\">\n\t\t\t\t\t\t<div class=\"elementor-container elementor-column-gap-no\">\n\t\t\t\t\t<div class=\"elementor-column elementor-col-50 elementor-top-column elementor-element elementor-element-2b7ba1b\" data-id=\"2b7ba1b\" data-element_type=\"column\">\n\t\t\t<div class=\"elementor-widget-wrap elementor-element-populated\">\n\t\t\t\t\t\t<div class=\"elementor-element elementor-element-b73c002 elementor-widget elementor-widget-text-editor\" data-id=\"b73c002\" data-element_type=\"widget\" data-widget_type=\"text-editor.default\">\n\t\t\t\t<div class=\"elementor-widget-container\">\n\t\t\t\t\t\t\t\t\t<p>Cher ami,<\/p>\n<p>La nouvelle ann\u00e9e KIWANIS du District BELGIUM-LUXEMBOURG a commenc\u00e9 et nous vous souhaitons la bienvenue sur notre <strong>nouveau site web<\/strong>.<\/p>\n<p>Parcourez-le et voyez ce que fait le Kiwanis et l&rsquo;engagement des quelque <strong>4000 Kiwaniens<\/strong> de Belgique et du Luxembourg.<\/p>\n<p>Les membres de nos <strong>200 clubs<\/strong> travaillent b\u00e9n\u00e9volement environ <strong>120.000 heures par an<\/strong> sur des projets sociaux expliqu\u00e9s ici. Pour mettre en \u0153uvre notre devise <strong>\u00ab\u00a0Servir les enfants du monde\u00a0\u00bb<\/strong> nous collectons des fonds par le biais de clubs et d&rsquo;activit\u00e9s coordonn\u00e9es comme le de <strong>Kiwanis pop, Special Olympics, Viva for Life<\/strong>et bien d&rsquo;autres. Mais nous en reparlerons sur le site web.<\/p>\n<p>Nous savons tous que les enfants ont plus que jamais besoin de notre soutien. Nous constatons beaucoup trop de situations de d\u00e9tresse, non seulement \u00e0 l&rsquo;\u00e9tranger mais aussi en Belgique et \u00e9galement au Grand Duch\u00e9 de Luxembourg. Et cela va de la n\u00e9cessit\u00e9 r\u00e9elle de r\u00e9pondre aux besoins de base au bien-\u00eatre mental. <\/p>\n<p>Au Kiwanis, nous travaillons sans rel\u00e2che pour aider autant d&rsquo;enfants que possible, au mieux de nos capacit\u00e9s. Et les r\u00e9sultats sont l\u00e0 car nous avons d\u00e9j\u00e0 mis de nombreux sourires sur les visages. Nous faisons la diff\u00e9rence.<\/p>\t\t\t\t\t\t\t\t<\/div>\n\t\t\t\t<\/div>\n\t\t\t\t\t<\/div>\n\t\t<\/div>\n\t\t\t\t<div class=\"elementor-column elementor-col-50 elementor-top-column elementor-element elementor-element-96a6960\" data-id=\"96a6960\" data-element_type=\"column\">\n\t\t\t<div class=\"elementor-widget-wrap elementor-element-populated\">\n\t\t\t\t\t\t<div class=\"elementor-element elementor-element-ab20f9e elementor-widget elementor-widget-text-editor\" data-id=\"ab20f9e\" data-element_type=\"widget\" data-widget_type=\"text-editor.default\">\n\t\t\t\t<div class=\"elementor-widget-container\">\n\t\t\t\t\t\t\t\t\t<p><strong>Un appel<\/strong><\/p>\n<p>D&rsquo;o\u00f9 l&rsquo;appel que je vous lance pour que vous pensiez \u00e0 vous engager dans cette \u0153uvre. Nous avons besoin d&rsquo;autant de membres enthousiastes que possible pour aider encore plus. Apr\u00e8s tout, les besoins sont de plus en plus importants.<\/p>\n<p><strong>Vous pouvez rejoindre un club existant ou, mieux encore, en cr\u00e9er un vous-m\u00eame.<\/strong>. 3 \u00e0 5 d&rsquo;entre vous suffisent, avec le soutien total des dirigeants du district, pour constituer une nouvelle force au sein du Kiwanis. Toute personne ayant un bon c\u0153ur est la bienvenue car c&rsquo;est notre principale exigence.<\/p>\n<p>Et en plus de votre pr\u00e9cieux travail, vous aurez soudainement un groupe d&rsquo;amis de 4 000 personnes. Parce que c&rsquo;est ce que nous sommes vraiment au Kiwanis. La devise de cette ann\u00e9e n&rsquo;est pas pour rien: <strong>l&rsquo;amiti\u00e9 par le service.<\/strong><\/p>\n<p>Encore un bon tour sur le site web et j&rsquo;esp\u00e8re que vous serez convaincu.<\/p>\n<p>Bonne chance!<\/p>\n<p>Avec nos amicales salutations Kiwanis,<br \/><strong style=\"color: var( --e-global-color-text ); font-family: var( --e-global-typography-text-font-family ), Sans-serif; font-size: var( --e-global-typography-text-font-size );\">Miguel Stevens<\/strong><\/p>\n\t\t\t\t\t\t\t\t<\/div>\n\t\t\t\t<\/div>\n\t\t\t\t\t<\/div>\n\t\t<\/div>\n\t\t\t\t\t<\/div>\n\t\t<\/section>\n\t\t\t\t<\/div>\n\t\t","protected":false},"excerpt":{"rendered":"<p>Mot du Gouverneur Cher ami, La nouvelle ann\u00e9e KIWANIS du District BELGIUM-LUXEMBOURG a commenc\u00e9 et nous vous souhaitons la bienvenue sur notre nouveau site web. Parcourez-le et voyez ce que [&hellip;]<\/p>\n","protected":false},"author":1,"featured_media":0,"parent":0,"menu_order":0,"comment_status":"closed","ping_status":"closed","template":"elementor_header_footer","meta":{"_acf_changed":false,"footnotes":""},"class_list":["post-7581","page","type-page","status-publish","hentry"],"acf":[],"_links":{"self":[{"href":"https:\/\/www.kiwanis.be\/fr\/wp-json\/wp\/v2\/pages\/7581","targetHints":{"allow":["GET"]}}],"collection":[{"href":"https:\/\/www.kiwanis.be\/fr\/wp-json\/wp\/v2\/pages"}],"about":[{"href":"https:\/\/www.kiwanis.be\/fr\/wp-json\/wp\/v2\/types\/page"}],"author":[{"embeddable":true,"href":"https:\/\/www.kiwanis.be\/fr\/wp-json\/wp\/v2\/users\/1"}],"replies":[{"embeddable":true,"href":"https:\/\/www.kiwanis.be\/fr\/wp-json\/wp\/v2\/comments?post=7581"}],"version-history":[{"count":0,"href":"https:\/\/www.kiwanis.be\/fr\/wp-json\/wp\/v2\/pages\/7581\/revisions"}],"wp:attachment":[{"href":"https:\/\/www.kiwanis.be\/fr\/wp-json\/wp\/v2\/media?parent=7581"}],"curies":[{"name":"wp","href":"https:\/\/api.w.org\/{rel}","templated":true}]}}