{"id":7467,"date":"2022-12-16T06:12:34","date_gmt":"2022-12-16T06:12:34","guid":{"rendered":"https:\/\/kiwanis.testgyta.be\/activites\/activites-sociales\/kiwanis-dolls\/"},"modified":"2023-01-10T20:48:00","modified_gmt":"2023-01-10T20:48:00","slug":"kiwanis-dolls","status":"publish","type":"page","link":"https:\/\/www.kiwanis.be\/fr\/activites\/activites-sociales\/kiwanis-dolls\/","title":{"rendered":"Kiwanis Dolls"},"content":{"rendered":"\t\t<div data-elementor-type=\"wp-page\" data-elementor-id=\"7467\" class=\"elementor elementor-7467 elementor-797\" data-elementor-post-type=\"page\">\n\t\t\t\t\t\t<section class=\"elementor-section elementor-top-section elementor-element elementor-element-36aa889e elementor-section-boxed elementor-section-height-default elementor-section-height-default\" data-id=\"36aa889e\" data-element_type=\"section\" data-settings=\"{&quot;background_background&quot;:&quot;classic&quot;}\">\n\t\t\t\t\t\t\t<div class=\"elementor-background-overlay\"><\/div>\n\t\t\t\t\t\t\t<div class=\"elementor-container elementor-column-gap-no\">\n\t\t\t\t\t<div class=\"elementor-column elementor-col-100 elementor-top-column elementor-element elementor-element-6c478722\" data-id=\"6c478722\" data-element_type=\"column\" data-settings=\"{&quot;background_background&quot;:&quot;classic&quot;}\">\n\t\t\t<div class=\"elementor-widget-wrap elementor-element-populated\">\n\t\t\t\t\t\t<div class=\"elementor-element elementor-element-5a512ab1 elementor-widget elementor-widget-heading\" data-id=\"5a512ab1\" data-element_type=\"widget\" data-widget_type=\"heading.default\">\n\t\t\t\t<div class=\"elementor-widget-container\">\n\t\t\t\t\t<h1 class=\"elementor-heading-title elementor-size-default\">KIWANIS DOLLS<\/h1>\t\t\t\t<\/div>\n\t\t\t\t<\/div>\n\t\t\t\t\t<\/div>\n\t\t<\/div>\n\t\t\t\t\t<\/div>\n\t\t<\/section>\n\t\t\t\t<section class=\"elementor-section elementor-top-section elementor-element elementor-element-7c4a1a18 elementor-section-boxed elementor-section-height-default elementor-section-height-default\" data-id=\"7c4a1a18\" data-element_type=\"section\" data-settings=\"{&quot;background_background&quot;:&quot;classic&quot;}\">\n\t\t\t\t\t\t<div class=\"elementor-container elementor-column-gap-no\">\n\t\t\t\t\t<div class=\"elementor-column elementor-col-100 elementor-top-column elementor-element elementor-element-388c05c\" data-id=\"388c05c\" data-element_type=\"column\">\n\t\t\t<div class=\"elementor-widget-wrap elementor-element-populated\">\n\t\t\t\t\t\t<div class=\"elementor-element elementor-element-a8c8ac1 elementor-cta--layout-image-right elementor-cta--mobile-layout-image-above elementor-cta--skin-classic elementor-animated-content elementor-bg-transform elementor-bg-transform-zoom-in elementor-widget elementor-widget-call-to-action\" data-id=\"a8c8ac1\" data-element_type=\"widget\" data-widget_type=\"call-to-action.default\">\n\t\t\t\t<div class=\"elementor-widget-container\">\n\t\t\t\t\t\t\t<div class=\"elementor-cta\">\n\t\t\t\t\t<div class=\"elementor-cta__bg-wrapper\">\n\t\t\t\t<div class=\"elementor-cta__bg elementor-bg\" style=\"background-image: url(https:\/\/www.kiwanis.be\/wp-content\/uploads\/2023\/01\/kiwanispop2-1024x875.png);\" role=\"img\" aria-label=\"kiwanispop2\"><\/div>\n\t\t\t\t<div class=\"elementor-cta__bg-overlay\"><\/div>\n\t\t\t<\/div>\n\t\t\t\t\t\t\t<div class=\"elementor-cta__content\">\n\t\t\t\t\t\t\t\t\t<div class=\"elementor-content-item elementor-cta__content-item elementor-icon-wrapper elementor-cta__icon elementor-view-default\">\n\t\t\t\t\t\t<div class=\"elementor-icon\">\n\t\t\t\t\t\t\t<i aria-hidden=\"true\" class=\"far fa-heart\"><\/i>\t\t\t\t\t\t<\/div>\n\t\t\t\t\t<\/div>\n\t\t\t\t\n\t\t\t\t\t\t\t\t\t<h1 class=\"elementor-cta__title elementor-cta__content-item elementor-content-item\">\n\t\t\t\t\t\tUN OUTIL PSYCHOTH\u00c9RAPEUTIQUE PR\u00c9CIEUX\t\t\t\t\t<\/h1>\n\t\t\t\t\n\t\t\t\t\t\t\t\t\t<div class=\"elementor-cta__description elementor-cta__content-item elementor-content-item\">\n\t\t\t\t\t\t<p>\u00catre malade et \u00eatre hospitalis\u00e9 n\u2019est un plaisir pour personne et certainement pas pour les enfants. La poup\u00e9e chiffon Kiwanis les aide dans ces p\u00e9riodes difficiles. Depuis 25 ans, le Kiwanis Belgique-Luxembourg soutient les enfant malades.<\/p>\n\t\t\t\t\t<\/div>\n\t\t\t\t\n\t\t\t\t\t\t\t<\/div>\n\t\t\t\t\t\t<\/div>\n\t\t\t\t\t\t<\/div>\n\t\t\t\t<\/div>\n\t\t\t\t\t<\/div>\n\t\t<\/div>\n\t\t\t\t\t<\/div>\n\t\t<\/section>\n\t\t\t\t<section class=\"elementor-section elementor-top-section elementor-element elementor-element-72584bf elementor-section-boxed elementor-section-height-default elementor-section-height-default\" data-id=\"72584bf\" data-element_type=\"section\">\n\t\t\t\t\t\t<div class=\"elementor-container elementor-column-gap-default\">\n\t\t\t\t\t<div class=\"elementor-column elementor-col-100 elementor-top-column elementor-element elementor-element-b432d19\" data-id=\"b432d19\" data-element_type=\"column\">\n\t\t\t<div class=\"elementor-widget-wrap elementor-element-populated\">\n\t\t\t\t\t\t<div class=\"elementor-element elementor-element-0e1348e elementor-widget elementor-widget-text-editor\" data-id=\"0e1348e\" data-element_type=\"widget\" data-widget_type=\"text-editor.default\">\n\t\t\t\t<div class=\"elementor-widget-container\">\n\t\t\t\t\t\t\t\t\t<p>Faciliter la prise en charge des enfants hospitalis\u00e9s, tel est le d\u00e9fi de la poup\u00e9e Kiwanis!<\/p>\n<p>Les enfants qui doivent rester \u00e0 l\u2019h\u00f4pital pour des soins m\u00e9dicaux re\u00e7oivent une poup\u00e9e. Cette poup\u00e9e aide l\u2019enfant \u00e0 surmonter son sentiment de peur, d\u2019incertitude. Elle accompagnera l\u2019enfant tout au long de son s\u00e9jour \u00e0 l\u2019h\u00f4pital et pendant sa maladie.<\/p>\n<p>Le m\u00e9decin ou l\u2019infirmi\u00e8re expliquera \u00e0 l\u2019enfant ce qui va se passer et comment cela va se d\u00e9rouler avec l\u2019aide de la poup\u00e9e.<\/p>\n<p>La poup\u00e9e peut \u00eatre utilis\u00e9e rapidement et de mani\u00e8re interactive et sait comment attirer l\u2019attention des enfants. La peur et l\u2019incertitude diminuent et sont r\u00e9duites au minimum. La poup\u00e9e aide les enfants \u00e0 faire leurs propres choix. Les poup\u00e9es \u201clib\u00e8rent\u201d les enfants de l\u2019agitation, des tensions, des soucis et des probl\u00e8mes auxquels ils sont confront\u00e9s. Extrait de : \u201cLe pouvoir magique des poup\u00e9es\u201d Hubert Stuyvaert, ISBN 9789059325784<\/p>\n\t\t\t\t\t\t\t\t<\/div>\n\t\t\t\t<\/div>\n\t\t\t\t\t<\/div>\n\t\t<\/div>\n\t\t\t\t\t<\/div>\n\t\t<\/section>\n\t\t\t\t<section class=\"elementor-section elementor-top-section elementor-element elementor-element-7538ec9 elementor-section-boxed elementor-section-height-default elementor-section-height-default\" data-id=\"7538ec9\" data-element_type=\"section\">\n\t\t\t\t\t\t<div class=\"elementor-container elementor-column-gap-default\">\n\t\t\t\t\t<div class=\"elementor-column elementor-col-100 elementor-top-column elementor-element elementor-element-bc8a23d\" data-id=\"bc8a23d\" data-element_type=\"column\">\n\t\t\t<div class=\"elementor-widget-wrap elementor-element-populated\">\n\t\t\t\t\t\t<div class=\"elementor-element elementor-element-be44e6d elementor-widget elementor-widget-heading\" data-id=\"be44e6d\" data-element_type=\"widget\" data-widget_type=\"heading.default\">\n\t\t\t\t<div class=\"elementor-widget-container\">\n\t\t\t\t\t<h4 class=\"elementor-heading-title elementor-size-default\">UNE POUP\u00c9E MULTIFONCTIONNELLE.<\/h4>\t\t\t\t<\/div>\n\t\t\t\t<\/div>\n\t\t\t\t<div class=\"elementor-element elementor-element-c3238d8 elementor-widget elementor-widget-text-editor\" data-id=\"c3238d8\" data-element_type=\"widget\" data-widget_type=\"text-editor.default\">\n\t\t\t\t<div class=\"elementor-widget-container\">\n\t\t\t\t\t\t\t\t\t<p>Elle peut \u00eatre utilis\u00e9e pour couper, suturer, piquer, panser, pl\u00e2trer, op\u00e9rer, et peut \u00e9galement \u00eatre utilis\u00e9e pour d\u00e9montrer une proc\u00e9dure et expliquer ce qui va se passer pendant par exemple une op\u00e9ration ou traitement.<\/p><p>La poup\u00e9e a une couleur neutre afin que l\u2019op\u00e9ration puisse \u00eatre dessin\u00e9e dessus. L\u2019enfant peut \u00e9galement la personnaliser et y exprimer ses sentiments. Lorsque l\u2019enfant est autoris\u00e9 \u00e0 rentrer chez lui, il emporte la poup\u00e9e avec lui.<\/p><p>Mais il y a plus&#8230;<\/p>\t\t\t\t\t\t\t\t<\/div>\n\t\t\t\t<\/div>\n\t\t\t\t\t<\/div>\n\t\t<\/div>\n\t\t\t\t\t<\/div>\n\t\t<\/section>\n\t\t\t\t<section class=\"elementor-section elementor-top-section elementor-element elementor-element-4eda96a elementor-section-boxed elementor-section-height-default elementor-section-height-default\" data-id=\"4eda96a\" data-element_type=\"section\">\n\t\t\t\t\t\t<div class=\"elementor-container elementor-column-gap-default\">\n\t\t\t\t\t<div class=\"elementor-column elementor-col-50 elementor-top-column elementor-element elementor-element-47d6e5e\" data-id=\"47d6e5e\" data-element_type=\"column\">\n\t\t\t<div class=\"elementor-widget-wrap elementor-element-populated\">\n\t\t\t\t\t\t<div class=\"elementor-element elementor-element-c111519 elementor-widget elementor-widget-heading\" data-id=\"c111519\" data-element_type=\"widget\" data-widget_type=\"heading.default\">\n\t\t\t\t<div class=\"elementor-widget-container\">\n\t\t\t\t\t<h4 class=\"elementor-heading-title elementor-size-default\">GLOBY, LE JEU DES \u00c9MOTIONS AVEC LA POUP\u00c9E KIWANIS.<\/h4>\t\t\t\t<\/div>\n\t\t\t\t<\/div>\n\t\t\t\t<div class=\"elementor-element elementor-element-746727e elementor-widget elementor-widget-text-editor\" data-id=\"746727e\" data-element_type=\"widget\" data-widget_type=\"text-editor.default\">\n\t\t\t\t<div class=\"elementor-widget-container\">\n\t\t\t\t\t\t\t\t\t<p>Ce jeu a \u00e9t\u00e9 con\u00e7u par des psychologues du CHU de Glorieux \u00e0 Renaix pour explorer les \u00e9motions des enfants. Des questions sur les diff\u00e9rentes \u00e9motions et des questions sur l\u2019action sont utilis\u00e9es pour \u201cparler\u201d \u00e0 l\u2019enfant tout en jouant.<\/p>\n<p>Un outil psychologique et \u00e9ducatif.<\/p>\t\t\t\t\t\t\t\t<\/div>\n\t\t\t\t<\/div>\n\t\t\t\t<div class=\"elementor-element elementor-element-d15c21c elementor-widget elementor-widget-heading\" data-id=\"d15c21c\" data-element_type=\"widget\" data-widget_type=\"heading.default\">\n\t\t\t\t<div class=\"elementor-widget-container\">\n\t\t\t\t\t<h4 class=\"elementor-heading-title elementor-size-default\">LE LIVRE POUR LIRE ENSEMBLE \u201cARTHUR EST MALADE\u201d.<\/h4>\t\t\t\t<\/div>\n\t\t\t\t<\/div>\n\t\t\t\t<div class=\"elementor-element elementor-element-52a4fad elementor-widget elementor-widget-text-editor\" data-id=\"52a4fad\" data-element_type=\"widget\" data-widget_type=\"text-editor.default\">\n\t\t\t\t<div class=\"elementor-widget-container\">\n\t\t\t\t\t\t\t\t\t<p>Un livre d&rsquo;histoires dans lequel la poup\u00e9e Kiwanis accompagne Arthur chez le m\u00e9decin et annonce une hospitalisation.<\/p>\t\t\t\t\t\t\t\t<\/div>\n\t\t\t\t<\/div>\n\t\t\t\t\t<\/div>\n\t\t<\/div>\n\t\t\t\t<div class=\"elementor-column elementor-col-50 elementor-top-column elementor-element elementor-element-b8317d5\" data-id=\"b8317d5\" data-element_type=\"column\">\n\t\t\t<div class=\"elementor-widget-wrap elementor-element-populated\">\n\t\t\t\t\t\t<div class=\"elementor-element elementor-element-dce8944 elementor-arrows-position-inside elementor-pagination-position-outside elementor-widget elementor-widget-image-carousel\" data-id=\"dce8944\" data-element_type=\"widget\" data-settings=\"{&quot;slides_to_show&quot;:&quot;1&quot;,&quot;navigation&quot;:&quot;both&quot;,&quot;autoplay&quot;:&quot;yes&quot;,&quot;pause_on_hover&quot;:&quot;yes&quot;,&quot;pause_on_interaction&quot;:&quot;yes&quot;,&quot;autoplay_speed&quot;:5000,&quot;infinite&quot;:&quot;yes&quot;,&quot;effect&quot;:&quot;slide&quot;,&quot;speed&quot;:500}\" data-widget_type=\"image-carousel.default\">\n\t\t\t\t<div class=\"elementor-widget-container\">\n\t\t\t\t\t\t\t<div class=\"elementor-image-carousel-wrapper swiper\" role=\"region\" aria-roledescription=\"carousel\" aria-label=\"Carrousel d\u2019images\" dir=\"ltr\">\n\t\t\t<div class=\"elementor-image-carousel swiper-wrapper\" aria-live=\"off\">\n\t\t\t\t\t\t\t\t<div class=\"swiper-slide\" role=\"group\" aria-roledescription=\"slide\" aria-label=\"1 sur 3\"><a data-elementor-open-lightbox=\"yes\" data-elementor-lightbox-slideshow=\"dce8944\" data-elementor-lightbox-title=\"globy\" data-e-action-hash=\"#elementor-action%3Aaction%3Dlightbox%26settings%3DeyJpZCI6OTYyOCwidXJsIjoiaHR0cHM6XC9cL3d3dy5raXdhbmlzLmJlXC93cC1jb250ZW50XC91cGxvYWRzXC8yMDIzXC8wMVwvZ2xvYnkucG5nIiwic2xpZGVzaG93IjoiZGNlODk0NCJ9\" href=\"https:\/\/www.kiwanis.be\/wp-content\/uploads\/2023\/01\/globy.png\"><figure class=\"swiper-slide-inner\"><img decoding=\"async\" class=\"swiper-slide-image\" src=\"https:\/\/www.kiwanis.be\/wp-content\/uploads\/2023\/01\/globy-300x300.png\" alt=\"globy\" title=\"\"><\/figure><\/a><\/div><div class=\"swiper-slide\" role=\"group\" aria-roledescription=\"slide\" aria-label=\"2 sur 3\"><a data-elementor-open-lightbox=\"yes\" data-elementor-lightbox-slideshow=\"dce8944\" data-elementor-lightbox-title=\"tuur\" data-e-action-hash=\"#elementor-action%3Aaction%3Dlightbox%26settings%3DeyJpZCI6OTYyNSwidXJsIjoiaHR0cHM6XC9cL3d3dy5raXdhbmlzLmJlXC93cC1jb250ZW50XC91cGxvYWRzXC8yMDIzXC8wMVwvdHV1ci5qcGciLCJzbGlkZXNob3ciOiJkY2U4OTQ0In0%3D\" href=\"https:\/\/www.kiwanis.be\/wp-content\/uploads\/2023\/01\/tuur.jpg\"><figure class=\"swiper-slide-inner\"><img decoding=\"async\" class=\"swiper-slide-image\" src=\"https:\/\/www.kiwanis.be\/wp-content\/uploads\/2023\/01\/tuur-300x300.jpg\" alt=\"tuur\" title=\"\"><\/figure><\/a><\/div><div class=\"swiper-slide\" role=\"group\" aria-roledescription=\"slide\" aria-label=\"3 sur 3\"><a data-elementor-open-lightbox=\"yes\" data-elementor-lightbox-slideshow=\"dce8944\" data-elementor-lightbox-title=\"kiwanispop\" data-e-action-hash=\"#elementor-action%3Aaction%3Dlightbox%26settings%3DeyJpZCI6OTYyMiwidXJsIjoiaHR0cHM6XC9cL3d3dy5raXdhbmlzLmJlXC93cC1jb250ZW50XC91cGxvYWRzXC8yMDIzXC8wMVwva2l3YW5pc3BvcC0xLnBuZyIsInNsaWRlc2hvdyI6ImRjZTg5NDQifQ%3D%3D\" href=\"https:\/\/www.kiwanis.be\/wp-content\/uploads\/2023\/01\/kiwanispop-1.png\"><figure class=\"swiper-slide-inner\"><img decoding=\"async\" class=\"swiper-slide-image\" src=\"https:\/\/www.kiwanis.be\/wp-content\/uploads\/2023\/01\/kiwanispop-1-300x300.png\" alt=\"kiwanispop\" title=\"\"><\/figure><\/a><\/div>\t\t\t<\/div>\n\t\t\t\t\t\t\t\t\t\t\t\t<div class=\"elementor-swiper-button elementor-swiper-button-prev\" role=\"button\" tabindex=\"0\">\n\t\t\t\t\t\t<i aria-hidden=\"true\" class=\"eicon-chevron-left\"><\/i>\t\t\t\t\t<\/div>\n\t\t\t\t\t<div class=\"elementor-swiper-button elementor-swiper-button-next\" role=\"button\" tabindex=\"0\">\n\t\t\t\t\t\t<i aria-hidden=\"true\" class=\"eicon-chevron-right\"><\/i>\t\t\t\t\t<\/div>\n\t\t\t\t\n\t\t\t\t\t\t\t\t\t<div class=\"swiper-pagination\"><\/div>\n\t\t\t\t\t\t\t\t\t<\/div>\n\t\t\t\t\t\t<\/div>\n\t\t\t\t<\/div>\n\t\t\t\t\t<\/div>\n\t\t<\/div>\n\t\t\t\t\t<\/div>\n\t\t<\/section>\n\t\t\t\t<section class=\"elementor-section elementor-top-section elementor-element elementor-element-525d103 elementor-section-boxed elementor-section-height-default elementor-section-height-default\" data-id=\"525d103\" data-element_type=\"section\">\n\t\t\t\t\t\t<div class=\"elementor-container elementor-column-gap-default\">\n\t\t\t\t\t<div class=\"elementor-column elementor-col-100 elementor-top-column elementor-element elementor-element-10ee17f\" data-id=\"10ee17f\" data-element_type=\"column\">\n\t\t\t<div class=\"elementor-widget-wrap elementor-element-populated\">\n\t\t\t\t\t\t<div class=\"elementor-element elementor-element-2b65425 elementor-widget elementor-widget-video\" data-id=\"2b65425\" data-element_type=\"widget\" data-settings=\"{&quot;youtube_url&quot;:&quot;https:\\\/\\\/www.youtube.com\\\/watch?v=YvnjN9RtVok&quot;,&quot;modestbranding&quot;:&quot;yes&quot;,&quot;show_image_overlay&quot;:&quot;yes&quot;,&quot;image_overlay&quot;:{&quot;url&quot;:&quot;https:\\\/\\\/www.kiwanis.be\\\/wp-content\\\/uploads\\\/2022\\\/12\\\/video-overlay.jpg&quot;,&quot;id&quot;:826,&quot;size&quot;:&quot;&quot;,&quot;alt&quot;:&quot;&quot;,&quot;source&quot;:&quot;library&quot;},&quot;video_type&quot;:&quot;youtube&quot;,&quot;controls&quot;:&quot;yes&quot;}\" data-widget_type=\"video.default\">\n\t\t\t\t<div class=\"elementor-widget-container\">\n\t\t\t\t\t\t\t<div class=\"elementor-wrapper elementor-open-inline\">\n\t\t\t<div class=\"elementor-video\"><\/div>\t\t\t\t<div class=\"elementor-custom-embed-image-overlay\" style=\"background-image: url(https:\/\/www.kiwanis.be\/wp-content\/uploads\/2022\/12\/video-overlay.jpg);\">\n\t\t\t\t\t\t\t\t\t\t\t\t\t\t\t\t<div class=\"elementor-custom-embed-play\" role=\"button\" aria-label=\"Lire la vid\u00e9o\" tabindex=\"0\">\n\t\t\t\t\t\t\t<i aria-hidden=\"true\" class=\"eicon-play\"><\/i>\t\t\t\t\t\t<\/div>\n\t\t\t\t\t\t\t\t\t<\/div>\n\t\t\t\t\t<\/div>\n\t\t\t\t\t\t<\/div>\n\t\t\t\t<\/div>\n\t\t\t\t\t<\/div>\n\t\t<\/div>\n\t\t\t\t\t<\/div>\n\t\t<\/section>\n\t\t\t\t<\/div>\n\t\t","protected":false},"excerpt":{"rendered":"<p>KIWANIS DOLLS UN OUTIL PSYCHOTH\u00c9RAPEUTIQUE PR\u00c9CIEUX \u00catre malade et \u00eatre hospitalis\u00e9 n\u2019est un plaisir pour personne et certainement pas pour les enfants. La poup\u00e9e chiffon Kiwanis les aide dans ces [&hellip;]<\/p>\n","protected":false},"author":1,"featured_media":0,"parent":7457,"menu_order":0,"comment_status":"closed","ping_status":"closed","template":"elementor_header_footer","meta":{"_acf_changed":false,"footnotes":""},"class_list":["post-7467","page","type-page","status-publish","hentry"],"acf":[],"_links":{"self":[{"href":"https:\/\/www.kiwanis.be\/fr\/wp-json\/wp\/v2\/pages\/7467","targetHints":{"allow":["GET"]}}],"collection":[{"href":"https:\/\/www.kiwanis.be\/fr\/wp-json\/wp\/v2\/pages"}],"about":[{"href":"https:\/\/www.kiwanis.be\/fr\/wp-json\/wp\/v2\/types\/page"}],"author":[{"embeddable":true,"href":"https:\/\/www.kiwanis.be\/fr\/wp-json\/wp\/v2\/users\/1"}],"replies":[{"embeddable":true,"href":"https:\/\/www.kiwanis.be\/fr\/wp-json\/wp\/v2\/comments?post=7467"}],"version-history":[{"count":1,"href":"https:\/\/www.kiwanis.be\/fr\/wp-json\/wp\/v2\/pages\/7467\/revisions"}],"predecessor-version":[{"id":47366,"href":"https:\/\/www.kiwanis.be\/fr\/wp-json\/wp\/v2\/pages\/7467\/revisions\/47366"}],"up":[{"embeddable":true,"href":"https:\/\/www.kiwanis.be\/fr\/wp-json\/wp\/v2\/pages\/7457"}],"wp:attachment":[{"href":"https:\/\/www.kiwanis.be\/fr\/wp-json\/wp\/v2\/media?parent=7467"}],"curies":[{"name":"wp","href":"https:\/\/api.w.org\/{rel}","templated":true}]}}