{"id":7462,"date":"2022-12-17T11:14:39","date_gmt":"2022-12-17T11:14:39","guid":{"rendered":"https:\/\/kiwanis.testgyta.be\/activites\/activites-sociales\/une-semaine-a-la-mer\/"},"modified":"2023-01-02T15:24:29","modified_gmt":"2023-01-02T15:24:29","slug":"une-semaine-a-la-mer","status":"publish","type":"page","link":"https:\/\/www.kiwanis.be\/fr\/activites\/activites-sociales\/une-semaine-a-la-mer\/","title":{"rendered":"UNE SEMAINE \u00c0 LA MER"},"content":{"rendered":"\t\t<div data-elementor-type=\"wp-page\" data-elementor-id=\"7462\" class=\"elementor elementor-7462 elementor-975\" data-elementor-post-type=\"page\">\n\t\t\t\t\t\t<section class=\"elementor-section elementor-top-section elementor-element elementor-element-36aa889e elementor-section-boxed elementor-section-height-default elementor-section-height-default\" data-id=\"36aa889e\" data-element_type=\"section\" data-settings=\"{&quot;background_background&quot;:&quot;classic&quot;}\">\n\t\t\t\t\t\t\t<div class=\"elementor-background-overlay\"><\/div>\n\t\t\t\t\t\t\t<div class=\"elementor-container elementor-column-gap-no\">\n\t\t\t\t\t<div class=\"elementor-column elementor-col-100 elementor-top-column elementor-element elementor-element-6c478722\" data-id=\"6c478722\" data-element_type=\"column\" data-settings=\"{&quot;background_background&quot;:&quot;classic&quot;}\">\n\t\t\t<div class=\"elementor-widget-wrap elementor-element-populated\">\n\t\t\t\t\t\t<div class=\"elementor-element elementor-element-5a512ab1 elementor-widget elementor-widget-heading\" data-id=\"5a512ab1\" data-element_type=\"widget\" data-widget_type=\"heading.default\">\n\t\t\t\t<div class=\"elementor-widget-container\">\n\t\t\t\t\t<h1 class=\"elementor-heading-title elementor-size-default\">KINDEREN AAN ZEE<\/h1>\t\t\t\t<\/div>\n\t\t\t\t<\/div>\n\t\t\t\t\t<\/div>\n\t\t<\/div>\n\t\t\t\t\t<\/div>\n\t\t<\/section>\n\t\t\t\t<section class=\"elementor-section elementor-top-section elementor-element elementor-element-7c4a1a18 elementor-section-boxed elementor-section-height-default elementor-section-height-default\" data-id=\"7c4a1a18\" data-element_type=\"section\" data-settings=\"{&quot;background_background&quot;:&quot;classic&quot;}\">\n\t\t\t\t\t\t<div class=\"elementor-container elementor-column-gap-no\">\n\t\t\t\t\t<div class=\"elementor-column elementor-col-100 elementor-top-column elementor-element elementor-element-388c05c\" data-id=\"388c05c\" data-element_type=\"column\">\n\t\t\t<div class=\"elementor-widget-wrap elementor-element-populated\">\n\t\t\t\t\t\t<div class=\"elementor-element elementor-element-a8c8ac1 elementor-cta--layout-image-right elementor-cta--mobile-layout-image-above elementor-cta--skin-classic elementor-animated-content elementor-bg-transform elementor-bg-transform-zoom-in elementor-widget elementor-widget-call-to-action\" data-id=\"a8c8ac1\" data-element_type=\"widget\" data-widget_type=\"call-to-action.default\">\n\t\t\t\t<div class=\"elementor-widget-container\">\n\t\t\t\t\t\t\t<div class=\"elementor-cta\">\n\t\t\t\t\t<div class=\"elementor-cta__bg-wrapper\">\n\t\t\t\t<div class=\"elementor-cta__bg elementor-bg\" style=\"background-image: url(https:\/\/www.kiwanis.be\/wp-content\/uploads\/2022\/12\/week-zee.jpeg);\" role=\"img\" aria-label=\"week-zee\"><\/div>\n\t\t\t\t<div class=\"elementor-cta__bg-overlay\"><\/div>\n\t\t\t<\/div>\n\t\t\t\t\t\t\t<div class=\"elementor-cta__content\">\n\t\t\t\t\t\t\t\t\t<div class=\"elementor-content-item elementor-cta__content-item elementor-icon-wrapper elementor-cta__icon elementor-view-default\">\n\t\t\t\t\t\t<div class=\"elementor-icon\">\n\t\t\t\t\t\t\t<i aria-hidden=\"true\" class=\"fas fa-sun\"><\/i>\t\t\t\t\t\t<\/div>\n\t\t\t\t\t<\/div>\n\t\t\t\t\n\t\t\t\t\t\t\t\t\t<h1 class=\"elementor-cta__title elementor-cta__content-item elementor-content-item\">\n\t\t\t\t\t\tUNE SEMAINE \u00c0 LA MER\t\t\t\t\t<\/h1>\n\t\t\t\t\n\t\t\t\t\t\t\t\t\t<div class=\"elementor-cta__description elementor-cta__content-item elementor-content-item\">\n\t\t\t\t\t\t<p>Depuis plus de 40 ans, les clubs Kiwanis de 3 divisions (Namur &amp; Hainaut) r\u00e9alisent une action commune : envoyer plus de 225 enfants en vacances \u00e0 la mer.<\/p>\n\t\t\t\t\t<\/div>\n\t\t\t\t\n\t\t\t\t\t\t\t<\/div>\n\t\t\t\t\t\t<\/div>\n\t\t\t\t\t\t<\/div>\n\t\t\t\t<\/div>\n\t\t\t\t\t<\/div>\n\t\t<\/div>\n\t\t\t\t\t<\/div>\n\t\t<\/section>\n\t\t\t\t<section class=\"elementor-section elementor-top-section elementor-element elementor-element-72584bf elementor-section-boxed elementor-section-height-default elementor-section-height-default\" data-id=\"72584bf\" data-element_type=\"section\">\n\t\t\t\t\t\t<div class=\"elementor-container elementor-column-gap-default\">\n\t\t\t\t\t<div class=\"elementor-column elementor-col-100 elementor-top-column elementor-element elementor-element-b432d19\" data-id=\"b432d19\" data-element_type=\"column\">\n\t\t\t<div class=\"elementor-widget-wrap elementor-element-populated\">\n\t\t\t\t\t\t<div class=\"elementor-element elementor-element-0e1348e elementor-widget elementor-widget-text-editor\" data-id=\"0e1348e\" data-element_type=\"widget\" data-widget_type=\"text-editor.default\">\n\t\t\t\t<div class=\"elementor-widget-container\">\n\t\t\t\t\t\t\t\t\t<p>Ce voyage se d\u00e9roule traditionnellement durant les vacances de P\u00e2ques. Elle permet chaque ann\u00e9e \u00e0 certains de ces enfants de d\u00e9couvrir la mer pour la premi\u00e8re fois et de vivre une exp\u00e9rience inoubliable.<\/p>\n\t\t\t\t\t\t\t\t<\/div>\n\t\t\t\t<\/div>\n\t\t\t\t\t<\/div>\n\t\t<\/div>\n\t\t\t\t\t<\/div>\n\t\t<\/section>\n\t\t\t\t<\/div>\n\t\t","protected":false},"excerpt":{"rendered":"<p>KINDEREN AAN ZEE UNE SEMAINE \u00c0 LA MER Depuis plus de 40 ans, les clubs Kiwanis de 3 divisions (Namur &amp; Hainaut) r\u00e9alisent une action commune : envoyer plus de [&hellip;]<\/p>\n","protected":false},"author":1,"featured_media":0,"parent":7457,"menu_order":0,"comment_status":"closed","ping_status":"closed","template":"elementor_header_footer","meta":{"_acf_changed":false,"footnotes":""},"class_list":["post-7462","page","type-page","status-publish","hentry"],"acf":[],"_links":{"self":[{"href":"https:\/\/www.kiwanis.be\/fr\/wp-json\/wp\/v2\/pages\/7462","targetHints":{"allow":["GET"]}}],"collection":[{"href":"https:\/\/www.kiwanis.be\/fr\/wp-json\/wp\/v2\/pages"}],"about":[{"href":"https:\/\/www.kiwanis.be\/fr\/wp-json\/wp\/v2\/types\/page"}],"author":[{"embeddable":true,"href":"https:\/\/www.kiwanis.be\/fr\/wp-json\/wp\/v2\/users\/1"}],"replies":[{"embeddable":true,"href":"https:\/\/www.kiwanis.be\/fr\/wp-json\/wp\/v2\/comments?post=7462"}],"version-history":[{"count":0,"href":"https:\/\/www.kiwanis.be\/fr\/wp-json\/wp\/v2\/pages\/7462\/revisions"}],"up":[{"embeddable":true,"href":"https:\/\/www.kiwanis.be\/fr\/wp-json\/wp\/v2\/pages\/7457"}],"wp:attachment":[{"href":"https:\/\/www.kiwanis.be\/fr\/wp-json\/wp\/v2\/media?parent=7462"}],"curies":[{"name":"wp","href":"https:\/\/api.w.org\/{rel}","templated":true}]}}