{"id":7410,"date":"2022-12-10T13:02:53","date_gmt":"2022-12-10T12:02:53","guid":{"rendered":"https:\/\/kiwanis.testgyta.be\/historique\/"},"modified":"2024-03-11T15:50:55","modified_gmt":"2024-03-11T14:50:55","slug":"historique","status":"publish","type":"page","link":"https:\/\/www.kiwanis.be\/fr\/historique\/","title":{"rendered":"Historique"},"content":{"rendered":"\t\t<div data-elementor-type=\"wp-page\" data-elementor-id=\"7410\" class=\"elementor elementor-7410 elementor-342\" data-elementor-post-type=\"page\">\n\t\t\t\t\t\t<section class=\"elementor-section elementor-top-section elementor-element elementor-element-36aa889e elementor-section-boxed elementor-section-height-default elementor-section-height-default\" data-id=\"36aa889e\" data-element_type=\"section\" data-settings=\"{&quot;background_background&quot;:&quot;classic&quot;}\">\n\t\t\t\t\t\t\t<div class=\"elementor-background-overlay\"><\/div>\n\t\t\t\t\t\t\t<div class=\"elementor-container elementor-column-gap-no\">\n\t\t\t\t\t<div class=\"elementor-column elementor-col-100 elementor-top-column elementor-element elementor-element-6c478722\" data-id=\"6c478722\" data-element_type=\"column\" data-settings=\"{&quot;background_background&quot;:&quot;classic&quot;}\">\n\t\t\t<div class=\"elementor-widget-wrap elementor-element-populated\">\n\t\t\t\t\t\t<div class=\"elementor-element elementor-element-5a512ab1 elementor-widget elementor-widget-heading\" data-id=\"5a512ab1\" data-element_type=\"widget\" data-widget_type=\"heading.default\">\n\t\t\t\t<div class=\"elementor-widget-container\">\n\t\t\t\t\t<h1 class=\"elementor-heading-title elementor-size-default\">Historique<\/h1>\t\t\t\t<\/div>\n\t\t\t\t<\/div>\n\t\t\t\t\t<\/div>\n\t\t<\/div>\n\t\t\t\t\t<\/div>\n\t\t<\/section>\n\t\t\t\t<section class=\"elementor-section elementor-top-section elementor-element elementor-element-7c4a1a18 elementor-section-boxed elementor-section-height-default elementor-section-height-default\" data-id=\"7c4a1a18\" data-element_type=\"section\" data-settings=\"{&quot;background_background&quot;:&quot;classic&quot;}\">\n\t\t\t\t\t\t<div class=\"elementor-container elementor-column-gap-no\">\n\t\t\t\t\t<div class=\"elementor-column elementor-col-100 elementor-top-column elementor-element elementor-element-388c05c\" data-id=\"388c05c\" data-element_type=\"column\">\n\t\t\t<div class=\"elementor-widget-wrap elementor-element-populated\">\n\t\t\t\t\t\t<section class=\"elementor-section elementor-inner-section elementor-element elementor-element-2f123b5d elementor-section-boxed elementor-section-height-default elementor-section-height-default\" data-id=\"2f123b5d\" data-element_type=\"section\">\n\t\t\t\t\t\t<div class=\"elementor-container elementor-column-gap-no\">\n\t\t\t\t\t<div class=\"elementor-column elementor-col-100 elementor-inner-column elementor-element elementor-element-6ac4d71c\" data-id=\"6ac4d71c\" data-element_type=\"column\">\n\t\t\t<div class=\"elementor-widget-wrap elementor-element-populated\">\n\t\t\t\t\t\t<div class=\"elementor-element elementor-element-48cffcc4 elementor-widget elementor-widget-heading\" data-id=\"48cffcc4\" data-element_type=\"widget\" data-widget_type=\"heading.default\">\n\t\t\t\t<div class=\"elementor-widget-container\">\n\t\t\t\t\t<h3 class=\"elementor-heading-title elementor-size-default\">L'HISTOIRE DU KIWANIS BELGIUM LUXEMBOURG<\/h3>\t\t\t\t<\/div>\n\t\t\t\t<\/div>\n\t\t\t\t<div class=\"elementor-element elementor-element-447d2404 elementor-widget elementor-widget-text-editor\" data-id=\"447d2404\" data-element_type=\"widget\" data-widget_type=\"text-editor.default\">\n\t\t\t\t<div class=\"elementor-widget-container\">\n\t\t\t\t\t\t\t\t\t<p>En Belgique, tout a commenc\u00e9 en 1963 lorsque Henri Janssens et No\u00ebl Anselot ont donn\u00e9 le coup d\u2019envoi du premier club Kiwanis belge au restaurant Ravenstein \u00e0 Bruxelles. Le club, dont le parrain est le Kiwanis Los Angeles, est nomm\u00e9 Kiwanis Club no 1 et constitue, avec Vienne, le premier \u00e9tablissement Kiwanis en Europe.<\/p><p>Le district de Belgique-Luxembourg comporte 192<span class=\"xapple-converted-space\">\u00a0<\/span>clubs avec pr\u00e8s de 3.900\u00a0membres qui prestent ensemble<span class=\"xapple-converted-space\">\u00a0<\/span>185.000heures de travail b\u00e9n\u00e9vole chaque ann\u00e9e. En plus de r\u00e9colter environ<span class=\"xapple-converted-space\">\u00a0<b> <\/b><\/span>3.700.000 \u20ac\u00a0\u00a0de fonds revers\u00e9s \u00e0 des projets cibl\u00e9s.<\/p><p>Le district a \u00e9t\u00e9 le berceau des poup\u00e9es Kiwanis en chiffon, des grandes poup\u00e9es K-Dolls, d\u2019une collaboration intense avec Special Olympics Belgium et de nombreuses initiatives dans le domaine de l\u2019aide mentale et mat\u00e9rielle aux enfants.<\/p><p><a href=\"https:\/\/www.kiwanis.be\/wp-content\/uploads\/2022\/12\/KIWANISHISTORY.pdf\" target=\"_blank\" rel=\"noopener\">History of Kiwanis Belgium-Luxembourg<\/a><\/p>\t\t\t\t\t\t\t\t<\/div>\n\t\t\t\t<\/div>\n\t\t\t\t\t<\/div>\n\t\t<\/div>\n\t\t\t\t\t<\/div>\n\t\t<\/section>\n\t\t\t\t\t<\/div>\n\t\t<\/div>\n\t\t\t\t\t<\/div>\n\t\t<\/section>\n\t\t\t\t<\/div>\n\t\t","protected":false},"excerpt":{"rendered":"<p>Historique L&rsquo;HISTOIRE DU KIWANIS BELGIUM LUXEMBOURG En Belgique, tout a commenc\u00e9 en 1963 lorsque Henri Janssens et No\u00ebl Anselot ont donn\u00e9 le coup d\u2019envoi du premier club Kiwanis belge au [&hellip;]<\/p>\n","protected":false},"author":1,"featured_media":0,"parent":0,"menu_order":0,"comment_status":"closed","ping_status":"closed","template":"elementor_header_footer","meta":{"_acf_changed":false,"footnotes":""},"class_list":["post-7410","page","type-page","status-publish","hentry"],"acf":[],"_links":{"self":[{"href":"https:\/\/www.kiwanis.be\/fr\/wp-json\/wp\/v2\/pages\/7410","targetHints":{"allow":["GET"]}}],"collection":[{"href":"https:\/\/www.kiwanis.be\/fr\/wp-json\/wp\/v2\/pages"}],"about":[{"href":"https:\/\/www.kiwanis.be\/fr\/wp-json\/wp\/v2\/types\/page"}],"author":[{"embeddable":true,"href":"https:\/\/www.kiwanis.be\/fr\/wp-json\/wp\/v2\/users\/1"}],"replies":[{"embeddable":true,"href":"https:\/\/www.kiwanis.be\/fr\/wp-json\/wp\/v2\/comments?post=7410"}],"version-history":[{"count":6,"href":"https:\/\/www.kiwanis.be\/fr\/wp-json\/wp\/v2\/pages\/7410\/revisions"}],"predecessor-version":[{"id":35061,"href":"https:\/\/www.kiwanis.be\/fr\/wp-json\/wp\/v2\/pages\/7410\/revisions\/35061"}],"wp:attachment":[{"href":"https:\/\/www.kiwanis.be\/fr\/wp-json\/wp\/v2\/media?parent=7410"}],"curies":[{"name":"wp","href":"https:\/\/api.w.org\/{rel}","templated":true}]}}