{"id":7402,"date":"2022-12-09T18:38:22","date_gmt":"2022-12-09T17:38:22","guid":{"rendered":"https:\/\/kiwanis.testgyta.be\/nos-valeurs\/"},"modified":"2025-03-25T11:04:51","modified_gmt":"2025-03-25T10:04:51","slug":"nos-valeurs","status":"publish","type":"page","link":"https:\/\/www.kiwanis.be\/fr\/nos-valeurs\/","title":{"rendered":"Nos valeurs"},"content":{"rendered":"\t\t<div data-elementor-type=\"wp-page\" data-elementor-id=\"7402\" class=\"elementor elementor-7402 elementor-326\" data-elementor-post-type=\"page\">\n\t\t\t\t\t\t<section class=\"elementor-section elementor-top-section elementor-element elementor-element-36aa889e elementor-section-boxed elementor-section-height-default elementor-section-height-default\" data-id=\"36aa889e\" data-element_type=\"section\" data-settings=\"{&quot;background_background&quot;:&quot;classic&quot;}\">\n\t\t\t\t\t\t\t<div class=\"elementor-background-overlay\"><\/div>\n\t\t\t\t\t\t\t<div class=\"elementor-container elementor-column-gap-no\">\n\t\t\t\t\t<div class=\"elementor-column elementor-col-100 elementor-top-column elementor-element elementor-element-6c478722\" data-id=\"6c478722\" data-element_type=\"column\" data-settings=\"{&quot;background_background&quot;:&quot;classic&quot;}\">\n\t\t\t<div class=\"elementor-widget-wrap elementor-element-populated\">\n\t\t\t\t\t\t<div class=\"elementor-element elementor-element-5a512ab1 elementor-widget elementor-widget-heading\" data-id=\"5a512ab1\" data-element_type=\"widget\" data-widget_type=\"heading.default\">\n\t\t\t\t<div class=\"elementor-widget-container\">\n\t\t\t\t\t<h1 class=\"elementor-heading-title elementor-size-default\">Nos valeurs  <\/h1>\t\t\t\t<\/div>\n\t\t\t\t<\/div>\n\t\t\t\t\t<\/div>\n\t\t<\/div>\n\t\t\t\t\t<\/div>\n\t\t<\/section>\n\t\t\t\t<section class=\"elementor-section elementor-top-section elementor-element elementor-element-7c4a1a18 elementor-section-boxed elementor-section-height-default elementor-section-height-default\" data-id=\"7c4a1a18\" data-element_type=\"section\" data-settings=\"{&quot;background_background&quot;:&quot;classic&quot;}\">\n\t\t\t\t\t\t<div class=\"elementor-container elementor-column-gap-no\">\n\t\t\t\t\t<div class=\"elementor-column elementor-col-100 elementor-top-column elementor-element elementor-element-388c05c\" data-id=\"388c05c\" data-element_type=\"column\">\n\t\t\t<div class=\"elementor-widget-wrap elementor-element-populated\">\n\t\t\t\t\t\t<section class=\"elementor-section elementor-inner-section elementor-element elementor-element-2f123b5d elementor-section-boxed elementor-section-height-default elementor-section-height-default\" data-id=\"2f123b5d\" data-element_type=\"section\">\n\t\t\t\t\t\t<div class=\"elementor-container elementor-column-gap-no\">\n\t\t\t\t\t<div class=\"elementor-column elementor-col-100 elementor-inner-column elementor-element elementor-element-6ac4d71c\" data-id=\"6ac4d71c\" data-element_type=\"column\">\n\t\t\t<div class=\"elementor-widget-wrap elementor-element-populated\">\n\t\t\t\t\t\t<div class=\"elementor-element elementor-element-48cffcc4 elementor-widget elementor-widget-heading\" data-id=\"48cffcc4\" data-element_type=\"widget\" data-widget_type=\"heading.default\">\n\t\t\t\t<div class=\"elementor-widget-container\">\n\t\t\t\t\t<h2 class=\"elementor-heading-title elementor-size-default\">LES 6 VALEURS FONDAMENTALES DU KIWANIS<\/h2>\t\t\t\t<\/div>\n\t\t\t\t<\/div>\n\t\t\t\t<div class=\"elementor-element elementor-element-447d2404 elementor-widget elementor-widget-text-editor\" data-id=\"447d2404\" data-element_type=\"widget\" data-widget_type=\"text-editor.default\">\n\t\t\t\t<div class=\"elementor-widget-container\">\n\t\t\t\t\t\t\t\t\t<p>Le Kiwanis est une philosophie, reposant sur un certain nombre de valeurs fondamentales qui forment la base de notre mouvement et qui nous distinguent de toutes les autres associations!<\/p><p>Ces valeurs fondamentales ont \u00e9t\u00e9 r\u00e9dig\u00e9es il y a 100 ans et sont aujourd\u2019hui, dans le monde o\u00f9 nous vivons, plus actuelles que jamais.<\/p>\t\t\t\t\t\t\t\t<\/div>\n\t\t\t\t<\/div>\n\t\t\t\t\t<\/div>\n\t\t<\/div>\n\t\t\t\t\t<\/div>\n\t\t<\/section>\n\t\t\t\t\t<\/div>\n\t\t<\/div>\n\t\t\t\t\t<\/div>\n\t\t<\/section>\n\t\t<div class=\"elementor-element elementor-element-61064e7 e-flex e-con-boxed e-con e-parent\" data-id=\"61064e7\" data-element_type=\"container\">\n\t\t\t\t\t<div class=\"e-con-inner\">\n\t\t\t\t<div class=\"elementor-element elementor-element-43aefc7 elementor-widget elementor-widget-heading\" data-id=\"43aefc7\" data-element_type=\"widget\" data-widget_type=\"heading.default\">\n\t\t\t\t<div class=\"elementor-widget-container\">\n\t\t\t\t\t<h3 class=\"elementor-heading-title elementor-size-default\">1. Les valeurs humaines plut\u00f4t que les int\u00e9r\u00eats mat\u00e9riels<\/h3>\t\t\t\t<\/div>\n\t\t\t\t<\/div>\n\t\t\t\t<div class=\"elementor-element elementor-element-7e54256 elementor-widget elementor-widget-text-editor\" data-id=\"7e54256\" data-element_type=\"widget\" data-widget_type=\"text-editor.default\">\n\t\t\t\t<div class=\"elementor-widget-container\">\n\t\t\t\t\t\t\t\t\t<p>Au Kiwanis, nous pensons que la vraie valeur r\u00e9side dans le d\u00e9veloppement humain et spirituel. Le respect, l&#8217;empathie et la coop\u00e9ration sont au centre de nos pr\u00e9occupations &#8211; toujours au-dessus du gain mat\u00e9riel ou de l&rsquo;ambition personnelle. <\/p>\t\t\t\t\t\t\t\t<\/div>\n\t\t\t\t<\/div>\n\t\t\t\t<div class=\"elementor-element elementor-element-8925109 elementor-widget elementor-widget-heading\" data-id=\"8925109\" data-element_type=\"widget\" data-widget_type=\"heading.default\">\n\t\t\t\t<div class=\"elementor-widget-container\">\n\t\t\t\t\t<h3 class=\"elementor-heading-title elementor-size-default\">2. Vivre selon la r\u00e8gle d'or<\/h3>\t\t\t\t<\/div>\n\t\t\t\t<\/div>\n\t\t\t\t<div class=\"elementor-element elementor-element-2c483f7 elementor-widget elementor-widget-text-editor\" data-id=\"2c483f7\" data-element_type=\"widget\" data-widget_type=\"text-editor.default\">\n\t\t\t\t<div class=\"elementor-widget-container\">\n\t\t\t\t\t\t\t\t\t<p>La base de notre fonctionnement est simple mais puissante :<br data-start=\"797\" data-end=\"800\"><strong data-start=\"800\" data-end=\"858\">\u00ab\u00a0Traitez les autres comme vous aimeriez \u00eatre trait\u00e9 vous-m\u00eame<\/strong>\u00ab\u00a0.<br data-start=\"858\" data-end=\"861\">Cette r\u00e8gle universelle est au c\u0153ur de notre engagement, dans chaque contact et dans chaque action.<\/p>\t\t\t\t\t\t\t\t<\/div>\n\t\t\t\t<\/div>\n\t\t\t\t<div class=\"elementor-element elementor-element-2c5c694 elementor-widget elementor-widget-heading\" data-id=\"2c5c694\" data-element_type=\"widget\" data-widget_type=\"heading.default\">\n\t\t\t\t<div class=\"elementor-widget-container\">\n\t\t\t\t\t<h3 class=\"elementor-heading-title elementor-size-default\">3. Des normes \u00e9thiques et professionnelles \u00e9lev\u00e9es<\/h3>\t\t\t\t<\/div>\n\t\t\t\t<\/div>\n\t\t\t\t<div class=\"elementor-element elementor-element-724aaf5 elementor-widget elementor-widget-text-editor\" data-id=\"724aaf5\" data-element_type=\"widget\" data-widget_type=\"text-editor.default\">\n\t\t\t\t<div class=\"elementor-widget-container\">\n\t\t\t\t\t\t\t\t\t<p class=\"\" data-start=\"1012\" data-end=\"1209\">Nous nous engageons \u00e0 faire preuve d&rsquo;honn\u00eatet\u00e9, de transparence et d&rsquo;int\u00e9grit\u00e9, tant dans notre travail que dans nos relations mutuelles. Nous encourageons nos membres \u00e0 donner l&rsquo;exemple dans leur vie quotidienne. <\/p>\t\t\t\t\t\t\t\t<\/div>\n\t\t\t\t<\/div>\n\t\t\t\t<div class=\"elementor-element elementor-element-713040e elementor-widget elementor-widget-heading\" data-id=\"713040e\" data-element_type=\"widget\" data-widget_type=\"heading.default\">\n\t\t\t\t<div class=\"elementor-widget-container\">\n\t\t\t\t\t<h3 class=\"elementor-heading-title elementor-size-default\">4. Contribution active \u00e0 une soci\u00e9t\u00e9 meilleure<\/h3>\t\t\t\t<\/div>\n\t\t\t\t<\/div>\n\t\t\t\t<div class=\"elementor-element elementor-element-181dcd8 elementor-widget elementor-widget-text-editor\" data-id=\"181dcd8\" data-element_type=\"widget\" data-widget_type=\"text-editor.default\">\n\t\t\t\t<div class=\"elementor-widget-container\">\n\t\t\t\t\t\t\t\t\t<p class=\"\" data-start=\"1275\" data-end=\"1444\">Les mots sont importants, mais ce sont les actes qui font la diff\u00e9rence. Par des actions concr\u00e8tes, nous voulons avoir un impact positif sur notre environnement et sur l&rsquo;avenir des enfants du monde entier. <\/p>\t\t\t\t\t\t\t\t<\/div>\n\t\t\t\t<\/div>\n\t\t\t\t<div class=\"elementor-element elementor-element-6a5662e elementor-widget elementor-widget-heading\" data-id=\"6a5662e\" data-element_type=\"widget\" data-widget_type=\"heading.default\">\n\t\t\t\t<div class=\"elementor-widget-container\">\n\t\t\t\t\t<h3 class=\"elementor-heading-title elementor-size-default\">5. Amiti\u00e9 et engagement d\u00e9sint\u00e9ress\u00e9<\/h3>\t\t\t\t<\/div>\n\t\t\t\t<\/div>\n\t\t\t\t<div class=\"elementor-element elementor-element-f8b857a elementor-widget elementor-widget-text-editor\" data-id=\"f8b857a\" data-element_type=\"widget\" data-widget_type=\"text-editor.default\">\n\t\t\t\t<div class=\"elementor-widget-container\">\n\t\t\t\t\t\t\t\t\t<p>Au sein du Kiwanis, nous construisons des amiti\u00e9s durables bas\u00e9es sur la confiance et des valeurs partag\u00e9es. Ensemble, nous nous consacrons aux autres de mani\u00e8re d\u00e9sint\u00e9ress\u00e9e &#8211; c&rsquo;est notre force. <\/p>\t\t\t\t\t\t\t\t<\/div>\n\t\t\t\t<\/div>\n\t\t\t\t<div class=\"elementor-element elementor-element-a42fcd6 elementor-widget elementor-widget-heading\" data-id=\"a42fcd6\" data-element_type=\"widget\" data-widget_type=\"heading.default\">\n\t\t\t\t<div class=\"elementor-widget-container\">\n\t\t\t\t\t<h3 class=\"elementor-heading-title elementor-size-default\">6. Travailler ensemble pour l'\u00e9quit\u00e9 et la solidarit\u00e9<\/h3>\t\t\t\t<\/div>\n\t\t\t\t<\/div>\n\t\t\t\t\t<\/div>\n\t\t\t\t<\/div>\n\t\t<div class=\"elementor-element elementor-element-1aa2d58 e-flex e-con-boxed e-con e-parent\" data-id=\"1aa2d58\" data-element_type=\"container\">\n\t\t\t\t\t<div class=\"e-con-inner\">\n\t\t\t\t<div class=\"elementor-element elementor-element-a77392b elementor-widget elementor-widget-text-editor\" data-id=\"a77392b\" data-element_type=\"widget\" data-widget_type=\"text-editor.default\">\n\t\t\t\t<div class=\"elementor-widget-container\">\n\t\t\t\t\t\t\t\t\t<p>Nous croyons en des id\u00e9aux honn\u00eates tels que la justice, la solidarit\u00e9, le patriotisme et la bonne volont\u00e9. Ces valeurs nous relient et nous incitent \u00e0 construire ensemble une soci\u00e9t\u00e9 plus chaleureuse et plus solidaire. <\/p>\t\t\t\t\t\t\t\t<\/div>\n\t\t\t\t<\/div>\n\t\t\t\t\t<\/div>\n\t\t\t\t<\/div>\n\t\t<div class=\"elementor-element elementor-element-f235df5 e-flex e-con-boxed e-con e-parent\" data-id=\"f235df5\" data-element_type=\"container\">\n\t\t\t\t\t<div class=\"e-con-inner\">\n\t\t\t\t<div class=\"elementor-element elementor-element-431ab4b elementor-widget-divider--view-line elementor-widget elementor-widget-divider\" data-id=\"431ab4b\" data-element_type=\"widget\" data-widget_type=\"divider.default\">\n\t\t\t\t<div class=\"elementor-widget-container\">\n\t\t\t\t\t\t\t<div class=\"elementor-divider\">\n\t\t\t<span class=\"elementor-divider-separator\">\n\t\t\t\t\t\t<\/span>\n\t\t<\/div>\n\t\t\t\t\t\t<\/div>\n\t\t\t\t<\/div>\n\t\t\t\t<div class=\"elementor-element elementor-element-cd95ebe elementor-widget elementor-widget-text-editor\" data-id=\"cd95ebe\" data-element_type=\"widget\" data-widget_type=\"text-editor.default\">\n\t\t\t\t<div class=\"elementor-widget-container\">\n\t\t\t\t\t\t\t\t\t<p>Nos valeurs sont au c\u0153ur de tout ce que nous faisons au Kiwanis. Nous les concr\u00e9tisons chaque jour \u00e0 travers nos <a href=\"https:\/\/www.kiwanis.be\/fr\/activites\/\">projets et activit\u00e9s sociales<\/a>, mais aussi dans la mani\u00e8re dont nous travaillons ensemble et mettons les gens en relation. <\/p><p>Vous vous sentez attir\u00e9 par notre mission ? <a href=\"https:\/\/www.kiwanis.be\/fr\/fonder-un-club\/\">D\u00e9couvrez comment vous pouvez cr\u00e9er votre propre club<\/a> ou consultez bient\u00f4t notre nouvelle page sur l&rsquo;<strong>affiliation<\/strong>. Ensemble, nous faisons vraiment la diff\u00e9rence. <\/p>\t\t\t\t\t\t\t\t<\/div>\n\t\t\t\t<\/div>\n\t\t\t\t\t<\/div>\n\t\t\t\t<\/div>\n\t\t<div class=\"elementor-element elementor-element-e664495 e-flex e-con-boxed e-con e-parent\" data-id=\"e664495\" data-element_type=\"container\">\n\t\t\t\t\t<div class=\"e-con-inner\">\n\t\t\t\t\t<\/div>\n\t\t\t\t<\/div>\n\t\t\t\t<\/div>\n\t\t","protected":false},"excerpt":{"rendered":"<p>Nos valeurs LES 6 VALEURS FONDAMENTALES DU KIWANIS Le Kiwanis est une philosophie, reposant sur un certain nombre de valeurs fondamentales qui forment la base de notre mouvement et qui [&hellip;]<\/p>\n","protected":false},"author":1,"featured_media":0,"parent":0,"menu_order":0,"comment_status":"closed","ping_status":"closed","template":"elementor_header_footer","meta":{"_acf_changed":false,"footnotes":""},"class_list":["post-7402","page","type-page","status-publish","hentry"],"acf":[],"_links":{"self":[{"href":"https:\/\/www.kiwanis.be\/fr\/wp-json\/wp\/v2\/pages\/7402","targetHints":{"allow":["GET"]}}],"collection":[{"href":"https:\/\/www.kiwanis.be\/fr\/wp-json\/wp\/v2\/pages"}],"about":[{"href":"https:\/\/www.kiwanis.be\/fr\/wp-json\/wp\/v2\/types\/page"}],"author":[{"embeddable":true,"href":"https:\/\/www.kiwanis.be\/fr\/wp-json\/wp\/v2\/users\/1"}],"replies":[{"embeddable":true,"href":"https:\/\/www.kiwanis.be\/fr\/wp-json\/wp\/v2\/comments?post=7402"}],"version-history":[{"count":2,"href":"https:\/\/www.kiwanis.be\/fr\/wp-json\/wp\/v2\/pages\/7402\/revisions"}],"predecessor-version":[{"id":46165,"href":"https:\/\/www.kiwanis.be\/fr\/wp-json\/wp\/v2\/pages\/7402\/revisions\/46165"}],"wp:attachment":[{"href":"https:\/\/www.kiwanis.be\/fr\/wp-json\/wp\/v2\/media?parent=7402"}],"curies":[{"name":"wp","href":"https:\/\/api.w.org\/{rel}","templated":true}]}}