{"id":7391,"date":"2022-12-08T17:09:26","date_gmt":"2022-12-08T16:09:26","guid":{"rendered":"https:\/\/kiwanis.testgyta.be\/a-propos\/"},"modified":"2024-03-11T15:58:01","modified_gmt":"2024-03-11T14:58:01","slug":"a-propos","status":"publish","type":"page","link":"https:\/\/www.kiwanis.be\/fr\/a-propos\/","title":{"rendered":"A propos"},"content":{"rendered":"\t\t<div data-elementor-type=\"wp-page\" data-elementor-id=\"7391\" class=\"elementor elementor-7391 elementor-244\" data-elementor-post-type=\"page\">\n\t\t\t\t\t\t<section class=\"elementor-section elementor-top-section elementor-element elementor-element-36aa889e elementor-section-boxed elementor-section-height-default elementor-section-height-default\" data-id=\"36aa889e\" data-element_type=\"section\" data-settings=\"{&quot;background_background&quot;:&quot;classic&quot;}\">\n\t\t\t\t\t\t\t<div class=\"elementor-background-overlay\"><\/div>\n\t\t\t\t\t\t\t<div class=\"elementor-container elementor-column-gap-no\">\n\t\t\t\t\t<div class=\"elementor-column elementor-col-100 elementor-top-column elementor-element elementor-element-6c478722\" data-id=\"6c478722\" data-element_type=\"column\" data-settings=\"{&quot;background_background&quot;:&quot;classic&quot;}\">\n\t\t\t<div class=\"elementor-widget-wrap elementor-element-populated\">\n\t\t\t\t\t\t<div class=\"elementor-element elementor-element-5a512ab1 elementor-widget elementor-widget-heading\" data-id=\"5a512ab1\" data-element_type=\"widget\" data-widget_type=\"heading.default\">\n\t\t\t\t<div class=\"elementor-widget-container\">\n\t\t\t\t\t<h1 class=\"elementor-heading-title elementor-size-default\">A PROPOS<\/h1>\t\t\t\t<\/div>\n\t\t\t\t<\/div>\n\t\t\t\t\t<\/div>\n\t\t<\/div>\n\t\t\t\t\t<\/div>\n\t\t<\/section>\n\t\t\t\t<section class=\"elementor-section elementor-top-section elementor-element elementor-element-7c4a1a18 elementor-section-boxed elementor-section-height-default elementor-section-height-default\" data-id=\"7c4a1a18\" data-element_type=\"section\" data-settings=\"{&quot;background_background&quot;:&quot;classic&quot;}\">\n\t\t\t\t\t\t<div class=\"elementor-container elementor-column-gap-no\">\n\t\t\t\t\t<div class=\"elementor-column elementor-col-100 elementor-top-column elementor-element elementor-element-388c05c\" data-id=\"388c05c\" data-element_type=\"column\">\n\t\t\t<div class=\"elementor-widget-wrap elementor-element-populated\">\n\t\t\t\t\t\t<section class=\"elementor-section elementor-inner-section elementor-element elementor-element-2f123b5d elementor-section-boxed elementor-section-height-default elementor-section-height-default\" data-id=\"2f123b5d\" data-element_type=\"section\">\n\t\t\t\t\t\t<div class=\"elementor-container elementor-column-gap-no\">\n\t\t\t\t\t<div class=\"elementor-column elementor-col-50 elementor-inner-column elementor-element elementor-element-706c6322\" data-id=\"706c6322\" data-element_type=\"column\">\n\t\t\t<div class=\"elementor-widget-wrap elementor-element-populated\">\n\t\t\t\t\t\t<div class=\"elementor-element elementor-element-bbc0dbc elementor-widget elementor-widget-image\" data-id=\"bbc0dbc\" data-element_type=\"widget\" data-widget_type=\"image.default\">\n\t\t\t\t<div class=\"elementor-widget-container\">\n\t\t\t\t\t\t\t\t\t\t\t\t\t\t\t<img fetchpriority=\"high\" decoding=\"async\" width=\"800\" height=\"533\" src=\"https:\/\/www.kiwanis.be\/wp-content\/uploads\/2022\/12\/over-ons-top-1024x682.jpeg\" class=\"attachment-large size-large wp-image-257\" alt=\"\" srcset=\"https:\/\/www.kiwanis.be\/wp-content\/uploads\/2022\/12\/over-ons-top-1024x682.jpeg 1024w, https:\/\/www.kiwanis.be\/wp-content\/uploads\/2022\/12\/over-ons-top-300x200.jpeg 300w, https:\/\/www.kiwanis.be\/wp-content\/uploads\/2022\/12\/over-ons-top-768x512.jpeg 768w, https:\/\/www.kiwanis.be\/wp-content\/uploads\/2022\/12\/over-ons-top-600x400.jpeg 600w, https:\/\/www.kiwanis.be\/wp-content\/uploads\/2022\/12\/over-ons-top.jpeg 1535w\" sizes=\"(max-width: 800px) 100vw, 800px\" title=\"\">\t\t\t\t\t\t\t\t\t\t\t\t\t\t\t<\/div>\n\t\t\t\t<\/div>\n\t\t\t\t\t<\/div>\n\t\t<\/div>\n\t\t\t\t<div class=\"elementor-column elementor-col-50 elementor-inner-column elementor-element elementor-element-6ac4d71c\" data-id=\"6ac4d71c\" data-element_type=\"column\">\n\t\t\t<div class=\"elementor-widget-wrap elementor-element-populated\">\n\t\t\t\t\t\t<div class=\"elementor-element elementor-element-48cffcc4 elementor-widget elementor-widget-heading\" data-id=\"48cffcc4\" data-element_type=\"widget\" data-widget_type=\"heading.default\">\n\t\t\t\t<div class=\"elementor-widget-container\">\n\t\t\t\t\t<h3 class=\"elementor-heading-title elementor-size-default\">Kiwanis est une organisation b\u00e9n\u00e9vole mondiale<\/h3>\t\t\t\t<\/div>\n\t\t\t\t<\/div>\n\t\t\t\t<div class=\"elementor-element elementor-element-447d2404 elementor-widget elementor-widget-text-editor\" data-id=\"447d2404\" data-element_type=\"widget\" data-widget_type=\"text-editor.default\">\n\t\t\t\t<div class=\"elementor-widget-container\">\n\t\t\t\t\t\t\t\t\t<p>Kiwanis est une organisation mondiale de b\u00e9n\u00e9voles qui se consacre \u00e0 l\u2019am\u00e9lioration du monde, enfant par enfant et communaut\u00e9 par communaut\u00e9.<\/p>\n<p>La devise de Kiwanis est de \u201cservir les enfants du monde\u201d.<\/p>\n<p>Les volontaires Kiwanis contribuent de nombreuses mani\u00e8res au bien-\u00eatre et au d\u00e9veloppement des enfants.<\/p>\n\t\t\t\t\t\t\t\t<\/div>\n\t\t\t\t<\/div>\n\t\t\t\t\t<\/div>\n\t\t<\/div>\n\t\t\t\t\t<\/div>\n\t\t<\/section>\n\t\t\t\t\t<\/div>\n\t\t<\/div>\n\t\t\t\t\t<\/div>\n\t\t<\/section>\n\t\t\t\t<section class=\"elementor-section elementor-top-section elementor-element elementor-element-f818d45 elementor-section-boxed elementor-section-height-default elementor-section-height-default\" data-id=\"f818d45\" data-element_type=\"section\" data-settings=\"{&quot;background_background&quot;:&quot;classic&quot;}\">\n\t\t\t\t\t\t<div class=\"elementor-container elementor-column-gap-no\">\n\t\t\t\t\t<div class=\"elementor-column elementor-col-50 elementor-top-column elementor-element elementor-element-f70e0b2\" data-id=\"f70e0b2\" data-element_type=\"column\">\n\t\t\t<div class=\"elementor-widget-wrap elementor-element-populated\">\n\t\t\t\t\t\t<div class=\"elementor-element elementor-element-e2f56ee elementor-widget elementor-widget-heading\" data-id=\"e2f56ee\" data-element_type=\"widget\" data-widget_type=\"heading.default\">\n\t\t\t\t<div class=\"elementor-widget-container\">\n\t\t\t\t\t<h3 class=\"elementor-heading-title elementor-size-default\">LES SIX OBJECTIFS DE KIWANIS<\/h3>\t\t\t\t<\/div>\n\t\t\t\t<\/div>\n\t\t\t\t<div class=\"elementor-element elementor-element-5e7c524 elementor-widget elementor-widget-text-editor\" data-id=\"5e7c524\" data-element_type=\"widget\" data-widget_type=\"text-editor.default\">\n\t\t\t\t<div class=\"elementor-widget-container\">\n\t\t\t\t\t\t\t\t\t<ol>\n<li>Placer les valeurs humaines et spirituelles au-dessus des valeurs mat\u00e9rielles.<\/li>\n<li>Appliquer la r\u00e8gle d\u2019or dans la vie quotidienne : \u201cTraite les autres comme tu aimerais \u00eatre trait\u00e9 toi-m\u00eame\u201d.<\/li>\n<li>Travailler de mani\u00e8re positive sur les opportunit\u00e9s qui se pr\u00e9sentent \u00e0 vous.<\/li>\n<li>Montrez qui vous \u00eates en participant consciemment, activement et efficacement \u00e0 des projets qui peuvent contribuer \u00e0 une soci\u00e9t\u00e9 meilleure.<\/li>\n<li>Construire des amiti\u00e9s durables et pr\u00e9cieuses gr\u00e2ce \u00e0 des visites fr\u00e9quentes au club Kiwanis.<\/li>\n<li>Promouvoir la justice et la loyaut\u00e9.<\/li>\n<\/ol>\n\t\t\t\t\t\t\t\t<\/div>\n\t\t\t\t<\/div>\n\t\t\t\t\t<\/div>\n\t\t<\/div>\n\t\t\t\t<div class=\"elementor-column elementor-col-50 elementor-top-column elementor-element elementor-element-0256a09\" data-id=\"0256a09\" data-element_type=\"column\">\n\t\t\t<div class=\"elementor-widget-wrap elementor-element-populated\">\n\t\t\t\t\t\t<div class=\"elementor-element elementor-element-66ccc3e elementor-widget elementor-widget-image\" data-id=\"66ccc3e\" data-element_type=\"widget\" data-widget_type=\"image.default\">\n\t\t\t\t<div class=\"elementor-widget-container\">\n\t\t\t\t\t\t\t\t\t\t\t\t\t\t\t<img decoding=\"async\" width=\"800\" height=\"617\" src=\"https:\/\/www.kiwanis.be\/wp-content\/uploads\/2022\/12\/kids.jpeg\" class=\"attachment-large size-large wp-image-259\" alt=\"\" srcset=\"https:\/\/www.kiwanis.be\/wp-content\/uploads\/2022\/12\/kids.jpeg 800w, https:\/\/www.kiwanis.be\/wp-content\/uploads\/2022\/12\/kids-300x231.jpeg 300w, https:\/\/www.kiwanis.be\/wp-content\/uploads\/2022\/12\/kids-768x592.jpeg 768w, https:\/\/www.kiwanis.be\/wp-content\/uploads\/2022\/12\/kids-600x463.jpeg 600w\" sizes=\"(max-width: 800px) 100vw, 800px\" title=\"\">\t\t\t\t\t\t\t\t\t\t\t\t\t\t\t<\/div>\n\t\t\t\t<\/div>\n\t\t\t\t\t<\/div>\n\t\t<\/div>\n\t\t\t\t\t<\/div>\n\t\t<\/section>\n\t\t\t\t<section class=\"elementor-section elementor-top-section elementor-element elementor-element-c544e9b elementor-section-boxed elementor-section-height-default elementor-section-height-default\" data-id=\"c544e9b\" data-element_type=\"section\">\n\t\t\t\t\t\t<div class=\"elementor-container elementor-column-gap-no\">\n\t\t\t\t\t<div class=\"elementor-column elementor-col-50 elementor-top-column elementor-element elementor-element-2b7ba1b\" data-id=\"2b7ba1b\" data-element_type=\"column\">\n\t\t\t<div class=\"elementor-widget-wrap elementor-element-populated\">\n\t\t\t\t\t\t<div class=\"elementor-element elementor-element-d97e166 elementor-widget elementor-widget-image\" data-id=\"d97e166\" data-element_type=\"widget\" data-widget_type=\"image.default\">\n\t\t\t\t<div class=\"elementor-widget-container\">\n\t\t\t\t\t\t\t\t\t\t\t\t\t\t\t<img decoding=\"async\" width=\"800\" height=\"622\" src=\"https:\/\/www.kiwanis.be\/wp-content\/uploads\/2022\/12\/kids-about.jpeg\" class=\"attachment-large size-large wp-image-269\" alt=\"\" srcset=\"https:\/\/www.kiwanis.be\/wp-content\/uploads\/2022\/12\/kids-about.jpeg 800w, https:\/\/www.kiwanis.be\/wp-content\/uploads\/2022\/12\/kids-about-300x233.jpeg 300w, https:\/\/www.kiwanis.be\/wp-content\/uploads\/2022\/12\/kids-about-768x597.jpeg 768w, https:\/\/www.kiwanis.be\/wp-content\/uploads\/2022\/12\/kids-about-600x467.jpeg 600w\" sizes=\"(max-width: 800px) 100vw, 800px\" title=\"\">\t\t\t\t\t\t\t\t\t\t\t\t\t\t\t<\/div>\n\t\t\t\t<\/div>\n\t\t\t\t\t<\/div>\n\t\t<\/div>\n\t\t\t\t<div class=\"elementor-column elementor-col-50 elementor-top-column elementor-element elementor-element-96a6960\" data-id=\"96a6960\" data-element_type=\"column\">\n\t\t\t<div class=\"elementor-widget-wrap elementor-element-populated\">\n\t\t\t\t\t\t<div class=\"elementor-element elementor-element-cd91334 elementor-widget elementor-widget-heading\" data-id=\"cd91334\" data-element_type=\"widget\" data-widget_type=\"heading.default\">\n\t\t\t\t<div class=\"elementor-widget-container\">\n\t\t\t\t\t<h3 class=\"elementor-heading-title elementor-size-default\">LES CLUBS KIWANIS EN BELGIQUE ET AU GRAND-DUCH\u00c9 DE LUXEMBOURG<\/h3>\t\t\t\t<\/div>\n\t\t\t\t<\/div>\n\t\t\t\t<div class=\"elementor-element elementor-element-ab20f9e elementor-widget elementor-widget-text-editor\" data-id=\"ab20f9e\" data-element_type=\"widget\" data-widget_type=\"text-editor.default\">\n\t\t\t\t<div class=\"elementor-widget-container\">\n\t\t\t\t\t\t\t\t\t<p>Le Kiwanis Belgique-Luxembourg est organis\u00e9 en clubs et r\u00e9seaux locaux. Le premier club de service Kiwanis en Belgique a \u00e9t\u00e9 fond\u00e9 \u00e0 1963.<\/p><p>Le district de Belgique-Luxembourg comporte<span class=\"xapple-converted-space\">\u00a0<\/span>192<span class=\"xapple-converted-space\">\u00a0<\/span>clubs avec pr\u00e8s de<span class=\"xapple-converted-space\">\u00a0<\/span>3.900\u00a0membres qui prestent ensemble<span class=\"xapple-converted-space\">\u00a0<\/span>185.000heures de travail b\u00e9n\u00e9vole chaque ann\u00e9e. En plus de r\u00e9colter environ \u00a03.700.000 \u20ac\u00a0\u00a0de fonds revers\u00e9s \u00e0 des projets cibl\u00e9s.<\/p><p>Kiwanis Belgique-Luxembourg fait partie de Kiwanis International, qui a ses racines en Am\u00e9rique. Kiwanis n\u2019a pas d\u2019\u00e2ge ni de restrictions professionnelles.<\/p><p>La mentalit\u00e9 des Kiwanis : retrousser ses manches.<\/p><p>Sur la base du respect et de l\u2019amiti\u00e9 mutuelle, des hommes et des femmes se consacrent \u00e0 tendre la main aux moins fortun\u00e9s de notre soci\u00e9t\u00e9 (au niveau local ou mondial). Ensemble, ils se fixent des objectifs et collectent les fonds n\u00e9cessaires en organisant toutes sortes d\u2019\u00e9v\u00e9nements. Les actes, et non les mots, sont l\u2019une des caract\u00e9ristiques des membres des clubs Kiwanis.<\/p>\t\t\t\t\t\t\t\t<\/div>\n\t\t\t\t<\/div>\n\t\t\t\t\t<\/div>\n\t\t<\/div>\n\t\t\t\t\t<\/div>\n\t\t<\/section>\n\t\t\t\t<\/div>\n\t\t","protected":false},"excerpt":{"rendered":"<p>A PROPOS Kiwanis est une organisation b\u00e9n\u00e9vole mondiale Kiwanis est une organisation mondiale de b\u00e9n\u00e9voles qui se consacre \u00e0 l\u2019am\u00e9lioration du monde, enfant par enfant et communaut\u00e9 par communaut\u00e9. La [&hellip;]<\/p>\n","protected":false},"author":1,"featured_media":0,"parent":0,"menu_order":0,"comment_status":"closed","ping_status":"closed","template":"elementor_header_footer","meta":{"_acf_changed":false,"footnotes":""},"class_list":["post-7391","page","type-page","status-publish","hentry"],"acf":[],"_links":{"self":[{"href":"https:\/\/www.kiwanis.be\/fr\/wp-json\/wp\/v2\/pages\/7391","targetHints":{"allow":["GET"]}}],"collection":[{"href":"https:\/\/www.kiwanis.be\/fr\/wp-json\/wp\/v2\/pages"}],"about":[{"href":"https:\/\/www.kiwanis.be\/fr\/wp-json\/wp\/v2\/types\/page"}],"author":[{"embeddable":true,"href":"https:\/\/www.kiwanis.be\/fr\/wp-json\/wp\/v2\/users\/1"}],"replies":[{"embeddable":true,"href":"https:\/\/www.kiwanis.be\/fr\/wp-json\/wp\/v2\/comments?post=7391"}],"version-history":[{"count":3,"href":"https:\/\/www.kiwanis.be\/fr\/wp-json\/wp\/v2\/pages\/7391\/revisions"}],"predecessor-version":[{"id":35076,"href":"https:\/\/www.kiwanis.be\/fr\/wp-json\/wp\/v2\/pages\/7391\/revisions\/35076"}],"wp:attachment":[{"href":"https:\/\/www.kiwanis.be\/fr\/wp-json\/wp\/v2\/media?parent=7391"}],"curies":[{"name":"wp","href":"https:\/\/api.w.org\/{rel}","templated":true}]}}