{"id":52468,"date":"2025-09-12T19:45:17","date_gmt":"2025-09-12T17:45:17","guid":{"rendered":"https:\/\/www.kiwanis.be\/poupees-de-chiffon-kiwanis\/"},"modified":"2025-09-12T20:20:09","modified_gmt":"2025-09-12T18:20:09","slug":"poupees-de-chiffon-kiwanis","status":"publish","type":"page","link":"https:\/\/www.kiwanis.be\/fr\/poupees-de-chiffon-kiwanis\/","title":{"rendered":"Poup\u00e9es de chiffon Kiwanis"},"content":{"rendered":"\t\t<div data-elementor-type=\"wp-page\" data-elementor-id=\"52468\" class=\"elementor elementor-52468 elementor-52408\" data-elementor-post-type=\"page\">\n\t\t\t\t<div class=\"elementor-element elementor-element-8290c40 e-flex e-con-boxed e-con e-parent\" data-id=\"8290c40\" data-element_type=\"container\">\n\t\t\t\t\t<div class=\"e-con-inner\">\n\t\t<div class=\"elementor-element elementor-element-f25012c e-con-full e-flex e-con e-child\" data-id=\"f25012c\" data-element_type=\"container\">\n\t\t\t\t<div class=\"elementor-element elementor-element-2abbacc elementor-widget elementor-widget-text-editor\" data-id=\"2abbacc\" data-element_type=\"widget\" data-widget_type=\"text-editor.default\">\n\t\t\t\t<div class=\"elementor-widget-container\">\n\t\t\t\t\t\t\t\t\t<p class=\"p1\">Quiconque a d\u00e9j\u00e0 d\u00fb laisser un enfant \u00e0 l&rsquo;h\u00f4pital sait \u00e0 quel point c&rsquo;est \u00e9mouvant et difficile. Tous les moyens qui peuvent contribuer \u00e0 leur apporter de la s\u00e9r\u00e9nit\u00e9 doivent \u00eatre mis en \u0153uvre. C&rsquo;est pourquoi il existe, entre autres, la poup\u00e9e de chiffon Kiwanis.<\/p><p class=\"p1\">Les poup\u00e9es de chiffon Kiwanis sont une initiative bien connue du Kiwanis Belgique-Luxembourg, qui existe depuis plus de 25 ans. Ces petites poup\u00e9es en tissu constituent un outil th\u00e9rapeutique pr\u00e9cieux pour les enfants hospitalis\u00e9s. <br \/><br \/><\/p><h5 class=\"p1\">\u00c0 quoi servent les poup\u00e9es de chiffon Kiwanis ?<\/h5><p class=\"p1\">Des dizaines de milliers d&rsquo;enfants ont d\u00e9j\u00e0 tenu une poup\u00e9e de chiffon dans leurs mains et se sont amus\u00e9s \u00e0 la colorier, la dessiner et la d\u00e9corer.<\/p><p class=\"p1\">Ils peuvent personnaliser eux-m\u00eames le c\u00e2lin r\u00e9confortant et personnalis\u00e9 et c&rsquo;est aussi une fa\u00e7on ludique pour les infirmi\u00e8res d&rsquo;expliquer ce qu&rsquo;implique une proc\u00e9dure m\u00e9dicale ou un traitement. Ainsi, les enfants re\u00e7oivent de bonnes informations sur ce qui va se passer et cela les aide \u00e0 se calmer dans une situation excitante () et \u00e0 surmonter leurs sentiments de peur et d&rsquo;ins\u00e9curit\u00e9.<\/p>\t\t\t\t\t\t\t\t<\/div>\n\t\t\t\t<\/div>\n\t\t\t\t<\/div>\n\t\t<div class=\"elementor-element elementor-element-9e05a7d e-con-full e-flex e-con e-child\" data-id=\"9e05a7d\" data-element_type=\"container\">\n\t\t\t\t<div class=\"elementor-element elementor-element-b36ad6d elementor-widget elementor-widget-image\" data-id=\"b36ad6d\" data-element_type=\"widget\" data-widget_type=\"image.default\">\n\t\t\t\t<div class=\"elementor-widget-container\">\n\t\t\t\t\t\t\t\t\t\t\t\t\t\t\t<img fetchpriority=\"high\" decoding=\"async\" width=\"800\" height=\"563\" src=\"https:\/\/www.kiwanis.be\/wp-content\/uploads\/2025\/09\/lappenpoppen-1024x720.png\" class=\"attachment-large size-large wp-image-52413\" alt=\"\" srcset=\"https:\/\/www.kiwanis.be\/wp-content\/uploads\/2025\/09\/lappenpoppen-1024x720.png 1024w, https:\/\/www.kiwanis.be\/wp-content\/uploads\/2025\/09\/lappenpoppen-300x211.png 300w, https:\/\/www.kiwanis.be\/wp-content\/uploads\/2025\/09\/lappenpoppen-768x540.png 768w, https:\/\/www.kiwanis.be\/wp-content\/uploads\/2025\/09\/lappenpoppen-600x422.png 600w, https:\/\/www.kiwanis.be\/wp-content\/uploads\/2025\/09\/lappenpoppen.png 1457w\" sizes=\"(max-width: 800px) 100vw, 800px\" title=\"\">\t\t\t\t\t\t\t\t\t\t\t\t\t\t\t<\/div>\n\t\t\t\t<\/div>\n\t\t\t\t<\/div>\n\t\t\t\t\t<\/div>\n\t\t\t\t<\/div>\n\t\t<div class=\"elementor-element elementor-element-8109724 e-flex e-con-boxed e-con e-parent\" data-id=\"8109724\" data-element_type=\"container\">\n\t\t\t\t\t<div class=\"e-con-inner\">\n\t\t<div class=\"elementor-element elementor-element-9ac968d e-con-full e-flex e-con e-child\" data-id=\"9ac968d\" data-element_type=\"container\">\n\t\t\t\t<div class=\"elementor-element elementor-element-9dd042f elementor-widget elementor-widget-image\" data-id=\"9dd042f\" data-element_type=\"widget\" data-widget_type=\"image.default\">\n\t\t\t\t<div class=\"elementor-widget-container\">\n\t\t\t\t\t\t\t\t\t\t\t\t\t\t\t<img decoding=\"async\" width=\"800\" height=\"529\" src=\"https:\/\/www.kiwanis.be\/wp-content\/uploads\/2025\/09\/kiwanislappenpop-1024x677.png\" class=\"attachment-large size-large wp-image-52423\" alt=\"\" srcset=\"https:\/\/www.kiwanis.be\/wp-content\/uploads\/2025\/09\/kiwanislappenpop-1024x677.png 1024w, https:\/\/www.kiwanis.be\/wp-content\/uploads\/2025\/09\/kiwanislappenpop-300x198.png 300w, https:\/\/www.kiwanis.be\/wp-content\/uploads\/2025\/09\/kiwanislappenpop-768x508.png 768w, https:\/\/www.kiwanis.be\/wp-content\/uploads\/2025\/09\/kiwanislappenpop-600x397.png 600w, https:\/\/www.kiwanis.be\/wp-content\/uploads\/2025\/09\/kiwanislappenpop.png 1536w\" sizes=\"(max-width: 800px) 100vw, 800px\" title=\"\">\t\t\t\t\t\t\t\t\t\t\t\t\t\t\t<\/div>\n\t\t\t\t<\/div>\n\t\t\t\t<\/div>\n\t\t<div class=\"elementor-element elementor-element-28518c6 e-con-full e-flex e-con e-child\" data-id=\"28518c6\" data-element_type=\"container\">\n\t\t\t\t<div class=\"elementor-element elementor-element-3fdc9cf elementor-widget elementor-widget-text-editor\" data-id=\"3fdc9cf\" data-element_type=\"widget\" data-widget_type=\"text-editor.default\">\n\t\t\t\t<div class=\"elementor-widget-container\">\n\t\t\t\t\t\t\t\t\t<p class=\"p1\">Le personnel infirmier qui utilise les poup\u00e9es Kiwanis est tr\u00e8s enthousiaste, les trouvant inestimables et reconnaissant leur importance pour une meilleure communication.<\/p><p class=\"p1\">Le Kiwanis fait don des poup\u00e9es aux services p\u00e9diatriques des h\u00f4pitaux de Belgique et du Luxembourg. De nombreux services p\u00e9diatriques des h\u00f4pitaux belges travaillent quotidiennement avec les poup\u00e9es. <\/p><p class=\"p1\">Nous sommes forts, mais nous pouvons encore grandir. Deux tiers des services p\u00e9diatriques belges utilisent d\u00e9j\u00e0 la poup\u00e9e Kiwani, et notre objectif est de convaincre d&rsquo;autres h\u00f4pitaux.   <\/p><p> <\/p><p class=\"p1\">Pour plus d&rsquo;informations ou pour commander la poup\u00e9e de chiffon Kiwanis, veuillez contacter l&rsquo;\u00e9conomat Kiwanis (www.kiwanis.be\/shop).  <br>De plus, le district remboursera int\u00e9gralement les cent premi\u00e8res poup\u00e9es command\u00e9es par votre club.<\/p>\t\t\t\t\t\t\t\t<\/div>\n\t\t\t\t<\/div>\n\t\t\t\t<\/div>\n\t\t\t\t\t<\/div>\n\t\t\t\t<\/div>\n\t\t\t\t<\/div>\n\t\t","protected":false},"excerpt":{"rendered":"<p>Quiconque a d\u00e9j\u00e0 d\u00fb laisser un enfant \u00e0 l&rsquo;h\u00f4pital sait \u00e0 quel point c&rsquo;est \u00e9mouvant et difficile. Tous les moyens qui peuvent contribuer \u00e0 leur apporter de la s\u00e9r\u00e9nit\u00e9 doivent [&hellip;]<\/p>\n","protected":false},"author":29,"featured_media":0,"parent":0,"menu_order":0,"comment_status":"closed","ping_status":"closed","template":"","meta":{"_acf_changed":false,"footnotes":""},"class_list":["post-52468","page","type-page","status-publish","hentry"],"acf":[],"_links":{"self":[{"href":"https:\/\/www.kiwanis.be\/fr\/wp-json\/wp\/v2\/pages\/52468","targetHints":{"allow":["GET"]}}],"collection":[{"href":"https:\/\/www.kiwanis.be\/fr\/wp-json\/wp\/v2\/pages"}],"about":[{"href":"https:\/\/www.kiwanis.be\/fr\/wp-json\/wp\/v2\/types\/page"}],"author":[{"embeddable":true,"href":"https:\/\/www.kiwanis.be\/fr\/wp-json\/wp\/v2\/users\/29"}],"replies":[{"embeddable":true,"href":"https:\/\/www.kiwanis.be\/fr\/wp-json\/wp\/v2\/comments?post=52468"}],"version-history":[{"count":4,"href":"https:\/\/www.kiwanis.be\/fr\/wp-json\/wp\/v2\/pages\/52468\/revisions"}],"predecessor-version":[{"id":52475,"href":"https:\/\/www.kiwanis.be\/fr\/wp-json\/wp\/v2\/pages\/52468\/revisions\/52475"}],"wp:attachment":[{"href":"https:\/\/www.kiwanis.be\/fr\/wp-json\/wp\/v2\/media?parent=52468"}],"curies":[{"name":"wp","href":"https:\/\/api.w.org\/{rel}","templated":true}]}}