{"id":50555,"date":"2025-07-14T12:01:56","date_gmt":"2025-07-14T10:01:56","guid":{"rendered":"https:\/\/www.kiwanis.be\/programme-de-partenariat-congres-gand\/"},"modified":"2025-07-14T12:06:17","modified_gmt":"2025-07-14T10:06:17","slug":"programme-de-partenariat-congres-gand","status":"publish","type":"page","link":"https:\/\/www.kiwanis.be\/fr\/programme-de-partenariat-congres-gand\/","title":{"rendered":"Programme de partenariat congr\u00e8s Gand"},"content":{"rendered":"\t\t<div data-elementor-type=\"wp-page\" data-elementor-id=\"50555\" class=\"elementor elementor-50555 elementor-50546\" data-elementor-post-type=\"page\">\n\t\t\t\t<div class=\"elementor-element elementor-element-ea22447 e-flex e-con-boxed e-con e-parent\" data-id=\"ea22447\" data-element_type=\"container\">\n\t\t\t\t\t<div class=\"e-con-inner\">\n\t\t<div class=\"elementor-element elementor-element-fb13b55 e-con-full e-flex e-con e-child\" data-id=\"fb13b55\" data-element_type=\"container\">\n\t\t\t\t<\/div>\n\t\t<div class=\"elementor-element elementor-element-8b89733 e-con-full e-flex e-con e-child\" data-id=\"8b89733\" data-element_type=\"container\">\n\t\t\t\t<div class=\"elementor-element elementor-element-973eb7d elementor-widget elementor-widget-text-editor\" data-id=\"973eb7d\" data-element_type=\"widget\" data-widget_type=\"text-editor.default\">\n\t\t\t\t<div class=\"elementor-widget-container\">\n\t\t\t\t\t\t\t\t\t<ul style=\"font-weight: 400;\"><li>10.00 &#8211; d\u00e9part de l&rsquo;h\u00f4tel Van der Valk, transfert en voiture (ou en camionnette) vers le mus\u00e9e de l&rsquo;industrie, dur\u00e9e du trajet : 25 min<\/li><li>10.30 &#8211; 12.00 Visite guid\u00e9e du Mus\u00e9e de l&rsquo;Industrie, exposition \u00ab\u00a0sur les hommes et les machines <a href=\"https:\/\/www.industriemuseum.be\/nl\/agenda\/over-mensen-en-machines\" target=\"_blank\" rel=\"noopener\">\u00a0\u00bb https:\/\/www.industriemuseum.be\/nl\/agenda\/over-mensen-en-machines<\/a><\/li><li>12.00- 12.15 : \u00e0 pied au restaurant &lsquo;The four tables&rsquo; Plotersgracht <a href=\"https:\/\/restaurantviertafels.be\/\" target=\"_blank\" rel=\"noopener\">https:\/\/restaurantviertafels.be,<\/a> pour un d\u00e9jeuner l\u00e9ger (un plat, une boisson et un caf\u00e9) &#8211; temps de marche : 10 min<\/li><li>12.15 &#8211; 13.45 : d\u00e9jeuner<\/li><li>1345 -14.00 : \u00e0 pied jusqu&rsquo;\u00e0 la cath\u00e9drale St Baafs, temps de marche : 10 min<\/li><li>14.00 &#8211; 15.00 : visite guid\u00e9e de Lamb of God : &lsquo;AR tour&rsquo;, r\u00e9alit\u00e9 augment\u00e9e <a href=\"https:\/\/www.sintbaafskathedraal.be\/nl\/lam-gods-ar-tour\/#ID308146\" target=\"_blank\" rel=\"noopener\">https:\/\/www.sintbaafskathedraal.be\/nl\/lam-gods-ar-tour\/#ID308146<\/a><\/li><li>15.00 &#8211; 15.15 : retour \u00e0 Graslei, temps de marche : 10 min  <\/li><li>15.15- 16.45 : excursion guid\u00e9e en bateau jusqu&rsquo;au port de plaisance de Merelbeke, retour \u00e0 pied \u00e0 l&rsquo;h\u00f4tel Van der Valk (dur\u00e9e de la marche : 15 m)<\/li><\/ul><p style=\"font-weight: 400;\"> <\/p><p style=\"font-weight: 400;\">Co\u00fbt : 90\u20ac, date limite d&rsquo;inscription : 12\/09<\/p>\t\t\t\t\t\t\t\t<\/div>\n\t\t\t\t<\/div>\n\t\t\t\t<\/div>\n\t\t<div class=\"elementor-element elementor-element-64dbca2 e-con-full e-flex e-con e-child\" data-id=\"64dbca2\" data-element_type=\"container\">\n\t\t\t\t<\/div>\n\t\t\t\t\t<\/div>\n\t\t\t\t<\/div>\n\t\t\t\t<\/div>\n\t\t","protected":false},"excerpt":{"rendered":"<p>10.00 &#8211; d\u00e9part de l&rsquo;h\u00f4tel Van der Valk, transfert en voiture (ou en camionnette) vers le mus\u00e9e de l&rsquo;industrie, dur\u00e9e du trajet : 25 min 10.30 &#8211; 12.00 Visite guid\u00e9e [&hellip;]<\/p>\n","protected":false},"author":29,"featured_media":0,"parent":0,"menu_order":0,"comment_status":"closed","ping_status":"closed","template":"","meta":{"_acf_changed":false,"footnotes":""},"class_list":["post-50555","page","type-page","status-publish","hentry"],"acf":[],"_links":{"self":[{"href":"https:\/\/www.kiwanis.be\/fr\/wp-json\/wp\/v2\/pages\/50555","targetHints":{"allow":["GET"]}}],"collection":[{"href":"https:\/\/www.kiwanis.be\/fr\/wp-json\/wp\/v2\/pages"}],"about":[{"href":"https:\/\/www.kiwanis.be\/fr\/wp-json\/wp\/v2\/types\/page"}],"author":[{"embeddable":true,"href":"https:\/\/www.kiwanis.be\/fr\/wp-json\/wp\/v2\/users\/29"}],"replies":[{"embeddable":true,"href":"https:\/\/www.kiwanis.be\/fr\/wp-json\/wp\/v2\/comments?post=50555"}],"version-history":[{"count":1,"href":"https:\/\/www.kiwanis.be\/fr\/wp-json\/wp\/v2\/pages\/50555\/revisions"}],"predecessor-version":[{"id":50556,"href":"https:\/\/www.kiwanis.be\/fr\/wp-json\/wp\/v2\/pages\/50555\/revisions\/50556"}],"wp:attachment":[{"href":"https:\/\/www.kiwanis.be\/fr\/wp-json\/wp\/v2\/media?parent=50555"}],"curies":[{"name":"wp","href":"https:\/\/api.w.org\/{rel}","templated":true}]}}