{"id":49645,"date":"2025-05-16T14:06:07","date_gmt":"2025-05-16T12:06:07","guid":{"rendered":"https:\/\/www.kiwanis.be\/a-propos-du-congres\/"},"modified":"2025-06-01T22:56:03","modified_gmt":"2025-06-01T20:56:03","slug":"a-propos-du-congres","status":"publish","type":"page","link":"https:\/\/www.kiwanis.be\/fr\/a-propos-du-congres\/","title":{"rendered":"\u00c0 propos du Congr\u00e8s"},"content":{"rendered":"\t\t<div data-elementor-type=\"wp-page\" data-elementor-id=\"49645\" class=\"elementor elementor-49645 elementor-48619\" data-elementor-post-type=\"page\">\n\t\t\t\t<div class=\"elementor-element elementor-element-17d15d7 e-flex e-con-boxed e-con e-parent\" data-id=\"17d15d7\" data-element_type=\"container\">\n\t\t\t\t\t<div class=\"e-con-inner\">\n\t\t<div class=\"elementor-element elementor-element-53a27c6 e-con-full e-flex e-con e-child\" data-id=\"53a27c6\" data-element_type=\"container\">\n\t\t\t\t<div class=\"elementor-element elementor-element-5dfb335 elementor-widget elementor-widget-image\" data-id=\"5dfb335\" data-element_type=\"widget\" data-widget_type=\"image.default\">\n\t\t\t\t<div class=\"elementor-widget-container\">\n\t\t\t\t\t\t\t\t\t\t\t\t\t\t\t<img fetchpriority=\"high\" decoding=\"async\" width=\"709\" height=\"472\" src=\"https:\/\/www.kiwanis.be\/wp-content\/uploads\/2025\/05\/gent-1.png\" class=\"attachment-large size-large wp-image-48629\" alt=\"\" srcset=\"https:\/\/www.kiwanis.be\/wp-content\/uploads\/2025\/05\/gent-1.png 709w, https:\/\/www.kiwanis.be\/wp-content\/uploads\/2025\/05\/gent-1-300x200.png 300w, https:\/\/www.kiwanis.be\/wp-content\/uploads\/2025\/05\/gent-1-600x399.png 600w\" sizes=\"(max-width: 709px) 100vw, 709px\" title=\"\">\t\t\t\t\t\t\t\t\t\t\t\t\t\t\t<\/div>\n\t\t\t\t<\/div>\n\t\t\t\t<\/div>\n\t\t<div class=\"elementor-element elementor-element-9519d5a e-con-full e-flex e-con e-child\" data-id=\"9519d5a\" data-element_type=\"container\">\n\t\t\t\t<div class=\"elementor-element elementor-element-cb9b36b elementor-widget elementor-widget-image\" data-id=\"cb9b36b\" data-element_type=\"widget\" data-widget_type=\"image.default\">\n\t\t\t\t<div class=\"elementor-widget-container\">\n\t\t\t\t\t\t\t\t\t\t\t\t\t\t\t<img decoding=\"async\" width=\"709\" height=\"472\" src=\"https:\/\/www.kiwanis.be\/wp-content\/uploads\/2025\/05\/gent-3.png\" class=\"attachment-large size-large wp-image-48641\" alt=\"\" srcset=\"https:\/\/www.kiwanis.be\/wp-content\/uploads\/2025\/05\/gent-3.png 709w, https:\/\/www.kiwanis.be\/wp-content\/uploads\/2025\/05\/gent-3-300x200.png 300w, https:\/\/www.kiwanis.be\/wp-content\/uploads\/2025\/05\/gent-3-600x399.png 600w\" sizes=\"(max-width: 709px) 100vw, 709px\" title=\"\">\t\t\t\t\t\t\t\t\t\t\t\t\t\t\t<\/div>\n\t\t\t\t<\/div>\n\t\t\t\t<\/div>\n\t\t<div class=\"elementor-element elementor-element-657d530 e-con-full e-flex e-con e-child\" data-id=\"657d530\" data-element_type=\"container\">\n\t\t\t\t<div class=\"elementor-element elementor-element-2872db2 elementor-widget elementor-widget-image\" data-id=\"2872db2\" data-element_type=\"widget\" data-widget_type=\"image.default\">\n\t\t\t\t<div class=\"elementor-widget-container\">\n\t\t\t\t\t\t\t\t\t\t\t\t\t\t\t<img decoding=\"async\" width=\"709\" height=\"472\" src=\"https:\/\/www.kiwanis.be\/wp-content\/uploads\/2025\/05\/gent-2.png\" class=\"attachment-large size-large wp-image-48636\" alt=\"\" srcset=\"https:\/\/www.kiwanis.be\/wp-content\/uploads\/2025\/05\/gent-2.png 709w, https:\/\/www.kiwanis.be\/wp-content\/uploads\/2025\/05\/gent-2-300x200.png 300w, https:\/\/www.kiwanis.be\/wp-content\/uploads\/2025\/05\/gent-2-600x399.png 600w\" sizes=\"(max-width: 709px) 100vw, 709px\" title=\"\">\t\t\t\t\t\t\t\t\t\t\t\t\t\t\t<\/div>\n\t\t\t\t<\/div>\n\t\t\t\t<\/div>\n\t\t\t\t\t<\/div>\n\t\t\t\t<\/div>\n\t\t<div class=\"elementor-element elementor-element-0e54229 e-flex e-con-boxed e-con e-parent\" data-id=\"0e54229\" data-element_type=\"container\">\n\t\t\t\t\t<div class=\"e-con-inner\">\n\t\t<div class=\"elementor-element elementor-element-cc4b19a e-con-full e-flex e-con e-child\" data-id=\"cc4b19a\" data-element_type=\"container\">\n\t\t\t\t<div class=\"elementor-element elementor-element-24686fc elementor-widget elementor-widget-text-editor\" data-id=\"24686fc\" data-element_type=\"widget\" data-widget_type=\"text-editor.default\">\n\t\t\t\t<div class=\"elementor-widget-container\">\n\t\t\t\t\t\t\t\t\t<h3 class=\"p1\" style=\"text-align: center;\"><span style=\"color: #000080;\">Le Kiwanis \u00e0 votre service<\/span><\/h3>\t\t\t\t\t\t\t\t<\/div>\n\t\t\t\t<\/div>\n\t\t\t\t<\/div>\n\t\t\t\t\t<\/div>\n\t\t\t\t<\/div>\n\t\t<div class=\"elementor-element elementor-element-e9b675e e-flex e-con-boxed e-con e-parent\" data-id=\"e9b675e\" data-element_type=\"container\">\n\t\t\t\t\t<div class=\"e-con-inner\">\n\t\t<div class=\"elementor-element elementor-element-ecac057 e-con-full e-flex e-con e-child\" data-id=\"ecac057\" data-element_type=\"container\">\n\t\t\t\t<div class=\"elementor-element elementor-element-ea36774 elementor-widget elementor-widget-text-editor\" data-id=\"ea36774\" data-element_type=\"widget\" data-widget_type=\"text-editor.default\">\n\t\t\t\t<div class=\"elementor-widget-container\">\n\t\t\t\t\t\t\t\t\t<p class=\"p1\">Venez participer \u00e0 cette exp\u00e9rience annuelle unique ! Vous aurez l&rsquo;occasion de retrouver des amis, de nouer de nouvelles amiti\u00e9s avec d&rsquo;autres membres du Kiwanis, d&rsquo;apprendre et d&rsquo;\u00e9changer des id\u00e9es lors d&rsquo;ateliers et de faire entendre votre voix sur l&rsquo;avenir de l&rsquo;organisation en Belgique et au Luxembourg.<\/p><p class=\"p1\">Cette ann\u00e9e, nous nous installons \u00e0 Gand, ville natale du gouverneur Guido De Bie. Une ville qui respire l&rsquo;histoire avec ses b\u00e2timents majestueux et ses ruelles sinueuses, mais qui d\u00e9borde en m\u00eame temps de vie gr\u00e2ce aux caf\u00e9s branch\u00e9s, \u00e0 l&rsquo;art de la rue color\u00e9 et aux festivals anim\u00e9s. Gand est le m\u00e9lange parfait d&rsquo;ancien et de nouveau &#8211; un endroit o\u00f9 vous ressentez le pass\u00e9 tout en \u00e9tant totalement en phase avec le pr\u00e9sent.<\/p><p class=\"p1\">La conf\u00e9rence se d\u00e9roulera dans le MeetDistrict, un espace confortable et contemporain situ\u00e9 dans l&rsquo;ar\u00e8ne du groupe Planet \u00e0 Gand. Outre les ingr\u00e9dients familiers de nos congr\u00e8s Kiwanis, nous jetons cette ann\u00e9e un regard r\u00e9trospectif sur tout ce qui a \u00e9t\u00e9 accompli.  <\/p><p class=\"p1\"> <\/p>\t\t\t\t\t\t\t\t<\/div>\n\t\t\t\t<\/div>\n\t\t\t\t<\/div>\n\t\t<div class=\"elementor-element elementor-element-2475d83 e-con-full e-flex e-con e-child\" data-id=\"2475d83\" data-element_type=\"container\">\n\t\t\t\t<div class=\"elementor-element elementor-element-06f33b9 elementor-widget elementor-widget-text-editor\" data-id=\"06f33b9\" data-element_type=\"widget\" data-widget_type=\"text-editor.default\">\n\t\t\t\t<div class=\"elementor-widget-container\">\n\t\t\t\t\t\t\t\t\t<p class=\"p1\">Une \u00e9tape importante a \u00e9t\u00e9 franchie avec la num\u00e9risation de l&rsquo;annuaire du Kiwanis, qui est depuis peu disponible en ligne. Gr\u00e2ce \u00e0 une plateforme claire et conviviale, les membres peuvent facilement trouver des donn\u00e9es, des fonctions et des informations sur les clubs &#8211; une solution moderne qui rapproche notre r\u00e9seau.<\/p><p class=\"p1\">Et ce n&rsquo;est pas tout. Les nombreux projets men\u00e9s par le Kiwanis BeLux sont \u00e9galement mis en lumi\u00e8re : des Urban Youth Games aux Special Olympics en passant par K-Dolls, Children by the Sea, ChildrensWheels, KidsDay, rag dolls et bien d&rsquo;autres encore.<\/p><p class=\"p1\">L&rsquo;avenir semble prometteur. Nous vous invitons cordialement \u00e0 y assister, \u00e0 \u00e9couter, \u00e0 c\u00e9l\u00e9brer et \u00e0 terminer l&rsquo;ann\u00e9e dans l&rsquo;esprit de notre devise : \u00ab \u00c0 votre service \u00bb. Le programme promet d&rsquo;\u00eatre riche et inspirant.<\/p><p class=\"p1\">Laissez-vous \u00e9galement entra\u00eener dans un voyage de d\u00e9couverte \u00e0 travers Gand, o\u00f9 nos K-Dolls vous attendent en tant que guides color\u00e9s le long de la route.<\/p>\t\t\t\t\t\t\t\t<\/div>\n\t\t\t\t<\/div>\n\t\t\t\t<\/div>\n\t\t\t\t\t<\/div>\n\t\t\t\t<\/div>\n\t\t\t\t<\/div>\n\t\t","protected":false},"excerpt":{"rendered":"<p>Le Kiwanis \u00e0 votre service Venez participer \u00e0 cette exp\u00e9rience annuelle unique ! Vous aurez l&rsquo;occasion de retrouver des amis, de nouer de nouvelles amiti\u00e9s avec d&rsquo;autres membres du Kiwanis, [&hellip;]<\/p>\n","protected":false},"author":29,"featured_media":0,"parent":0,"menu_order":0,"comment_status":"closed","ping_status":"closed","template":"","meta":{"_acf_changed":false,"footnotes":""},"class_list":["post-49645","page","type-page","status-publish","hentry"],"acf":[],"_links":{"self":[{"href":"https:\/\/www.kiwanis.be\/fr\/wp-json\/wp\/v2\/pages\/49645","targetHints":{"allow":["GET"]}}],"collection":[{"href":"https:\/\/www.kiwanis.be\/fr\/wp-json\/wp\/v2\/pages"}],"about":[{"href":"https:\/\/www.kiwanis.be\/fr\/wp-json\/wp\/v2\/types\/page"}],"author":[{"embeddable":true,"href":"https:\/\/www.kiwanis.be\/fr\/wp-json\/wp\/v2\/users\/29"}],"replies":[{"embeddable":true,"href":"https:\/\/www.kiwanis.be\/fr\/wp-json\/wp\/v2\/comments?post=49645"}],"version-history":[{"count":2,"href":"https:\/\/www.kiwanis.be\/fr\/wp-json\/wp\/v2\/pages\/49645\/revisions"}],"predecessor-version":[{"id":49647,"href":"https:\/\/www.kiwanis.be\/fr\/wp-json\/wp\/v2\/pages\/49645\/revisions\/49647"}],"wp:attachment":[{"href":"https:\/\/www.kiwanis.be\/fr\/wp-json\/wp\/v2\/media?parent=49645"}],"curies":[{"name":"wp","href":"https:\/\/api.w.org\/{rel}","templated":true}]}}