{"id":49617,"date":"2025-05-16T15:22:25","date_gmt":"2025-05-16T13:22:25","guid":{"rendered":"https:\/\/www.kiwanis.be\/kdolls-a-gand\/"},"modified":"2025-06-01T22:52:26","modified_gmt":"2025-06-01T20:52:26","slug":"kdolls-a-gand","status":"publish","type":"page","link":"https:\/\/www.kiwanis.be\/fr\/kdolls-a-gand\/","title":{"rendered":"KDOLLS \u00c0 GAND"},"content":{"rendered":"\t\t<div data-elementor-type=\"wp-page\" data-elementor-id=\"49617\" class=\"elementor elementor-49617 elementor-48726\" data-elementor-post-type=\"page\">\n\t\t\t\t<div class=\"elementor-element elementor-element-303b684 e-flex e-con-boxed e-con e-parent\" data-id=\"303b684\" data-element_type=\"container\">\n\t\t\t\t\t<div class=\"e-con-inner\">\n\t\t<div class=\"elementor-element elementor-element-54cd3cc e-con-full e-flex e-con e-child\" data-id=\"54cd3cc\" data-element_type=\"container\">\n\t\t\t\t<div class=\"elementor-element elementor-element-78ffd72 elementor-widget elementor-widget-image\" data-id=\"78ffd72\" data-element_type=\"widget\" data-widget_type=\"image.default\">\n\t\t\t\t<div class=\"elementor-widget-container\">\n\t\t\t\t\t\t\t\t\t\t\t\t\t\t\t<img fetchpriority=\"high\" decoding=\"async\" width=\"800\" height=\"600\" src=\"https:\/\/www.kiwanis.be\/wp-content\/uploads\/2025\/05\/kdolls.png\" class=\"attachment-large size-large wp-image-48750\" alt=\"\" srcset=\"https:\/\/www.kiwanis.be\/wp-content\/uploads\/2025\/05\/kdolls.png 960w, https:\/\/www.kiwanis.be\/wp-content\/uploads\/2025\/05\/kdolls-300x225.png 300w, https:\/\/www.kiwanis.be\/wp-content\/uploads\/2025\/05\/kdolls-768x576.png 768w, https:\/\/www.kiwanis.be\/wp-content\/uploads\/2025\/05\/kdolls-600x450.png 600w\" sizes=\"(max-width: 800px) 100vw, 800px\" title=\"\">\t\t\t\t\t\t\t\t\t\t\t\t\t\t\t<\/div>\n\t\t\t\t<\/div>\n\t\t\t\t<\/div>\n\t\t<div class=\"elementor-element elementor-element-fafcb1c e-con-full e-flex e-con e-child\" data-id=\"fafcb1c\" data-element_type=\"container\">\n\t\t\t\t<div class=\"elementor-element elementor-element-2d47a57 elementor-widget elementor-widget-image\" data-id=\"2d47a57\" data-element_type=\"widget\" data-widget_type=\"image.default\">\n\t\t\t\t<div class=\"elementor-widget-container\">\n\t\t\t\t\t\t\t\t\t\t\t\t\t\t\t<img decoding=\"async\" width=\"800\" height=\"600\" src=\"https:\/\/www.kiwanis.be\/wp-content\/uploads\/2025\/05\/464477960_8568291246587501_3479584029924555284_n.jpg\" class=\"attachment-large size-large wp-image-48743\" alt=\"\" srcset=\"https:\/\/www.kiwanis.be\/wp-content\/uploads\/2025\/05\/464477960_8568291246587501_3479584029924555284_n.jpg 960w, https:\/\/www.kiwanis.be\/wp-content\/uploads\/2025\/05\/464477960_8568291246587501_3479584029924555284_n-300x225.jpg 300w, https:\/\/www.kiwanis.be\/wp-content\/uploads\/2025\/05\/464477960_8568291246587501_3479584029924555284_n-768x576.jpg 768w, https:\/\/www.kiwanis.be\/wp-content\/uploads\/2025\/05\/464477960_8568291246587501_3479584029924555284_n-600x450.jpg 600w\" sizes=\"(max-width: 800px) 100vw, 800px\" title=\"\">\t\t\t\t\t\t\t\t\t\t\t\t\t\t\t<\/div>\n\t\t\t\t<\/div>\n\t\t\t\t<\/div>\n\t\t<div class=\"elementor-element elementor-element-81c73c0 e-con-full e-flex e-con e-child\" data-id=\"81c73c0\" data-element_type=\"container\">\n\t\t\t\t<div class=\"elementor-element elementor-element-3d56f4c elementor-widget elementor-widget-image\" data-id=\"3d56f4c\" data-element_type=\"widget\" data-widget_type=\"image.default\">\n\t\t\t\t<div class=\"elementor-widget-container\">\n\t\t\t\t\t\t\t\t\t\t\t\t\t\t\t<img decoding=\"async\" width=\"800\" height=\"600\" src=\"https:\/\/www.kiwanis.be\/wp-content\/uploads\/2025\/05\/kdolls3.png\" class=\"attachment-large size-large wp-image-48757\" alt=\"\" srcset=\"https:\/\/www.kiwanis.be\/wp-content\/uploads\/2025\/05\/kdolls3.png 960w, https:\/\/www.kiwanis.be\/wp-content\/uploads\/2025\/05\/kdolls3-300x225.png 300w, https:\/\/www.kiwanis.be\/wp-content\/uploads\/2025\/05\/kdolls3-768x576.png 768w, https:\/\/www.kiwanis.be\/wp-content\/uploads\/2025\/05\/kdolls3-600x450.png 600w\" sizes=\"(max-width: 800px) 100vw, 800px\" title=\"\">\t\t\t\t\t\t\t\t\t\t\t\t\t\t\t<\/div>\n\t\t\t\t<\/div>\n\t\t\t\t<\/div>\n\t\t\t\t\t<\/div>\n\t\t\t\t<\/div>\n\t\t<div class=\"elementor-element elementor-element-48d3c2d e-flex e-con-boxed e-con e-parent\" data-id=\"48d3c2d\" data-element_type=\"container\">\n\t\t\t\t\t<div class=\"e-con-inner\">\n\t\t<div class=\"elementor-element elementor-element-dc11371 e-con-full e-flex e-con e-child\" data-id=\"dc11371\" data-element_type=\"container\">\n\t\t\t\t<div class=\"elementor-element elementor-element-d5c8768 elementor-widget elementor-widget-text-editor\" data-id=\"d5c8768\" data-element_type=\"widget\" data-widget_type=\"text-editor.default\">\n\t\t\t\t<div class=\"elementor-widget-container\">\n\t\t\t\t\t\t\t\t\t<h3 class=\"\" data-start=\"361\" data-end=\"413\">D\u00e9couvrez Gand et les poup\u00e9es Kiwanis lors d&rsquo;une promenade unique en septembre.<\/h3>\t\t\t\t\t\t\t\t<\/div>\n\t\t\t\t<\/div>\n\t\t\t\t<\/div>\n\t\t\t\t\t<\/div>\n\t\t\t\t<\/div>\n\t\t<div class=\"elementor-element elementor-element-231e741 e-flex e-con-boxed e-con e-parent\" data-id=\"231e741\" data-element_type=\"container\">\n\t\t\t\t\t<div class=\"e-con-inner\">\n\t\t<div class=\"elementor-element elementor-element-216e517 e-con-full e-flex e-con e-child\" data-id=\"216e517\" data-element_type=\"container\">\n\t\t\t\t<div class=\"elementor-element elementor-element-f55cce5 elementor-widget elementor-widget-text-editor\" data-id=\"f55cce5\" data-element_type=\"widget\" data-widget_type=\"text-editor.default\">\n\t\t\t\t<div class=\"elementor-widget-container\">\n\t\t\t\t\t\t\t\t\t<h5 data-start=\"361\" data-end=\"413\">Une promenade pleine d&rsquo;art, de charme et de chaleur<\/h5><p class=\"\" data-start=\"415\" data-end=\"796\">Pendant tout le mois de <strong data-start=\"437\" data-end=\"450\">septembre<\/strong>, la belle ville de Gand se transformera en mus\u00e9e en plein air gr\u00e2ce \u00e0 une exposition unique de <strong data-start=\"545\" data-end=\"562\">poup\u00e9es Kiwanis<\/strong>. Ces poup\u00e9es charmantes et symboliques seront expos\u00e9es \u00e0 diff\u00e9rents endroits de la ville. Ensemble, elles forment le c\u0153ur d&rsquo;une <strong data-start=\"717\" data-end=\"735\">visite<\/strong> sp\u00e9ciale <strong data-start=\"717\" data-end=\"735\">de la ville<\/strong> qui associe la culture, la cr\u00e9ativit\u00e9 et l&rsquo;engagement.  <\/p><p class=\"\" data-start=\"798\" data-end=\"1041\">Que vous soyez natif de Gand ou que vous visitiez la ville pour la premi\u00e8re fois, cette promenade vous emm\u00e8ne sur un itin\u00e9raire inspirant le long de joyaux cach\u00e9s, de places bien connues et de rues int\u00e9rieures surprenantes, avec \u00e0 chaque fois une marionnette sp\u00e9ciale comme guide.<br><br><\/p><h5 data-start=\"1043\" data-end=\"1070\">Qu&rsquo;est-ce qu&rsquo;une poup\u00e9e Kiwanis ?<\/h5><p class=\"\" data-start=\"1072\" data-end=\"1528\">La <strong data-start=\"1075\" data-end=\"1091\">poup\u00e9e Kiwanis<\/strong> est bien plus qu&rsquo;un objet d\u00e9coratif. Elle symbolise l&rsquo;espoir, l&rsquo;attention et le soutien aux enfants en difficult\u00e9. Dans les h\u00f4pitaux du monde entier, les poup\u00e9es Kiwanis sont utilis\u00e9es pour r\u00e9conforter les jeunes patients et expliquer les proc\u00e9dures m\u00e9dicales de mani\u00e8re ludique. Cette exposition met en valeur non seulement la beaut\u00e9 des poup\u00e9es, mais aussi leur objectif fondamental : <strong data-start=\"1488\" data-end=\"1527\">promouvoir le bien-\u00eatre des enfants<\/strong>.   <\/p><p class=\"\" data-start=\"1530\" data-end=\"1745\">Chaque poup\u00e9e expos\u00e9e est unique, fabriqu\u00e9e \u00e0 la main par des artistes, des b\u00e9n\u00e9voles, des \u00e9coles ou des Flamands c\u00e9l\u00e8bres. Cela fait de chaque arr\u00eat de la promenade un moment non seulement visuel, mais aussi \u00e9motionnel. <\/p>\t\t\t\t\t\t\t\t<\/div>\n\t\t\t\t<\/div>\n\t\t\t\t<\/div>\n\t\t<div class=\"elementor-element elementor-element-201f9ee e-con-full e-flex e-con e-child\" data-id=\"201f9ee\" data-element_type=\"container\">\n\t\t\t\t<div class=\"elementor-element elementor-element-be78dc9 elementor-widget elementor-widget-text-editor\" data-id=\"be78dc9\" data-element_type=\"widget\" data-widget_type=\"text-editor.default\">\n\t\t\t\t<div class=\"elementor-widget-container\">\n\t\t\t\t\t\t\t\t\t<h5 data-start=\"1747\" data-end=\"1773\">\u00c0 quoi pouvez-vous vous attendre ?<\/h5><ul data-start=\"1775\" data-end=\"2209\"><li class=\"\" data-start=\"1775\" data-end=\"1860\"><p class=\"\" data-start=\"1777\" data-end=\"1860\"><strong data-start=\"1777\" data-end=\"1811\">Un itin\u00e9raire p\u00e9destre cartographi\u00e9<\/strong> qui vous fera d\u00e9couvrir les plus beaux sites de Gand.<\/p><\/li><li class=\"\" data-start=\"1861\" data-end=\"1942\"><p class=\"\" data-start=\"1863\" data-end=\"1942\"><strong data-start=\"1863\" data-end=\"1913\">Plus de 20 poup\u00e9es Kiwanis artistiquement con\u00e7ues<\/strong>, chacune avec sa propre histoire.<\/p><\/li><li class=\"\" data-start=\"1943\" data-end=\"2021\"><p class=\"\" data-start=\"1945\" data-end=\"2021\"><strong data-start=\"1945\" data-end=\"1971\">\u00c9l\u00e9ments interactifs<\/strong> via des codes QR avec des informations sur le cr\u00e9ateur et l&rsquo;objectif.<\/p><\/li><li class=\"\" data-start=\"2022\" data-end=\"2138\"><p class=\"\" data-start=\"2024\" data-end=\"2138\"><strong data-start=\"2024\" data-end=\"2057\">Convient \u00e0 tous les \u00e2ges<\/strong> &#8211; une sortie amusante en famille, avec des amis ou une exp\u00e9rience culturelle en solo.<\/p><\/li><li class=\"\" data-start=\"2139\" data-end=\"2209\"><p class=\"\" data-start=\"2141\" data-end=\"2209\"><strong data-start=\"2141\" data-end=\"2160\">Enti\u00e8rement gratuit<\/strong>, mais nous encourageons les dons \u00e0 des fins caritatives.<\/p><\/li><\/ul><h5 data-start=\"2211\" data-end=\"2224\"><br>Pratique<\/h5><p class=\"\" data-start=\"2226\" data-end=\"2428\"><strong data-start=\"2229\" data-end=\"2240\">Lieu<\/strong>: Centre Gand<br data-start=\"2254\" data-end=\"2257\"><strong data-start=\"2260\" data-end=\"2271\">P\u00e9riode<\/strong>: du 1er au 30 septembre<br data-start=\"2291\" data-end=\"2294\"><strong data-start=\"2297\" data-end=\"2309\">Heure<\/strong>: Acc\u00e8s libre, \u00e0 votre rythme<br data-start=\"2344\" data-end=\"2347\"><strong data-start=\"2350\" data-end=\"2359\">Extra<\/strong>: Scannez les codes QR le long du chemin pour obtenir des histoires, des photos et des vid\u00e9os.<br><br><\/p><p class=\"\" data-start=\"2903\" data-end=\"3101\">Laissez-vous surprendre par la cr\u00e9ativit\u00e9, l&rsquo;engagement social et la beaut\u00e9 de Gand en septembre. Enfilez vos chaussures de marche et partez sur le chemin magique des marionnettes ! <\/p>\t\t\t\t\t\t\t\t<\/div>\n\t\t\t\t<\/div>\n\t\t\t\t<\/div>\n\t\t\t\t\t<\/div>\n\t\t\t\t<\/div>\n\t\t\t\t<\/div>\n\t\t","protected":false},"excerpt":{"rendered":"<p>D\u00e9couvrez Gand et les poup\u00e9es Kiwanis lors d&rsquo;une promenade unique en septembre. Une promenade pleine d&rsquo;art, de charme et de chaleur Pendant tout le mois de septembre, la belle ville [&hellip;]<\/p>\n","protected":false},"author":29,"featured_media":0,"parent":0,"menu_order":0,"comment_status":"closed","ping_status":"closed","template":"","meta":{"_acf_changed":false,"footnotes":""},"class_list":["post-49617","page","type-page","status-publish","hentry"],"acf":[],"_links":{"self":[{"href":"https:\/\/www.kiwanis.be\/fr\/wp-json\/wp\/v2\/pages\/49617","targetHints":{"allow":["GET"]}}],"collection":[{"href":"https:\/\/www.kiwanis.be\/fr\/wp-json\/wp\/v2\/pages"}],"about":[{"href":"https:\/\/www.kiwanis.be\/fr\/wp-json\/wp\/v2\/types\/page"}],"author":[{"embeddable":true,"href":"https:\/\/www.kiwanis.be\/fr\/wp-json\/wp\/v2\/users\/29"}],"replies":[{"embeddable":true,"href":"https:\/\/www.kiwanis.be\/fr\/wp-json\/wp\/v2\/comments?post=49617"}],"version-history":[{"count":2,"href":"https:\/\/www.kiwanis.be\/fr\/wp-json\/wp\/v2\/pages\/49617\/revisions"}],"predecessor-version":[{"id":49619,"href":"https:\/\/www.kiwanis.be\/fr\/wp-json\/wp\/v2\/pages\/49617\/revisions\/49619"}],"wp:attachment":[{"href":"https:\/\/www.kiwanis.be\/fr\/wp-json\/wp\/v2\/media?parent=49617"}],"curies":[{"name":"wp","href":"https:\/\/api.w.org\/{rel}","templated":true}]}}