{"id":49598,"date":"2025-05-16T17:26:26","date_gmt":"2025-05-16T15:26:26","guid":{"rendered":"https:\/\/www.kiwanis.be\/diner-de-lamitie-vendredi\/"},"modified":"2025-09-03T13:46:51","modified_gmt":"2025-09-03T11:46:51","slug":"diner-de-lamitie-vendredi","status":"publish","type":"page","link":"https:\/\/www.kiwanis.be\/fr\/diner-de-lamitie-vendredi\/","title":{"rendered":"D\u00eener de l&rsquo;amiti\u00e9 vendredi"},"content":{"rendered":"\t\t<div data-elementor-type=\"wp-page\" data-elementor-id=\"49598\" class=\"elementor elementor-49598 elementor-48865\" data-elementor-post-type=\"page\">\n\t\t\t\t<div class=\"elementor-element elementor-element-69950ca e-flex e-con-boxed e-con e-parent\" data-id=\"69950ca\" data-element_type=\"container\">\n\t\t\t\t\t<div class=\"e-con-inner\">\n\t\t<div class=\"elementor-element elementor-element-51459f9 e-grid e-con-full e-con e-child\" data-id=\"51459f9\" data-element_type=\"container\">\n\t\t\t\t<div class=\"elementor-element elementor-element-6a3dba0 elementor-widget elementor-widget-image\" data-id=\"6a3dba0\" data-element_type=\"widget\" data-widget_type=\"image.default\">\n\t\t\t\t<div class=\"elementor-widget-container\">\n\t\t\t\t\t\t\t\t\t\t\t\t\t\t\t<img fetchpriority=\"high\" decoding=\"async\" width=\"567\" height=\"378\" src=\"https:\/\/www.kiwanis.be\/wp-content\/uploads\/2025\/05\/cocotte.png\" class=\"attachment-large size-large wp-image-48885\" alt=\"\" srcset=\"https:\/\/www.kiwanis.be\/wp-content\/uploads\/2025\/05\/cocotte.png 567w, https:\/\/www.kiwanis.be\/wp-content\/uploads\/2025\/05\/cocotte-300x200.png 300w\" sizes=\"(max-width: 567px) 100vw, 567px\" title=\"\">\t\t\t\t\t\t\t\t\t\t\t\t\t\t\t<\/div>\n\t\t\t\t<\/div>\n\t\t\t\t<div class=\"elementor-element elementor-element-f6ddc28 elementor-widget elementor-widget-image\" data-id=\"f6ddc28\" data-element_type=\"widget\" data-widget_type=\"image.default\">\n\t\t\t\t<div class=\"elementor-widget-container\">\n\t\t\t\t\t\t\t\t\t\t\t\t\t\t\t<img decoding=\"async\" width=\"567\" height=\"378\" src=\"https:\/\/www.kiwanis.be\/wp-content\/uploads\/2025\/05\/vandervalk.png\" class=\"attachment-large size-large wp-image-48894\" alt=\"\" srcset=\"https:\/\/www.kiwanis.be\/wp-content\/uploads\/2025\/05\/vandervalk.png 567w, https:\/\/www.kiwanis.be\/wp-content\/uploads\/2025\/05\/vandervalk-300x200.png 300w\" sizes=\"(max-width: 567px) 100vw, 567px\" title=\"\">\t\t\t\t\t\t\t\t\t\t\t\t\t\t\t<\/div>\n\t\t\t\t<\/div>\n\t\t\t\t<div class=\"elementor-element elementor-element-d664bcd elementor-widget elementor-widget-image\" data-id=\"d664bcd\" data-element_type=\"widget\" data-widget_type=\"image.default\">\n\t\t\t\t<div class=\"elementor-widget-container\">\n\t\t\t\t\t\t\t\t\t\t\t\t\t\t\t<img decoding=\"async\" width=\"800\" height=\"534\" src=\"https:\/\/www.kiwanis.be\/wp-content\/uploads\/2025\/05\/495381296_1230731235719068_4939044030918667870_n-1024x683.jpg\" class=\"attachment-large size-large wp-image-48890\" alt=\"\" srcset=\"https:\/\/www.kiwanis.be\/wp-content\/uploads\/2025\/05\/495381296_1230731235719068_4939044030918667870_n-1024x683.jpg 1024w, https:\/\/www.kiwanis.be\/wp-content\/uploads\/2025\/05\/495381296_1230731235719068_4939044030918667870_n-300x200.jpg 300w, https:\/\/www.kiwanis.be\/wp-content\/uploads\/2025\/05\/495381296_1230731235719068_4939044030918667870_n-768x512.jpg 768w, https:\/\/www.kiwanis.be\/wp-content\/uploads\/2025\/05\/495381296_1230731235719068_4939044030918667870_n-1536x1025.jpg 1536w, https:\/\/www.kiwanis.be\/wp-content\/uploads\/2025\/05\/495381296_1230731235719068_4939044030918667870_n-600x400.jpg 600w, https:\/\/www.kiwanis.be\/wp-content\/uploads\/2025\/05\/495381296_1230731235719068_4939044030918667870_n.jpg 2048w\" sizes=\"(max-width: 800px) 100vw, 800px\" title=\"\">\t\t\t\t\t\t\t\t\t\t\t\t\t\t\t<\/div>\n\t\t\t\t<\/div>\n\t\t\t\t<\/div>\n\t\t\t\t\t<\/div>\n\t\t\t\t<\/div>\n\t\t<div class=\"elementor-element elementor-element-fa9de48 e-flex e-con-boxed e-con e-parent\" data-id=\"fa9de48\" data-element_type=\"container\">\n\t\t\t\t\t<div class=\"e-con-inner\">\n\t\t\t\t<div class=\"elementor-element elementor-element-3206cb6 elementor-widget elementor-widget-spacer\" data-id=\"3206cb6\" data-element_type=\"widget\" data-widget_type=\"spacer.default\">\n\t\t\t\t<div class=\"elementor-widget-container\">\n\t\t\t\t\t\t\t<div class=\"elementor-spacer\">\n\t\t\t<div class=\"elementor-spacer-inner\"><\/div>\n\t\t<\/div>\n\t\t\t\t\t\t<\/div>\n\t\t\t\t<\/div>\n\t\t\t\t<div class=\"elementor-element elementor-element-738a052 elementor-widget-divider--view-line elementor-widget elementor-widget-divider\" data-id=\"738a052\" data-element_type=\"widget\" data-widget_type=\"divider.default\">\n\t\t\t\t<div class=\"elementor-widget-container\">\n\t\t\t\t\t\t\t<div class=\"elementor-divider\">\n\t\t\t<span class=\"elementor-divider-separator\">\n\t\t\t\t\t\t<\/span>\n\t\t<\/div>\n\t\t\t\t\t\t<\/div>\n\t\t\t\t<\/div>\n\t\t\t\t<div class=\"elementor-element elementor-element-022ad0d elementor-widget elementor-widget-text-editor\" data-id=\"022ad0d\" data-element_type=\"widget\" data-widget_type=\"text-editor.default\">\n\t\t\t\t<div class=\"elementor-widget-container\">\n\t\t\t\t\t\t\t\t\t<p style=\"text-align: center;\"><strong>19.00 &#8211; 19.30u<\/strong><br \/><strong>APR\u00c8S-RAIS<\/strong><\/p>\t\t\t\t\t\t\t\t<\/div>\n\t\t\t\t<\/div>\n\t\t\t\t<div class=\"elementor-element elementor-element-bcf88f9 elementor-widget-divider--view-line elementor-widget elementor-widget-divider\" data-id=\"bcf88f9\" data-element_type=\"widget\" data-widget_type=\"divider.default\">\n\t\t\t\t<div class=\"elementor-widget-container\">\n\t\t\t\t\t\t\t<div class=\"elementor-divider\">\n\t\t\t<span class=\"elementor-divider-separator\">\n\t\t\t\t\t\t<\/span>\n\t\t<\/div>\n\t\t\t\t\t\t<\/div>\n\t\t\t\t<\/div>\n\t\t\t\t\t<\/div>\n\t\t\t\t<\/div>\n\t\t<div class=\"elementor-element elementor-element-f4953e9 e-flex e-con-boxed e-con e-parent\" data-id=\"f4953e9\" data-element_type=\"container\">\n\t\t\t\t\t<div class=\"e-con-inner\">\n\t\t\t\t<div class=\"elementor-element elementor-element-f7c6638 elementor-widget elementor-widget-text-editor\" data-id=\"f7c6638\" data-element_type=\"widget\" data-widget_type=\"text-editor.default\">\n\t\t\t\t<div class=\"elementor-widget-container\">\n\t\t\t\t\t\t\t\t\t<p style=\"text-align: center;\"><strong>19.00-21.00h<br><\/strong> D\u00eener \u00e0 3 plats<br>Choix parmi les trois menus du restaurant Cocotte situ\u00e9 \u00e0 l&rsquo;h\u00f4tel VAN DER VALK Gent.<br>Une exception peut \u00eatre faite pour les allergies et les exigences di\u00e9t\u00e9tiques.<br>Pendant le d\u00eener \u00e0 3 plats, il y a de l&rsquo;eau, du caf\u00e9, du th\u00e9, des boissons non alcoolis\u00e9es, de la bi\u00e8re (Stella Artois \u00e0 la pression) et du vin de la maison \u00e0 volont\u00e9.<\/p><p style=\"text-align: center;\"><a href=\"https:\/\/www.restaurantcocottegent.be\/\" target=\"_blank\" rel=\"noopener\">MENU<\/a><\/p>\t\t\t\t\t\t\t\t<\/div>\n\t\t\t\t<\/div>\n\t\t\t\t<div class=\"elementor-element elementor-element-7ef264f elementor-widget-divider--view-line elementor-widget elementor-widget-divider\" data-id=\"7ef264f\" data-element_type=\"widget\" data-widget_type=\"divider.default\">\n\t\t\t\t<div class=\"elementor-widget-container\">\n\t\t\t\t\t\t\t<div class=\"elementor-divider\">\n\t\t\t<span class=\"elementor-divider-separator\">\n\t\t\t\t\t\t<\/span>\n\t\t<\/div>\n\t\t\t\t\t\t<\/div>\n\t\t\t\t<\/div>\n\t\t\t\t<div class=\"elementor-element elementor-element-911d1c3 elementor-widget elementor-widget-text-editor\" data-id=\"911d1c3\" data-element_type=\"widget\" data-widget_type=\"text-editor.default\">\n\t\t\t\t<div class=\"elementor-widget-container\">\n\t\t\t\t\t\t\t\t\t<p style=\"text-align: center;\"><strong>21.00-22.00u<\/strong><br><strong>APR\u00c8S-RAIS<\/strong><\/p>\t\t\t\t\t\t\t\t<\/div>\n\t\t\t\t<\/div>\n\t\t\t\t<div class=\"elementor-element elementor-element-62d90d1 elementor-widget-divider--view-line elementor-widget elementor-widget-divider\" data-id=\"62d90d1\" data-element_type=\"widget\" data-widget_type=\"divider.default\">\n\t\t\t\t<div class=\"elementor-widget-container\">\n\t\t\t\t\t\t\t<div class=\"elementor-divider\">\n\t\t\t<span class=\"elementor-divider-separator\">\n\t\t\t\t\t\t<\/span>\n\t\t<\/div>\n\t\t\t\t\t\t<\/div>\n\t\t\t\t<\/div>\n\t\t\t\t\t<\/div>\n\t\t\t\t<\/div>\n\t\t<div class=\"elementor-element elementor-element-3369271 e-grid e-con-boxed e-con e-parent\" data-id=\"3369271\" data-element_type=\"container\">\n\t\t\t\t\t<div class=\"e-con-inner\">\n\t\t\t\t<div class=\"elementor-element elementor-element-b3b9144 elementor-widget elementor-widget-text-editor\" data-id=\"b3b9144\" data-element_type=\"widget\" data-widget_type=\"text-editor.default\">\n\t\t\t\t<div class=\"elementor-widget-container\">\n\t\t\t\t\t\t\t\t\t<p><a href=\"https:\/\/www.kiwanis.be\/fr\/29eme-convention-kiwanis-district-belgique-luxembourg-2\/\">Retour \u00e0 l&rsquo;aper\u00e7u<\/a><\/p>\t\t\t\t\t\t\t\t<\/div>\n\t\t\t\t<\/div>\n\t\t\t\t\t<\/div>\n\t\t\t\t<\/div>\n\t\t\t\t<\/div>\n\t\t","protected":false},"excerpt":{"rendered":"<p>19.00 &#8211; 19.30uAPR\u00c8S-RAIS 19.00-21.00h D\u00eener \u00e0 3 platsChoix parmi les trois menus du restaurant Cocotte situ\u00e9 \u00e0 l&rsquo;h\u00f4tel VAN DER VALK Gent.Une exception peut \u00eatre faite pour les allergies et [&hellip;]<\/p>\n","protected":false},"author":29,"featured_media":0,"parent":0,"menu_order":0,"comment_status":"closed","ping_status":"closed","template":"","meta":{"_acf_changed":false,"footnotes":""},"class_list":["post-49598","page","type-page","status-publish","hentry"],"acf":[],"_links":{"self":[{"href":"https:\/\/www.kiwanis.be\/fr\/wp-json\/wp\/v2\/pages\/49598","targetHints":{"allow":["GET"]}}],"collection":[{"href":"https:\/\/www.kiwanis.be\/fr\/wp-json\/wp\/v2\/pages"}],"about":[{"href":"https:\/\/www.kiwanis.be\/fr\/wp-json\/wp\/v2\/types\/page"}],"author":[{"embeddable":true,"href":"https:\/\/www.kiwanis.be\/fr\/wp-json\/wp\/v2\/users\/29"}],"replies":[{"embeddable":true,"href":"https:\/\/www.kiwanis.be\/fr\/wp-json\/wp\/v2\/comments?post=49598"}],"version-history":[{"count":4,"href":"https:\/\/www.kiwanis.be\/fr\/wp-json\/wp\/v2\/pages\/49598\/revisions"}],"predecessor-version":[{"id":51791,"href":"https:\/\/www.kiwanis.be\/fr\/wp-json\/wp\/v2\/pages\/49598\/revisions\/51791"}],"wp:attachment":[{"href":"https:\/\/www.kiwanis.be\/fr\/wp-json\/wp\/v2\/media?parent=49598"}],"curies":[{"name":"wp","href":"https:\/\/api.w.org\/{rel}","templated":true}]}}