{"id":35672,"date":"2024-03-28T22:02:08","date_gmt":"2024-03-28T21:02:08","guid":{"rendered":"https:\/\/kiwanis.www.kiwanis.be\/urban-youth-games\/"},"modified":"2024-03-28T22:56:05","modified_gmt":"2024-03-28T21:56:05","slug":"urban-youth-games","status":"publish","type":"page","link":"https:\/\/www.kiwanis.be\/fr\/urban-youth-games\/","title":{"rendered":"Urban Youth Games"},"content":{"rendered":"\t\t<div data-elementor-type=\"wp-page\" data-elementor-id=\"35672\" class=\"elementor elementor-35672 elementor-35558\" data-elementor-post-type=\"page\">\n\t\t\t\t\t\t<section class=\"elementor-section elementor-top-section elementor-element elementor-element-aaf97d2 elementor-section-boxed elementor-section-height-default elementor-section-height-default\" data-id=\"aaf97d2\" data-element_type=\"section\">\n\t\t\t\t\t\t<div class=\"elementor-container elementor-column-gap-default\">\n\t\t\t\t\t<div class=\"elementor-column elementor-col-33 elementor-top-column elementor-element elementor-element-006ec66\" data-id=\"006ec66\" data-element_type=\"column\">\n\t\t\t<div class=\"elementor-widget-wrap\">\n\t\t\t\t\t\t\t<\/div>\n\t\t<\/div>\n\t\t\t\t<div class=\"elementor-column elementor-col-33 elementor-top-column elementor-element elementor-element-ba3ae11\" data-id=\"ba3ae11\" data-element_type=\"column\">\n\t\t\t<div class=\"elementor-widget-wrap elementor-element-populated\">\n\t\t\t\t\t\t<div class=\"elementor-element elementor-element-154a23c elementor-widget elementor-widget-image\" data-id=\"154a23c\" data-element_type=\"widget\" data-widget_type=\"image.default\">\n\t\t\t\t<div class=\"elementor-widget-container\">\n\t\t\t\t\t\t\t\t\t\t\t\t\t\t\t<img fetchpriority=\"high\" decoding=\"async\" width=\"800\" height=\"543\" src=\"https:\/\/www.kiwanis.be\/wp-content\/uploads\/2024\/03\/uyg2.png\" class=\"attachment-large size-large wp-image-35567\" alt=\"\" srcset=\"https:\/\/www.kiwanis.be\/wp-content\/uploads\/2024\/03\/uyg2.png 978w, https:\/\/www.kiwanis.be\/wp-content\/uploads\/2024\/03\/uyg2-300x204.png 300w, https:\/\/www.kiwanis.be\/wp-content\/uploads\/2024\/03\/uyg2-768x521.png 768w, https:\/\/www.kiwanis.be\/wp-content\/uploads\/2024\/03\/uyg2-600x407.png 600w\" sizes=\"(max-width: 800px) 100vw, 800px\" title=\"\">\t\t\t\t\t\t\t\t\t\t\t\t\t\t\t<\/div>\n\t\t\t\t<\/div>\n\t\t\t\t\t<\/div>\n\t\t<\/div>\n\t\t\t\t<div class=\"elementor-column elementor-col-33 elementor-top-column elementor-element elementor-element-50d008d\" data-id=\"50d008d\" data-element_type=\"column\">\n\t\t\t<div class=\"elementor-widget-wrap\">\n\t\t\t\t\t\t\t<\/div>\n\t\t<\/div>\n\t\t\t\t\t<\/div>\n\t\t<\/section>\n\t\t\t\t<section class=\"elementor-section elementor-top-section elementor-element elementor-element-ea8f5ec elementor-section-boxed elementor-section-height-default elementor-section-height-default\" data-id=\"ea8f5ec\" data-element_type=\"section\">\n\t\t\t\t\t\t<div class=\"elementor-container elementor-column-gap-default\">\n\t\t\t\t\t<div class=\"elementor-column elementor-col-33 elementor-top-column elementor-element elementor-element-874e350\" data-id=\"874e350\" data-element_type=\"column\">\n\t\t\t<div class=\"elementor-widget-wrap elementor-element-populated\">\n\t\t\t\t\t\t<div class=\"elementor-element elementor-element-4ef4211 elementor-widget elementor-widget-image\" data-id=\"4ef4211\" data-element_type=\"widget\" data-widget_type=\"image.default\">\n\t\t\t\t<div class=\"elementor-widget-container\">\n\t\t\t\t\t\t\t\t\t\t\t\t\t\t\t<img decoding=\"async\" width=\"800\" height=\"532\" src=\"https:\/\/www.kiwanis.be\/wp-content\/uploads\/2024\/03\/uyg3-1024x681.png\" class=\"attachment-large size-large wp-image-35589\" alt=\"\" srcset=\"https:\/\/www.kiwanis.be\/wp-content\/uploads\/2024\/03\/uyg3-1024x681.png 1024w, https:\/\/www.kiwanis.be\/wp-content\/uploads\/2024\/03\/uyg3-300x200.png 300w, https:\/\/www.kiwanis.be\/wp-content\/uploads\/2024\/03\/uyg3-768x511.png 768w, https:\/\/www.kiwanis.be\/wp-content\/uploads\/2024\/03\/uyg3-600x399.png 600w, https:\/\/www.kiwanis.be\/wp-content\/uploads\/2024\/03\/uyg3.png 1452w\" sizes=\"(max-width: 800px) 100vw, 800px\" title=\"\">\t\t\t\t\t\t\t\t\t\t\t\t\t\t\t<\/div>\n\t\t\t\t<\/div>\n\t\t\t\t\t<\/div>\n\t\t<\/div>\n\t\t\t\t<div class=\"elementor-column elementor-col-33 elementor-top-column elementor-element elementor-element-2e5e5a7\" data-id=\"2e5e5a7\" data-element_type=\"column\">\n\t\t\t<div class=\"elementor-widget-wrap elementor-element-populated\">\n\t\t\t\t\t\t<div class=\"elementor-element elementor-element-aae31c5 elementor-widget elementor-widget-image\" data-id=\"aae31c5\" data-element_type=\"widget\" data-widget_type=\"image.default\">\n\t\t\t\t<div class=\"elementor-widget-container\">\n\t\t\t\t\t\t\t\t\t\t\t\t\t\t\t<img decoding=\"async\" width=\"800\" height=\"532\" src=\"https:\/\/www.kiwanis.be\/wp-content\/uploads\/2024\/03\/uyg4-1024x681.png\" class=\"attachment-large size-large wp-image-35593\" alt=\"\" srcset=\"https:\/\/www.kiwanis.be\/wp-content\/uploads\/2024\/03\/uyg4-1024x681.png 1024w, https:\/\/www.kiwanis.be\/wp-content\/uploads\/2024\/03\/uyg4-300x200.png 300w, https:\/\/www.kiwanis.be\/wp-content\/uploads\/2024\/03\/uyg4-768x511.png 768w, https:\/\/www.kiwanis.be\/wp-content\/uploads\/2024\/03\/uyg4-600x399.png 600w, https:\/\/www.kiwanis.be\/wp-content\/uploads\/2024\/03\/uyg4.png 1452w\" sizes=\"(max-width: 800px) 100vw, 800px\" title=\"\">\t\t\t\t\t\t\t\t\t\t\t\t\t\t\t<\/div>\n\t\t\t\t<\/div>\n\t\t\t\t\t<\/div>\n\t\t<\/div>\n\t\t\t\t<div class=\"elementor-column elementor-col-33 elementor-top-column elementor-element elementor-element-26ee386\" data-id=\"26ee386\" data-element_type=\"column\">\n\t\t\t<div class=\"elementor-widget-wrap elementor-element-populated\">\n\t\t\t\t\t\t<div class=\"elementor-element elementor-element-86594a4 elementor-widget elementor-widget-image\" data-id=\"86594a4\" data-element_type=\"widget\" data-widget_type=\"image.default\">\n\t\t\t\t<div class=\"elementor-widget-container\">\n\t\t\t\t\t\t\t\t\t\t\t\t\t\t\t<img loading=\"lazy\" decoding=\"async\" width=\"800\" height=\"532\" src=\"https:\/\/www.kiwanis.be\/wp-content\/uploads\/2024\/03\/uyg5-1024x681.png\" class=\"attachment-large size-large wp-image-35597\" alt=\"\" srcset=\"https:\/\/www.kiwanis.be\/wp-content\/uploads\/2024\/03\/uyg5-1024x681.png 1024w, https:\/\/www.kiwanis.be\/wp-content\/uploads\/2024\/03\/uyg5-300x200.png 300w, https:\/\/www.kiwanis.be\/wp-content\/uploads\/2024\/03\/uyg5-768x511.png 768w, https:\/\/www.kiwanis.be\/wp-content\/uploads\/2024\/03\/uyg5-600x399.png 600w, https:\/\/www.kiwanis.be\/wp-content\/uploads\/2024\/03\/uyg5.png 1452w\" sizes=\"(max-width: 800px) 100vw, 800px\" title=\"\">\t\t\t\t\t\t\t\t\t\t\t\t\t\t\t<\/div>\n\t\t\t\t<\/div>\n\t\t\t\t\t<\/div>\n\t\t<\/div>\n\t\t\t\t\t<\/div>\n\t\t<\/section>\n\t\t\t\t<section class=\"elementor-section elementor-top-section elementor-element elementor-element-d5ce871 elementor-section-boxed elementor-section-height-default elementor-section-height-default\" data-id=\"d5ce871\" data-element_type=\"section\">\n\t\t\t\t\t\t<div class=\"elementor-container elementor-column-gap-default\">\n\t\t\t\t\t<div class=\"elementor-column elementor-col-100 elementor-top-column elementor-element elementor-element-4290dfc\" data-id=\"4290dfc\" data-element_type=\"column\">\n\t\t\t<div class=\"elementor-widget-wrap elementor-element-populated\">\n\t\t\t\t\t\t<div class=\"elementor-element elementor-element-9357894 elementor-widget elementor-widget-text-editor\" data-id=\"9357894\" data-element_type=\"widget\" data-widget_type=\"text-editor.default\">\n\t\t\t\t<div class=\"elementor-widget-container\">\n\t\t\t\t\t\t\t\t\t<p>L&rsquo;UYG est n\u00e9e d&rsquo;un r\u00eave. Jacques Borl\u00e9e r\u00eavait d&rsquo;\u00e9galit\u00e9 et d&rsquo;opportunit\u00e9s. Il voulait partager ce r\u00eave avec les jeunes et l&rsquo;utiliser comme moteur de changement. Le r\u00eave des Jeux urbains de la jeunesse s&rsquo;est concr\u00e9tis\u00e9 pour la premi\u00e8re fois \u00e0 Molenbeek en 2019. Des milliers de jeunes se sont r\u00e9unis \u00e0 l&rsquo;occasion d&rsquo;un grand \u00e9v\u00e9nement sportif pour partager et vivre des valeurs d&rsquo;ouverture d&rsquo;esprit, de respect et d&rsquo;honn\u00eatet\u00e9. Il ne s&rsquo;est pas arr\u00eat\u00e9 \u00e0 ce r\u00eave. Les GJU sont devenus un mouvement national. Avec les jeunes, nous propageons nos valeurs dans tout le pays et, \u00e0 l&rsquo;avenir, au niveau international.<\/p>\n\t\t\t\t\t\t\t\t<\/div>\n\t\t\t\t<\/div>\n\t\t\t\t\t<\/div>\n\t\t<\/div>\n\t\t\t\t\t<\/div>\n\t\t<\/section>\n\t\t\t\t<section class=\"elementor-section elementor-top-section elementor-element elementor-element-937d301 elementor-section-boxed elementor-section-height-default elementor-section-height-default\" data-id=\"937d301\" data-element_type=\"section\">\n\t\t\t\t\t\t<div class=\"elementor-container elementor-column-gap-default\">\n\t\t\t\t\t<div class=\"elementor-column elementor-col-50 elementor-top-column elementor-element elementor-element-31efb71\" data-id=\"31efb71\" data-element_type=\"column\">\n\t\t\t<div class=\"elementor-widget-wrap elementor-element-populated\">\n\t\t\t\t\t\t<div class=\"elementor-element elementor-element-f506edf elementor-widget elementor-widget-text-editor\" data-id=\"f506edf\" data-element_type=\"widget\" data-widget_type=\"text-editor.default\">\n\t\t\t\t<div class=\"elementor-widget-container\">\n\t\t\t\t\t\t\t\t\t<p><strong>5 Avril<\/strong>: 7500 TOURNAI, Avenue de Gaulle 2<br \/><strong>19 avril<\/strong>: 1300 WAVRE, Avenue du Centre Sportif 15<br \/><strong>2+3 mai<\/strong>: 2020 Anvers, Vogelzanglaan 6<br \/><strong>20 septembre<\/strong>: 1180 Uccle, Rue Zwartebeek 23<\/p>\n\t\t\t\t\t\t\t\t<\/div>\n\t\t\t\t<\/div>\n\t\t\t\t\t<\/div>\n\t\t<\/div>\n\t\t\t\t<div class=\"elementor-column elementor-col-50 elementor-top-column elementor-element elementor-element-702cb3c\" data-id=\"702cb3c\" data-element_type=\"column\">\n\t\t\t<div class=\"elementor-widget-wrap elementor-element-populated\">\n\t\t\t\t\t\t<div class=\"elementor-element elementor-element-94d664c elementor-widget elementor-widget-text-editor\" data-id=\"94d664c\" data-element_type=\"widget\" data-widget_type=\"text-editor.default\">\n\t\t\t\t<div class=\"elementor-widget-container\">\n\t\t\t\t\t\t\t\t\t<p><strong>4 octobre<\/strong>: 8310 Bruges, Dries 2<br \/><strong>17 et 18 octobre<\/strong>: 7110 La Louvi\u00e8re, Avenue du Stade 23<br \/><strong>24 et 25 octobre<\/strong>: 2800 Mechelen, Bautersemstraat 57<\/p>\n\t\t\t\t\t\t\t\t<\/div>\n\t\t\t\t<\/div>\n\t\t\t\t\t<\/div>\n\t\t<\/div>\n\t\t\t\t\t<\/div>\n\t\t<\/section>\n\t\t\t\t<\/div>\n\t\t","protected":false},"excerpt":{"rendered":"<p>L&rsquo;UYG est n\u00e9e d&rsquo;un r\u00eave. Jacques Borl\u00e9e r\u00eavait d&rsquo;\u00e9galit\u00e9 et d&rsquo;opportunit\u00e9s. Il voulait partager ce r\u00eave avec les jeunes et l&rsquo;utiliser comme moteur de changement. Le r\u00eave des Jeux urbains [&hellip;]<\/p>\n","protected":false},"author":29,"featured_media":0,"parent":0,"menu_order":0,"comment_status":"closed","ping_status":"closed","template":"","meta":{"_acf_changed":false,"footnotes":""},"class_list":["post-35672","page","type-page","status-publish","hentry"],"acf":[],"_links":{"self":[{"href":"https:\/\/www.kiwanis.be\/fr\/wp-json\/wp\/v2\/pages\/35672","targetHints":{"allow":["GET"]}}],"collection":[{"href":"https:\/\/www.kiwanis.be\/fr\/wp-json\/wp\/v2\/pages"}],"about":[{"href":"https:\/\/www.kiwanis.be\/fr\/wp-json\/wp\/v2\/types\/page"}],"author":[{"embeddable":true,"href":"https:\/\/www.kiwanis.be\/fr\/wp-json\/wp\/v2\/users\/29"}],"replies":[{"embeddable":true,"href":"https:\/\/www.kiwanis.be\/fr\/wp-json\/wp\/v2\/comments?post=35672"}],"version-history":[{"count":3,"href":"https:\/\/www.kiwanis.be\/fr\/wp-json\/wp\/v2\/pages\/35672\/revisions"}],"predecessor-version":[{"id":35678,"href":"https:\/\/www.kiwanis.be\/fr\/wp-json\/wp\/v2\/pages\/35672\/revisions\/35678"}],"wp:attachment":[{"href":"https:\/\/www.kiwanis.be\/fr\/wp-json\/wp\/v2\/media?parent=35672"}],"curies":[{"name":"wp","href":"https:\/\/api.w.org\/{rel}","templated":true}]}}