{"id":35667,"date":"2024-03-28T21:14:14","date_gmt":"2024-03-28T20:14:14","guid":{"rendered":"https:\/\/kiwanis.www.kiwanis.be\/calendrier-du-kiwanis-kids-day\/"},"modified":"2024-03-28T22:50:13","modified_gmt":"2024-03-28T21:50:13","slug":"calendrier-du-kiwanis-kids-day","status":"publish","type":"page","link":"https:\/\/www.kiwanis.be\/fr\/calendrier-du-kiwanis-kids-day\/","title":{"rendered":"Calendrier du Kiwanis Kids Day"},"content":{"rendered":"\t\t<div data-elementor-type=\"wp-page\" data-elementor-id=\"35667\" class=\"elementor elementor-35667 elementor-35489\" data-elementor-post-type=\"page\">\n\t\t\t\t\t\t<section class=\"elementor-section elementor-top-section elementor-element elementor-element-51ea653 elementor-section-boxed elementor-section-height-default elementor-section-height-default\" data-id=\"51ea653\" data-element_type=\"section\">\n\t\t\t\t\t\t<div class=\"elementor-container elementor-column-gap-default\">\n\t\t\t\t\t<div class=\"elementor-column elementor-col-100 elementor-top-column elementor-element elementor-element-151831d\" data-id=\"151831d\" data-element_type=\"column\">\n\t\t\t<div class=\"elementor-widget-wrap elementor-element-populated\">\n\t\t\t\t\t\t<div class=\"elementor-element elementor-element-a53ba01 elementor-widget elementor-widget-text-editor\" data-id=\"a53ba01\" data-element_type=\"widget\" data-widget_type=\"text-editor.default\">\n\t\t\t\t<div class=\"elementor-widget-container\">\n\t\t\t\t\t\t\t\t\t<h4 class=\"p1\">Qu&rsquo;est-ce que le <span class=\"s1\">Kiwanis<\/span> Kids Day ?<\/h4>\n\t\t\t\t\t\t\t\t<\/div>\n\t\t\t\t<\/div>\n\t\t\t\t\t<\/div>\n\t\t<\/div>\n\t\t\t\t\t<\/div>\n\t\t<\/section>\n\t\t\t\t<section class=\"elementor-section elementor-top-section elementor-element elementor-element-180c4f0 elementor-section-boxed elementor-section-height-default elementor-section-height-default\" data-id=\"180c4f0\" data-element_type=\"section\">\n\t\t\t\t\t\t<div class=\"elementor-container elementor-column-gap-default\">\n\t\t\t\t\t<div class=\"elementor-column elementor-col-50 elementor-top-column elementor-element elementor-element-f89e8e8\" data-id=\"f89e8e8\" data-element_type=\"column\">\n\t\t\t<div class=\"elementor-widget-wrap elementor-element-populated\">\n\t\t\t\t\t\t<div class=\"elementor-element elementor-element-2274cd5 elementor-widget elementor-widget-image\" data-id=\"2274cd5\" data-element_type=\"widget\" data-widget_type=\"image.default\">\n\t\t\t\t<div class=\"elementor-widget-container\">\n\t\t\t\t\t\t\t\t\t\t\t\t\t\t\t<img fetchpriority=\"high\" decoding=\"async\" width=\"800\" height=\"519\" src=\"https:\/\/www.kiwanis.be\/wp-content\/uploads\/2024\/03\/kidsday.png\" class=\"attachment-large size-large wp-image-35477\" alt=\"\" srcset=\"https:\/\/www.kiwanis.be\/wp-content\/uploads\/2024\/03\/kidsday.png 944w, https:\/\/www.kiwanis.be\/wp-content\/uploads\/2024\/03\/kidsday-300x194.png 300w, https:\/\/www.kiwanis.be\/wp-content\/uploads\/2024\/03\/kidsday-768x498.png 768w, https:\/\/www.kiwanis.be\/wp-content\/uploads\/2024\/03\/kidsday-600x389.png 600w\" sizes=\"(max-width: 800px) 100vw, 800px\" title=\"\">\t\t\t\t\t\t\t\t\t\t\t\t\t\t\t<\/div>\n\t\t\t\t<\/div>\n\t\t\t\t\t<\/div>\n\t\t<\/div>\n\t\t\t\t<div class=\"elementor-column elementor-col-50 elementor-top-column elementor-element elementor-element-f3ddc54\" data-id=\"f3ddc54\" data-element_type=\"column\">\n\t\t\t<div class=\"elementor-widget-wrap elementor-element-populated\">\n\t\t\t\t\t\t<div class=\"elementor-element elementor-element-28ffd02 elementor-widget elementor-widget-image\" data-id=\"28ffd02\" data-element_type=\"widget\" data-widget_type=\"image.default\">\n\t\t\t\t<div class=\"elementor-widget-container\">\n\t\t\t\t\t\t\t\t\t\t\t\t\t\t\t<img decoding=\"async\" width=\"800\" height=\"519\" src=\"https:\/\/www.kiwanis.be\/wp-content\/uploads\/2024\/03\/kidsday-1-2.png\" class=\"attachment-large size-large wp-image-35526\" alt=\"\" srcset=\"https:\/\/www.kiwanis.be\/wp-content\/uploads\/2024\/03\/kidsday-1-2.png 944w, https:\/\/www.kiwanis.be\/wp-content\/uploads\/2024\/03\/kidsday-1-2-300x194.png 300w, https:\/\/www.kiwanis.be\/wp-content\/uploads\/2024\/03\/kidsday-1-2-768x498.png 768w, https:\/\/www.kiwanis.be\/wp-content\/uploads\/2024\/03\/kidsday-1-2-600x389.png 600w\" sizes=\"(max-width: 800px) 100vw, 800px\" title=\"\">\t\t\t\t\t\t\t\t\t\t\t\t\t\t\t<\/div>\n\t\t\t\t<\/div>\n\t\t\t\t\t<\/div>\n\t\t<\/div>\n\t\t\t\t\t<\/div>\n\t\t<\/section>\n\t\t\t\t<section class=\"elementor-section elementor-top-section elementor-element elementor-element-2a4cb24 elementor-section-boxed elementor-section-height-default elementor-section-height-default\" data-id=\"2a4cb24\" data-element_type=\"section\">\n\t\t\t\t\t\t<div class=\"elementor-container elementor-column-gap-default\">\n\t\t\t\t\t<div class=\"elementor-column elementor-col-50 elementor-top-column elementor-element elementor-element-7da3b03\" data-id=\"7da3b03\" data-element_type=\"column\">\n\t\t\t<div class=\"elementor-widget-wrap elementor-element-populated\">\n\t\t\t\t\t\t<div class=\"elementor-element elementor-element-ed5ce7b elementor-widget elementor-widget-text-editor\" data-id=\"ed5ce7b\" data-element_type=\"widget\" data-widget_type=\"text-editor.default\">\n\t\t\t\t<div class=\"elementor-widget-container\">\n\t\t\t\t\t\t\t\t\t<p class=\"p1\">En 2013, le Kiwanis club Tournai Picardie a organis\u00e9 une journ\u00e9e de jeux pour les enfants socialement vuln\u00e9rables de 6 \u00e0 12 ans de leur r\u00e9gion dans le cadre d&rsquo;une action sociale.<span class=\"Apple-converted-space\">                                        <\/span><\/p>\n<p class=\"p1\">Ce fut un succ\u00e8s retentissant :<span class=\"Apple-converted-space\"> <\/span>plus de 200 enfants ont pass\u00e9 la journ\u00e9e de leur vie au domaine de Pairi Daiza !<span class=\"Apple-converted-space\">                                                                                      <\/span><\/p>\n<p class=\"p1\">Les clubs Kiwanis des divisions de Namur, Luxembourg et Limbourg ont embo\u00eet\u00e9 le pas et ont \u00e9galement organis\u00e9 une telle action sociale dans leur r\u00e9gion.<span class=\"Apple-converted-space\">  <\/span>Ils ont invit\u00e9 des enfants d&rsquo;institutions et d&rsquo;\u00e9coles et ont organis\u00e9 une journ\u00e9e fantastique. L&rsquo;\u00e9v\u00e9nement &lsquo;Kiwanis Kids Day&rsquo; \u00e9tait n\u00e9 !<\/p>\n\t\t\t\t\t\t\t\t<\/div>\n\t\t\t\t<\/div>\n\t\t\t\t\t<\/div>\n\t\t<\/div>\n\t\t\t\t<div class=\"elementor-column elementor-col-50 elementor-top-column elementor-element elementor-element-8a628a1\" data-id=\"8a628a1\" data-element_type=\"column\">\n\t\t\t<div class=\"elementor-widget-wrap elementor-element-populated\">\n\t\t\t\t\t\t<div class=\"elementor-element elementor-element-f03dbbc elementor-widget elementor-widget-text-editor\" data-id=\"f03dbbc\" data-element_type=\"widget\" data-widget_type=\"text-editor.default\">\n\t\t\t\t<div class=\"elementor-widget-container\">\n\t\t\t\t\t\t\t\t\t<p class=\"p1\">En 2013, le Kiwanis club Tournai Picardie a organis\u00e9 une journ\u00e9e de jeux pour les enfants socialement vuln\u00e9rables de 6 \u00e0 12 ans de leur r\u00e9gion dans le cadre d&rsquo;une action sociale.<span class=\"Apple-converted-space\">                                        <\/span><\/p>\n<p class=\"p1\">Ce fut un succ\u00e8s retentissant :<span class=\"Apple-converted-space\"> <\/span>plus de 200 enfants ont pass\u00e9 la journ\u00e9e de leur vie au domaine de Pairi Daiza !<span class=\"Apple-converted-space\">                                                                                      <\/span><\/p>\n<p class=\"p1\">Les clubs Kiwanis des divisions de Namur, Luxembourg et Limbourg ont embo\u00eet\u00e9 le pas et ont \u00e9galement organis\u00e9 une telle action sociale dans leur r\u00e9gion.<span class=\"Apple-converted-space\">  <\/span>Ils ont invit\u00e9 des enfants d&rsquo;institutions et d&rsquo;\u00e9coles et ont organis\u00e9 une journ\u00e9e fantastique. L&rsquo;\u00e9v\u00e9nement &lsquo;Kiwanis Kids Day&rsquo; \u00e9tait n\u00e9 !<\/p>\n\t\t\t\t\t\t\t\t<\/div>\n\t\t\t\t<\/div>\n\t\t\t\t\t<\/div>\n\t\t<\/div>\n\t\t\t\t\t<\/div>\n\t\t<\/section>\n\t\t\t\t<section class=\"elementor-section elementor-top-section elementor-element elementor-element-5b23bd0 elementor-section-boxed elementor-section-height-default elementor-section-height-default\" data-id=\"5b23bd0\" data-element_type=\"section\">\n\t\t\t\t\t\t<div class=\"elementor-container elementor-column-gap-default\">\n\t\t\t\t\t<div class=\"elementor-column elementor-col-33 elementor-top-column elementor-element elementor-element-c790567\" data-id=\"c790567\" data-element_type=\"column\">\n\t\t\t<div class=\"elementor-widget-wrap\">\n\t\t\t\t\t\t\t<\/div>\n\t\t<\/div>\n\t\t\t\t<div class=\"elementor-column elementor-col-33 elementor-top-column elementor-element elementor-element-9f1b527\" data-id=\"9f1b527\" data-element_type=\"column\">\n\t\t\t<div class=\"elementor-widget-wrap elementor-element-populated\">\n\t\t\t\t\t\t<div class=\"elementor-element elementor-element-f9b1a79 elementor-widget elementor-widget-image\" data-id=\"f9b1a79\" data-element_type=\"widget\" data-widget_type=\"image.default\">\n\t\t\t\t<div class=\"elementor-widget-container\">\n\t\t\t\t\t\t\t\t\t\t\t\t\t\t\t<img decoding=\"async\" width=\"800\" height=\"420\" src=\"https:\/\/www.kiwanis.be\/wp-content\/uploads\/2024\/03\/kidsdaylogo-1024x537.png\" class=\"attachment-large size-large wp-image-35533\" alt=\"\" srcset=\"https:\/\/www.kiwanis.be\/wp-content\/uploads\/2024\/03\/kidsdaylogo-1024x537.png 1024w, https:\/\/www.kiwanis.be\/wp-content\/uploads\/2024\/03\/kidsdaylogo-300x157.png 300w, https:\/\/www.kiwanis.be\/wp-content\/uploads\/2024\/03\/kidsdaylogo-768x403.png 768w, https:\/\/www.kiwanis.be\/wp-content\/uploads\/2024\/03\/kidsdaylogo-600x314.png 600w, https:\/\/www.kiwanis.be\/wp-content\/uploads\/2024\/03\/kidsdaylogo.png 1181w\" sizes=\"(max-width: 800px) 100vw, 800px\" title=\"\">\t\t\t\t\t\t\t\t\t\t\t\t\t\t\t<\/div>\n\t\t\t\t<\/div>\n\t\t\t\t\t<\/div>\n\t\t<\/div>\n\t\t\t\t<div class=\"elementor-column elementor-col-33 elementor-top-column elementor-element elementor-element-0a9bb7a\" data-id=\"0a9bb7a\" data-element_type=\"column\">\n\t\t\t<div class=\"elementor-widget-wrap\">\n\t\t\t\t\t\t\t<\/div>\n\t\t<\/div>\n\t\t\t\t\t<\/div>\n\t\t<\/section>\n\t\t\t\t<section class=\"elementor-section elementor-top-section elementor-element elementor-element-3e98537 elementor-section-boxed elementor-section-height-default elementor-section-height-default\" data-id=\"3e98537\" data-element_type=\"section\">\n\t\t\t\t\t\t<div class=\"elementor-container elementor-column-gap-default\">\n\t\t\t\t\t<div class=\"elementor-column elementor-col-100 elementor-top-column elementor-element elementor-element-7d035d8\" data-id=\"7d035d8\" data-element_type=\"column\">\n\t\t\t<div class=\"elementor-widget-wrap elementor-element-populated\">\n\t\t\t\t\t\t<div class=\"elementor-element elementor-element-e057ef3 elementor-widget elementor-widget-text-editor\" data-id=\"e057ef3\" data-element_type=\"widget\" data-widget_type=\"text-editor.default\">\n\t\t\t\t<div class=\"elementor-widget-container\">\n\t\t\t\t\t\t\t\t\t<h4 class=\"p1\">Calendrier<\/h4>\n\t\t\t\t\t\t\t\t<\/div>\n\t\t\t\t<\/div>\n\t\t\t\t<div class=\"elementor-element elementor-element-618bbcb elementor-widget elementor-widget-text-editor\" data-id=\"618bbcb\" data-element_type=\"widget\" data-widget_type=\"text-editor.default\">\n\t\t\t\t<div class=\"elementor-widget-container\">\n\t\t\t\t\t\t\t\t\t<p><strong>28 avril au 5 mai 2024 :<br \/><\/strong> KIWANIS<strong>Enfants \u00e0 la mer \u00e0 DE PANNE<\/strong> &#8211; organisation des divisions Namur, Hainaut Est, Hainaut Ouest <br \/>Info : Francine Versavel (KC Le Roeulx Ville Princi\u00e8re &#8211; francine.versavel@gmail.com)<\/p>\n<p><strong>4 mai 2024 <br \/><\/strong> KIWANIS KIDS <strong>DAY dans l&rsquo;Eifelpark de Gondorf<\/strong> &#8211; organisation KC Eisleck &#8211; info : Patrick Niederkorn &#8211; kiki@pt.lu<br \/><strong><br \/>8, 9 et 10 mai 2024<br \/>pecial Olympics Belgium \u00e0 La Louvi\u00e8re<\/strong> &#8211; info : Martin Duflou (KC Brugge Vives &#8211; martin@duflou.be)<br \/><strong><br \/>25 mai 2024<br \/><\/strong> KIWANIS KIDS <strong>DAY \u00e0 Pairi Daiza<\/strong> &#8211; organisation + info : Matthieu Boutiau (KC Tournai Picardie &#8211; mathieu.boutiau@www.kiwanis.be)<br \/><strong><br \/>1er juin 2024<br \/><\/strong> KIWANIS KIDS <strong>DAY au Sport und Ferienpark Worriken<\/strong> &#8211; organisation du KC Eupen, KC Eupen Grenzenlos, KC Kelmis Inspiration, KC Kelmis G\u00f6hltal, KC Sankt Vith Eifel &#8211; info : Eric Fonk (KC Sankt Vith &#8211; erik.fonk@backwaren.be)<br \/><strong><br \/>2 juin 2024<br \/><\/strong> KIWANIS KIDS <strong>STAR \u00e0 Li\u00e8ge<\/strong> &#8211; organisation division Li\u00e8ge &#8211; info : Lt-Gv Michel Francois &#8211; lg.lie@www.kiwanis.be<br \/><strong><br \/>22 juin 2024<br \/><\/strong> KIWANIS KIDS <strong>DAY LIMBURG \u00e0 Sint Truiden<\/strong>: organisation divisions Limburg-Kempen + Limburg-Haspengouw &#8211; info : Jef Otte (KC Tessenderlo Alchemia &#8211; jef.otte@www.kiwanis.be )<br \/><strong><br \/>27 septembre 2024<br \/><\/strong> KIWANIS KIDS <strong>DAY \u00e0 Martelange<\/strong> &#8211; organisation KC Martelange Haute Sure &#8211; info : Jean-Pierre De Clercq &#8211; jp.declercq@outlook.fr )<br \/><strong><br \/>18 d\u00e9c. 2024<br \/><\/strong> KIWANIS <strong>CHILDRENS WHEEL \u00e0 Gand<\/strong> &#8211; division organisationnelle East Flanders Center &#8211; info : Lt-Gv Ilse Dekeukelaere &#8211; lg.ovc@www.kiwanis.be<\/p>\n\t\t\t\t\t\t\t\t<\/div>\n\t\t\t\t<\/div>\n\t\t\t\t\t<\/div>\n\t\t<\/div>\n\t\t\t\t\t<\/div>\n\t\t<\/section>\n\t\t\t\t<\/div>\n\t\t","protected":false},"excerpt":{"rendered":"<p>Qu&rsquo;est-ce que le Kiwanis Kids Day ? En 2013, le Kiwanis club Tournai Picardie a organis\u00e9 une journ\u00e9e de jeux pour les enfants socialement vuln\u00e9rables de 6 \u00e0 12 ans [&hellip;]<\/p>\n","protected":false},"author":29,"featured_media":0,"parent":0,"menu_order":0,"comment_status":"closed","ping_status":"closed","template":"","meta":{"_acf_changed":false,"footnotes":""},"class_list":["post-35667","page","type-page","status-publish","hentry"],"acf":[],"_links":{"self":[{"href":"https:\/\/www.kiwanis.be\/fr\/wp-json\/wp\/v2\/pages\/35667","targetHints":{"allow":["GET"]}}],"collection":[{"href":"https:\/\/www.kiwanis.be\/fr\/wp-json\/wp\/v2\/pages"}],"about":[{"href":"https:\/\/www.kiwanis.be\/fr\/wp-json\/wp\/v2\/types\/page"}],"author":[{"embeddable":true,"href":"https:\/\/www.kiwanis.be\/fr\/wp-json\/wp\/v2\/users\/29"}],"replies":[{"embeddable":true,"href":"https:\/\/www.kiwanis.be\/fr\/wp-json\/wp\/v2\/comments?post=35667"}],"version-history":[{"count":1,"href":"https:\/\/www.kiwanis.be\/fr\/wp-json\/wp\/v2\/pages\/35667\/revisions"}],"predecessor-version":[{"id":35668,"href":"https:\/\/www.kiwanis.be\/fr\/wp-json\/wp\/v2\/pages\/35667\/revisions\/35668"}],"wp:attachment":[{"href":"https:\/\/www.kiwanis.be\/fr\/wp-json\/wp\/v2\/media?parent=35667"}],"curies":[{"name":"wp","href":"https:\/\/api.w.org\/{rel}","templated":true}]}}