{"id":30507,"date":"2023-10-09T18:42:07","date_gmt":"2023-10-09T16:42:07","guid":{"rendered":"https:\/\/kiwanis.www.kiwanis.be\/pret-de-materiel\/"},"modified":"2026-04-01T10:07:17","modified_gmt":"2026-04-01T08:07:17","slug":"pret-de-materiel","status":"publish","type":"page","link":"https:\/\/www.kiwanis.be\/fr\/pret-de-materiel\/","title":{"rendered":"Service de pr\u00eat"},"content":{"rendered":"\t\t<div data-elementor-type=\"wp-page\" data-elementor-id=\"30507\" class=\"elementor elementor-30507 elementor-30262\" data-elementor-post-type=\"page\">\n\t\t\t\t\t\t<section class=\"elementor-section elementor-top-section elementor-element elementor-element-88fbb70 elementor-section-boxed elementor-section-height-default elementor-section-height-default\" data-id=\"88fbb70\" data-element_type=\"section\">\n\t\t\t\t\t\t<div class=\"elementor-container elementor-column-gap-default\">\n\t\t\t\t\t<div class=\"elementor-column elementor-col-100 elementor-top-column elementor-element elementor-element-538480a\" data-id=\"538480a\" data-element_type=\"column\">\n\t\t\t<div class=\"elementor-widget-wrap elementor-element-populated\">\n\t\t\t\t\t\t<div class=\"elementor-element elementor-element-a4e5b41 elementor-widget elementor-widget-text-editor\" data-id=\"a4e5b41\" data-element_type=\"widget\" data-widget_type=\"text-editor.default\">\n\t\t\t\t<div class=\"elementor-widget-container\">\n\t\t\t\t\t\t\t\t\t<h3 class=\"p1\"><span class=\"s1\">D\u00e9couvrez notre service de pr\u00eat pour votre \u00e9v\u00e9nement Kiwanis !<\/span><\/h3>\t\t\t\t\t\t\t\t<\/div>\n\t\t\t\t<\/div>\n\t\t\t\t\t<\/div>\n\t\t<\/div>\n\t\t\t\t\t<\/div>\n\t\t<\/section>\n\t\t\t\t<section class=\"elementor-section elementor-top-section elementor-element elementor-element-b21f7dc elementor-section-boxed elementor-section-height-default elementor-section-height-default\" data-id=\"b21f7dc\" data-element_type=\"section\">\n\t\t\t\t\t\t<div class=\"elementor-container elementor-column-gap-default\">\n\t\t\t\t\t<div class=\"elementor-column elementor-col-100 elementor-top-column elementor-element elementor-element-de588df\" data-id=\"de588df\" data-element_type=\"column\">\n\t\t\t<div class=\"elementor-widget-wrap elementor-element-populated\">\n\t\t\t\t\t\t<div class=\"elementor-element elementor-element-68e6bc8 elementor-align-center elementor-widget elementor-widget-button\" data-id=\"68e6bc8\" data-element_type=\"widget\" data-widget_type=\"button.default\">\n\t\t\t\t<div class=\"elementor-widget-container\">\n\t\t\t\t\t\t\t\t\t<div class=\"elementor-button-wrapper\">\n\t\t\t\t\t<a class=\"elementor-button elementor-button-link elementor-size-sm\" href=\"https:\/\/www.kiwanis.be\/wp-content\/uploads\/2024\/12\/richtlijnen-uitleendienst_08122024.pdf\">\n\t\t\t\t\t\t<span class=\"elementor-button-content-wrapper\">\n\t\t\t\t\t\t\t\t\t<span class=\"elementor-button-text\">Service de pr\u00eat de mat\u00e9riel de visibilit\u00e9 pour les lignes directrices<\/span>\n\t\t\t\t\t<\/span>\n\t\t\t\t\t<\/a>\n\t\t\t\t<\/div>\n\t\t\t\t\t\t\t\t<\/div>\n\t\t\t\t<\/div>\n\t\t\t\t\t<\/div>\n\t\t<\/div>\n\t\t\t\t\t<\/div>\n\t\t<\/section>\n\t\t\t\t<section class=\"elementor-section elementor-top-section elementor-element elementor-element-48e1e98 elementor-section-boxed elementor-section-height-default elementor-section-height-default\" data-id=\"48e1e98\" data-element_type=\"section\">\n\t\t\t\t\t\t<div class=\"elementor-container elementor-column-gap-default\">\n\t\t\t\t\t<div class=\"elementor-column elementor-col-33 elementor-top-column elementor-element elementor-element-d24da51\" data-id=\"d24da51\" data-element_type=\"column\">\n\t\t\t<div class=\"elementor-widget-wrap elementor-element-populated\">\n\t\t\t\t\t\t<div class=\"elementor-element elementor-element-1f4bec5 elementor-widget elementor-widget-image\" data-id=\"1f4bec5\" data-element_type=\"widget\" data-widget_type=\"image.default\">\n\t\t\t\t<div class=\"elementor-widget-container\">\n\t\t\t\t\t\t\t\t\t\t\t\t<figure class=\"wp-caption\">\n\t\t\t\t\t\t\t\t\t\t\t<a href=\"https:\/\/www.kiwanis.be\/wp-content\/uploads\/2023\/10\/bigdol.png\" data-elementor-open-lightbox=\"yes\" data-elementor-lightbox-title=\"bigdol\" data-e-action-hash=\"#elementor-action%3Aaction%3Dlightbox%26settings%3DeyJpZCI6MzAzMTEsInVybCI6Imh0dHBzOlwvXC93d3cua2l3YW5pcy5iZVwvd3AtY29udGVudFwvdXBsb2Fkc1wvMjAyM1wvMTBcL2JpZ2RvbC5wbmcifQ%3D%3D\">\n\t\t\t\t\t\t\t<img fetchpriority=\"high\" decoding=\"async\" width=\"800\" height=\"600\" src=\"https:\/\/www.kiwanis.be\/wp-content\/uploads\/2023\/10\/bigdol-1024x768.png\" class=\"attachment-large size-large wp-image-30311\" alt=\"\" srcset=\"https:\/\/www.kiwanis.be\/wp-content\/uploads\/2023\/10\/bigdol-1024x768.png 1024w, https:\/\/www.kiwanis.be\/wp-content\/uploads\/2023\/10\/bigdol-300x225.png 300w, https:\/\/www.kiwanis.be\/wp-content\/uploads\/2023\/10\/bigdol-768x576.png 768w, https:\/\/www.kiwanis.be\/wp-content\/uploads\/2023\/10\/bigdol-1536x1151.png 1536w, https:\/\/www.kiwanis.be\/wp-content\/uploads\/2023\/10\/bigdol-2048x1535.png 2048w, https:\/\/www.kiwanis.be\/wp-content\/uploads\/2023\/10\/bigdol-600x450.png 600w\" sizes=\"(max-width: 800px) 100vw, 800px\" title=\"\">\t\t\t\t\t\t\t\t<\/a>\n\t\t\t\t\t\t\t\t\t\t\t<figcaption class=\"widget-image-caption wp-caption-text\">Poup\u00e9e gonflable 4m + lumi\u00e8re<\/figcaption>\n\t\t\t\t\t\t\t\t\t\t<\/figure>\n\t\t\t\t\t\t\t\t\t<\/div>\n\t\t\t\t<\/div>\n\t\t\t\t\t<\/div>\n\t\t<\/div>\n\t\t\t\t<div class=\"elementor-column elementor-col-33 elementor-top-column elementor-element elementor-element-a2e0e3d\" data-id=\"a2e0e3d\" data-element_type=\"column\">\n\t\t\t<div class=\"elementor-widget-wrap elementor-element-populated\">\n\t\t\t\t\t\t<div class=\"elementor-element elementor-element-370c075 elementor-widget elementor-widget-image\" data-id=\"370c075\" data-element_type=\"widget\" data-widget_type=\"image.default\">\n\t\t\t\t<div class=\"elementor-widget-container\">\n\t\t\t\t\t\t\t\t\t\t\t\t<figure class=\"wp-caption\">\n\t\t\t\t\t\t\t\t\t\t\t<a href=\"https:\/\/www.kiwanis.be\/wp-content\/uploads\/2023\/10\/triomfboog.png\" data-elementor-open-lightbox=\"yes\" data-elementor-lightbox-title=\"triomfboog\" data-e-action-hash=\"#elementor-action%3Aaction%3Dlightbox%26settings%3DeyJpZCI6MzAyOTcsInVybCI6Imh0dHBzOlwvXC93d3cua2l3YW5pcy5iZVwvd3AtY29udGVudFwvdXBsb2Fkc1wvMjAyM1wvMTBcL3RyaW9tZmJvb2cucG5nIn0%3D\">\n\t\t\t\t\t\t\t<img decoding=\"async\" width=\"800\" height=\"600\" src=\"https:\/\/www.kiwanis.be\/wp-content\/uploads\/2023\/10\/triomfboog-1024x768.png\" class=\"attachment-large size-large wp-image-30297\" alt=\"\" srcset=\"https:\/\/www.kiwanis.be\/wp-content\/uploads\/2023\/10\/triomfboog-1024x768.png 1024w, https:\/\/www.kiwanis.be\/wp-content\/uploads\/2023\/10\/triomfboog-300x225.png 300w, https:\/\/www.kiwanis.be\/wp-content\/uploads\/2023\/10\/triomfboog-768x576.png 768w, https:\/\/www.kiwanis.be\/wp-content\/uploads\/2023\/10\/triomfboog-1536x1152.png 1536w, https:\/\/www.kiwanis.be\/wp-content\/uploads\/2023\/10\/triomfboog-2048x1536.png 2048w, https:\/\/www.kiwanis.be\/wp-content\/uploads\/2023\/10\/triomfboog-600x450.png 600w\" sizes=\"(max-width: 800px) 100vw, 800px\" title=\"\">\t\t\t\t\t\t\t\t<\/a>\n\t\t\t\t\t\t\t\t\t\t\t<figcaption class=\"widget-image-caption wp-caption-text\">Arche d'arriv\u00e9e 600 x 380 cm<\/figcaption>\n\t\t\t\t\t\t\t\t\t\t<\/figure>\n\t\t\t\t\t\t\t\t\t<\/div>\n\t\t\t\t<\/div>\n\t\t\t\t\t<\/div>\n\t\t<\/div>\n\t\t\t\t<div class=\"elementor-column elementor-col-33 elementor-top-column elementor-element elementor-element-95e1b81\" data-id=\"95e1b81\" data-element_type=\"column\">\n\t\t\t<div class=\"elementor-widget-wrap elementor-element-populated\">\n\t\t\t\t\t\t<div class=\"elementor-element elementor-element-e93c843 elementor-widget elementor-widget-image\" data-id=\"e93c843\" data-element_type=\"widget\" data-widget_type=\"image.default\">\n\t\t\t\t<div class=\"elementor-widget-container\">\n\t\t\t\t\t\t\t\t\t\t\t\t<figure class=\"wp-caption\">\n\t\t\t\t\t\t\t\t\t\t\t<a href=\"https:\/\/www.kiwanis.be\/wp-content\/uploads\/2023\/10\/skydancer-scaled.jpeg\" data-elementor-open-lightbox=\"yes\" data-elementor-lightbox-title=\"skydancer\" data-e-action-hash=\"#elementor-action%3Aaction%3Dlightbox%26settings%3DeyJpZCI6MzAzMDQsInVybCI6Imh0dHBzOlwvXC93d3cua2l3YW5pcy5iZVwvd3AtY29udGVudFwvdXBsb2Fkc1wvMjAyM1wvMTBcL3NreWRhbmNlci1zY2FsZWQuanBlZyJ9\">\n\t\t\t\t\t\t\t<img decoding=\"async\" width=\"800\" height=\"600\" src=\"https:\/\/www.kiwanis.be\/wp-content\/uploads\/2023\/10\/skydancer-1024x768.jpeg\" class=\"attachment-large size-large wp-image-30304\" alt=\"\" srcset=\"https:\/\/www.kiwanis.be\/wp-content\/uploads\/2023\/10\/skydancer-1024x768.jpeg 1024w, https:\/\/www.kiwanis.be\/wp-content\/uploads\/2023\/10\/skydancer-300x225.jpeg 300w, https:\/\/www.kiwanis.be\/wp-content\/uploads\/2023\/10\/skydancer-768x576.jpeg 768w, https:\/\/www.kiwanis.be\/wp-content\/uploads\/2023\/10\/skydancer-1536x1151.jpeg 1536w, https:\/\/www.kiwanis.be\/wp-content\/uploads\/2023\/10\/skydancer-2048x1535.jpeg 2048w, https:\/\/www.kiwanis.be\/wp-content\/uploads\/2023\/10\/skydancer-600x450.jpeg 600w\" sizes=\"(max-width: 800px) 100vw, 800px\" title=\"\">\t\t\t\t\t\t\t\t<\/a>\n\t\t\t\t\t\t\t\t\t\t\t<figcaption class=\"widget-image-caption wp-caption-text\">Skydancer 6 m\u00e8tres<\/figcaption>\n\t\t\t\t\t\t\t\t\t\t<\/figure>\n\t\t\t\t\t\t\t\t\t<\/div>\n\t\t\t\t<\/div>\n\t\t\t\t\t<\/div>\n\t\t<\/div>\n\t\t\t\t\t<\/div>\n\t\t<\/section>\n\t\t\t\t<section class=\"elementor-section elementor-top-section elementor-element elementor-element-d4eae87 elementor-section-boxed elementor-section-height-default elementor-section-height-default\" data-id=\"d4eae87\" data-element_type=\"section\">\n\t\t\t\t\t\t<div class=\"elementor-container elementor-column-gap-default\">\n\t\t\t\t\t<div class=\"elementor-column elementor-col-33 elementor-top-column elementor-element elementor-element-bd6e472\" data-id=\"bd6e472\" data-element_type=\"column\">\n\t\t\t<div class=\"elementor-widget-wrap elementor-element-populated\">\n\t\t\t\t\t\t<div class=\"elementor-element elementor-element-59cfdc3 elementor-widget elementor-widget-image\" data-id=\"59cfdc3\" data-element_type=\"widget\" data-widget_type=\"image.default\">\n\t\t\t\t<div class=\"elementor-widget-container\">\n\t\t\t\t\t\t\t\t\t\t\t\t<figure class=\"wp-caption\">\n\t\t\t\t\t\t\t\t\t\t\t<a href=\"https:\/\/www.kiwanis.be\/wp-content\/uploads\/2023\/10\/grote-tent-scaled.jpg\" data-elementor-open-lightbox=\"yes\" data-elementor-lightbox-title=\"grote tent\" data-e-action-hash=\"#elementor-action%3Aaction%3Dlightbox%26settings%3DeyJpZCI6MzAzMjEsInVybCI6Imh0dHBzOlwvXC93d3cua2l3YW5pcy5iZVwvd3AtY29udGVudFwvdXBsb2Fkc1wvMjAyM1wvMTBcL2dyb3RlLXRlbnQtc2NhbGVkLmpwZyJ9\">\n\t\t\t\t\t\t\t<img loading=\"lazy\" decoding=\"async\" width=\"800\" height=\"600\" src=\"https:\/\/www.kiwanis.be\/wp-content\/uploads\/2023\/10\/grote-tent-1024x768.jpg\" class=\"attachment-large size-large wp-image-30321\" alt=\"\" srcset=\"https:\/\/www.kiwanis.be\/wp-content\/uploads\/2023\/10\/grote-tent-1024x768.jpg 1024w, https:\/\/www.kiwanis.be\/wp-content\/uploads\/2023\/10\/grote-tent-300x225.jpg 300w, https:\/\/www.kiwanis.be\/wp-content\/uploads\/2023\/10\/grote-tent-768x576.jpg 768w, https:\/\/www.kiwanis.be\/wp-content\/uploads\/2023\/10\/grote-tent-1536x1152.jpg 1536w, https:\/\/www.kiwanis.be\/wp-content\/uploads\/2023\/10\/grote-tent-2048x1536.jpg 2048w, https:\/\/www.kiwanis.be\/wp-content\/uploads\/2023\/10\/grote-tent-600x450.jpg 600w\" sizes=\"(max-width: 800px) 100vw, 800px\" title=\"\">\t\t\t\t\t\t\t\t<\/a>\n\t\t\t\t\t\t\t\t\t\t\t<figcaption class=\"widget-image-caption wp-caption-text\">Tente 3 x 6 m\u00e8tres<\/figcaption>\n\t\t\t\t\t\t\t\t\t\t<\/figure>\n\t\t\t\t\t\t\t\t\t<\/div>\n\t\t\t\t<\/div>\n\t\t\t\t\t<\/div>\n\t\t<\/div>\n\t\t\t\t<div class=\"elementor-column elementor-col-33 elementor-top-column elementor-element elementor-element-3302a5a\" data-id=\"3302a5a\" data-element_type=\"column\">\n\t\t\t<div class=\"elementor-widget-wrap elementor-element-populated\">\n\t\t\t\t\t\t<div class=\"elementor-element elementor-element-b0802db elementor-widget elementor-widget-image\" data-id=\"b0802db\" data-element_type=\"widget\" data-widget_type=\"image.default\">\n\t\t\t\t<div class=\"elementor-widget-container\">\n\t\t\t\t\t\t\t\t\t\t\t\t<figure class=\"wp-caption\">\n\t\t\t\t\t\t\t\t\t\t\t<a href=\"https:\/\/www.kiwanis.be\/wp-content\/uploads\/2023\/10\/beachflag.png\" data-elementor-open-lightbox=\"yes\" data-elementor-lightbox-title=\"beachflag\" data-e-action-hash=\"#elementor-action%3Aaction%3Dlightbox%26settings%3DeyJpZCI6MzAzMjgsInVybCI6Imh0dHBzOlwvXC93d3cua2l3YW5pcy5iZVwvd3AtY29udGVudFwvdXBsb2Fkc1wvMjAyM1wvMTBcL2JlYWNoZmxhZy5wbmcifQ%3D%3D\">\n\t\t\t\t\t\t\t<img loading=\"lazy\" decoding=\"async\" width=\"800\" height=\"600\" src=\"https:\/\/www.kiwanis.be\/wp-content\/uploads\/2023\/10\/beachflag-1024x768.png\" class=\"attachment-large size-large wp-image-30328\" alt=\"\" srcset=\"https:\/\/www.kiwanis.be\/wp-content\/uploads\/2023\/10\/beachflag-1024x768.png 1024w, https:\/\/www.kiwanis.be\/wp-content\/uploads\/2023\/10\/beachflag-300x225.png 300w, https:\/\/www.kiwanis.be\/wp-content\/uploads\/2023\/10\/beachflag-768x576.png 768w, https:\/\/www.kiwanis.be\/wp-content\/uploads\/2023\/10\/beachflag-1536x1151.png 1536w, https:\/\/www.kiwanis.be\/wp-content\/uploads\/2023\/10\/beachflag-2048x1535.png 2048w, https:\/\/www.kiwanis.be\/wp-content\/uploads\/2023\/10\/beachflag-600x450.png 600w\" sizes=\"(max-width: 800px) 100vw, 800px\" title=\"\">\t\t\t\t\t\t\t\t<\/a>\n\t\t\t\t\t\t\t\t\t\t\t<figcaption class=\"widget-image-caption wp-caption-text\">Arche d'arriv\u00e9e 600 x 380 cm<\/figcaption>\n\t\t\t\t\t\t\t\t\t\t<\/figure>\n\t\t\t\t\t\t\t\t\t<\/div>\n\t\t\t\t<\/div>\n\t\t\t\t\t<\/div>\n\t\t<\/div>\n\t\t\t\t<div class=\"elementor-column elementor-col-33 elementor-top-column elementor-element elementor-element-ab219c5\" data-id=\"ab219c5\" data-element_type=\"column\">\n\t\t\t<div class=\"elementor-widget-wrap elementor-element-populated\">\n\t\t\t\t\t\t<div class=\"elementor-element elementor-element-5c2fbc8 elementor-widget elementor-widget-image\" data-id=\"5c2fbc8\" data-element_type=\"widget\" data-widget_type=\"image.default\">\n\t\t\t\t<div class=\"elementor-widget-container\">\n\t\t\t\t\t\t\t\t\t\t\t\t<figure class=\"wp-caption\">\n\t\t\t\t\t\t\t\t\t\t\t<a href=\"https:\/\/www.kiwanis.be\/wp-content\/uploads\/2023\/10\/tent.png\" data-elementor-open-lightbox=\"yes\" data-elementor-lightbox-title=\"tent\" data-e-action-hash=\"#elementor-action%3Aaction%3Dlightbox%26settings%3DeyJpZCI6MzAzMzUsInVybCI6Imh0dHBzOlwvXC93d3cua2l3YW5pcy5iZVwvd3AtY29udGVudFwvdXBsb2Fkc1wvMjAyM1wvMTBcL3RlbnQucG5nIn0%3D\">\n\t\t\t\t\t\t\t<img loading=\"lazy\" decoding=\"async\" width=\"800\" height=\"600\" src=\"https:\/\/www.kiwanis.be\/wp-content\/uploads\/2023\/10\/tent-1024x768.png\" class=\"attachment-large size-large wp-image-30335\" alt=\"\" srcset=\"https:\/\/www.kiwanis.be\/wp-content\/uploads\/2023\/10\/tent-1024x768.png 1024w, https:\/\/www.kiwanis.be\/wp-content\/uploads\/2023\/10\/tent-300x225.png 300w, https:\/\/www.kiwanis.be\/wp-content\/uploads\/2023\/10\/tent-768x576.png 768w, https:\/\/www.kiwanis.be\/wp-content\/uploads\/2023\/10\/tent-600x450.png 600w, https:\/\/www.kiwanis.be\/wp-content\/uploads\/2023\/10\/tent.png 1134w\" sizes=\"(max-width: 800px) 100vw, 800px\" title=\"\">\t\t\t\t\t\t\t\t<\/a>\n\t\t\t\t\t\t\t\t\t\t\t<figcaption class=\"widget-image-caption wp-caption-text\">Tente 3m x 3m<\/figcaption>\n\t\t\t\t\t\t\t\t\t\t<\/figure>\n\t\t\t\t\t\t\t\t\t<\/div>\n\t\t\t\t<\/div>\n\t\t\t\t\t<\/div>\n\t\t<\/div>\n\t\t\t\t\t<\/div>\n\t\t<\/section>\n\t\t\t\t<section class=\"elementor-section elementor-top-section elementor-element elementor-element-7196574 elementor-section-boxed elementor-section-height-default elementor-section-height-default\" data-id=\"7196574\" data-element_type=\"section\">\n\t\t\t\t\t\t<div class=\"elementor-container elementor-column-gap-default\">\n\t\t\t\t\t<div class=\"elementor-column elementor-col-100 elementor-top-column elementor-element elementor-element-4b5dc84\" data-id=\"4b5dc84\" data-element_type=\"column\">\n\t\t\t<div class=\"elementor-widget-wrap elementor-element-populated\">\n\t\t\t\t\t\t<div class=\"elementor-element elementor-element-10e7d1b elementor-widget elementor-widget-text-editor\" data-id=\"10e7d1b\" data-element_type=\"widget\" data-widget_type=\"text-editor.default\">\n\t\t\t\t<div class=\"elementor-widget-container\">\n\t\t\t\t\t\t\t\t\t<p>Pour plus d&rsquo;informations et pour r\u00e9server, envoyez un courriel \u00e0 l&rsquo;adresse suivante : <a href=\"mailto:lending@kiwanis.be\">lending@kiwanis.be<\/a><\/p>\t\t\t\t\t\t\t\t<\/div>\n\t\t\t\t<\/div>\n\t\t\t\t\t<\/div>\n\t\t<\/div>\n\t\t\t\t\t<\/div>\n\t\t<\/section>\n\t\t\t\t<section class=\"elementor-section elementor-top-section elementor-element elementor-element-54bebf3 elementor-section-boxed elementor-section-height-default elementor-section-height-default\" data-id=\"54bebf3\" data-element_type=\"section\">\n\t\t\t\t\t\t<div class=\"elementor-container elementor-column-gap-default\">\n\t\t\t\t\t<div class=\"elementor-column elementor-col-100 elementor-top-column elementor-element elementor-element-19c9626\" data-id=\"19c9626\" data-element_type=\"column\">\n\t\t\t<div class=\"elementor-widget-wrap elementor-element-populated\">\n\t\t\t\t\t\t\t<\/div>\n\t\t<\/div>\n\t\t\t\t\t<\/div>\n\t\t<\/section>\n\t\t\t\t<\/div>\n\t\t","protected":false},"excerpt":{"rendered":"<p>D\u00e9couvrez notre service de pr\u00eat pour votre \u00e9v\u00e9nement Kiwanis ! Service de pr\u00eat de mat\u00e9riel de visibilit\u00e9 pour les lignes directrices Poup\u00e9e gonflable 4m + lumi\u00e8re Arche d&rsquo;arriv\u00e9e 600 x [&hellip;]<\/p>\n","protected":false},"author":29,"featured_media":0,"parent":0,"menu_order":0,"comment_status":"closed","ping_status":"closed","template":"","meta":{"_acf_changed":false,"footnotes":""},"class_list":["post-30507","page","type-page","status-publish","hentry"],"acf":[],"_links":{"self":[{"href":"https:\/\/www.kiwanis.be\/fr\/wp-json\/wp\/v2\/pages\/30507","targetHints":{"allow":["GET"]}}],"collection":[{"href":"https:\/\/www.kiwanis.be\/fr\/wp-json\/wp\/v2\/pages"}],"about":[{"href":"https:\/\/www.kiwanis.be\/fr\/wp-json\/wp\/v2\/types\/page"}],"author":[{"embeddable":true,"href":"https:\/\/www.kiwanis.be\/fr\/wp-json\/wp\/v2\/users\/29"}],"replies":[{"embeddable":true,"href":"https:\/\/www.kiwanis.be\/fr\/wp-json\/wp\/v2\/comments?post=30507"}],"version-history":[{"count":20,"href":"https:\/\/www.kiwanis.be\/fr\/wp-json\/wp\/v2\/pages\/30507\/revisions"}],"predecessor-version":[{"id":58624,"href":"https:\/\/www.kiwanis.be\/fr\/wp-json\/wp\/v2\/pages\/30507\/revisions\/58624"}],"wp:attachment":[{"href":"https:\/\/www.kiwanis.be\/fr\/wp-json\/wp\/v2\/media?parent=30507"}],"curies":[{"name":"wp","href":"https:\/\/api.w.org\/{rel}","templated":true}]}}