{"id":29168,"date":"2023-09-26T16:33:54","date_gmt":"2023-09-26T15:33:54","guid":{"rendered":"https:\/\/kiwanis.www.kiwanis.be\/roues-denfants-kiwanis\/"},"modified":"2023-09-26T18:20:22","modified_gmt":"2023-09-26T17:20:22","slug":"childrenswheels","status":"publish","type":"page","link":"https:\/\/www.kiwanis.be\/fr\/childrenswheels\/","title":{"rendered":"Kiwanis Children&rsquo;s Wheels"},"content":{"rendered":"\t\t<div data-elementor-type=\"wp-page\" data-elementor-id=\"29168\" class=\"elementor elementor-29168 elementor-28999\" data-elementor-post-type=\"page\">\n\t\t\t\t\t\t<section class=\"elementor-section elementor-top-section elementor-element elementor-element-5684cd3 elementor-section-boxed elementor-section-height-default elementor-section-height-default\" data-id=\"5684cd3\" data-element_type=\"section\">\n\t\t\t\t\t\t<div class=\"elementor-container elementor-column-gap-default\">\n\t\t\t\t\t<div class=\"elementor-column elementor-col-33 elementor-top-column elementor-element elementor-element-9496596\" data-id=\"9496596\" data-element_type=\"column\">\n\t\t\t<div class=\"elementor-widget-wrap\">\n\t\t\t\t\t\t\t<\/div>\n\t\t<\/div>\n\t\t\t\t<div class=\"elementor-column elementor-col-33 elementor-top-column elementor-element elementor-element-96e09e0\" data-id=\"96e09e0\" data-element_type=\"column\">\n\t\t\t<div class=\"elementor-widget-wrap elementor-element-populated\">\n\t\t\t\t\t\t<div class=\"elementor-element elementor-element-3d46943 elementor-widget elementor-widget-image\" data-id=\"3d46943\" data-element_type=\"widget\" data-widget_type=\"image.default\">\n\t\t\t\t<div class=\"elementor-widget-container\">\n\t\t\t\t\t\t\t\t\t\t\t\t\t\t\t<img fetchpriority=\"high\" decoding=\"async\" width=\"800\" height=\"666\" src=\"https:\/\/www.kiwanis.be\/wp-content\/uploads\/2023\/09\/Scherm\u00adafbeelding-2023-09-26-om-17.42.35-1024x852.png\" class=\"attachment-large size-large wp-image-29016\" alt=\"\" srcset=\"https:\/\/www.kiwanis.be\/wp-content\/uploads\/2023\/09\/Scherm\u00adafbeelding-2023-09-26-om-17.42.35-1024x852.png 1024w, https:\/\/www.kiwanis.be\/wp-content\/uploads\/2023\/09\/Scherm\u00adafbeelding-2023-09-26-om-17.42.35-300x250.png 300w, https:\/\/www.kiwanis.be\/wp-content\/uploads\/2023\/09\/Scherm\u00adafbeelding-2023-09-26-om-17.42.35-768x639.png 768w, https:\/\/www.kiwanis.be\/wp-content\/uploads\/2023\/09\/Scherm\u00adafbeelding-2023-09-26-om-17.42.35-600x499.png 600w, https:\/\/www.kiwanis.be\/wp-content\/uploads\/2023\/09\/Scherm\u00adafbeelding-2023-09-26-om-17.42.35.png 1062w\" sizes=\"(max-width: 800px) 100vw, 800px\" title=\"\">\t\t\t\t\t\t\t\t\t\t\t\t\t\t\t<\/div>\n\t\t\t\t<\/div>\n\t\t\t\t\t<\/div>\n\t\t<\/div>\n\t\t\t\t<div class=\"elementor-column elementor-col-33 elementor-top-column elementor-element elementor-element-55dd77b\" data-id=\"55dd77b\" data-element_type=\"column\">\n\t\t\t<div class=\"elementor-widget-wrap\">\n\t\t\t\t\t\t\t<\/div>\n\t\t<\/div>\n\t\t\t\t\t<\/div>\n\t\t<\/section>\n\t\t\t\t<section class=\"elementor-section elementor-top-section elementor-element elementor-element-de24309 elementor-section-boxed elementor-section-height-default elementor-section-height-default\" data-id=\"de24309\" data-element_type=\"section\">\n\t\t\t\t\t\t<div class=\"elementor-container elementor-column-gap-default\">\n\t\t\t\t\t<div class=\"elementor-column elementor-col-100 elementor-top-column elementor-element elementor-element-47e5e9c\" data-id=\"47e5e9c\" data-element_type=\"column\">\n\t\t\t<div class=\"elementor-widget-wrap elementor-element-populated\">\n\t\t\t\t\t\t<div class=\"elementor-element elementor-element-0d5115a elementor-widget elementor-widget-text-editor\" data-id=\"0d5115a\" data-element_type=\"widget\" data-widget_type=\"text-editor.default\">\n\t\t\t\t<div class=\"elementor-widget-container\">\n\t\t\t\t\t\t\t\t\t<h5 style=\"text-align: center;\">ANVERS-BRUXELLES-GAND<\/h5>\t\t\t\t\t\t\t\t<\/div>\n\t\t\t\t<\/div>\n\t\t\t\t\t<\/div>\n\t\t<\/div>\n\t\t\t\t\t<\/div>\n\t\t<\/section>\n\t\t\t\t<section class=\"elementor-section elementor-top-section elementor-element elementor-element-5fdedbf elementor-section-boxed elementor-section-height-default elementor-section-height-default\" data-id=\"5fdedbf\" data-element_type=\"section\">\n\t\t\t\t\t\t<div class=\"elementor-container elementor-column-gap-default\">\n\t\t\t\t\t<div class=\"elementor-column elementor-col-100 elementor-top-column elementor-element elementor-element-070da27\" data-id=\"070da27\" data-element_type=\"column\">\n\t\t\t<div class=\"elementor-widget-wrap elementor-element-populated\">\n\t\t\t\t\t\t<section class=\"elementor-section elementor-inner-section elementor-element elementor-element-29bbee4 elementor-section-boxed elementor-section-height-default elementor-section-height-default\" data-id=\"29bbee4\" data-element_type=\"section\">\n\t\t\t\t\t\t<div class=\"elementor-container elementor-column-gap-default\">\n\t\t\t\t\t<div class=\"elementor-column elementor-col-50 elementor-inner-column elementor-element elementor-element-e7a51b3\" data-id=\"e7a51b3\" data-element_type=\"column\">\n\t\t\t<div class=\"elementor-widget-wrap elementor-element-populated\">\n\t\t\t\t\t\t<div class=\"elementor-element elementor-element-d6839a1 elementor-widget elementor-widget-text-editor\" data-id=\"d6839a1\" data-element_type=\"widget\" data-widget_type=\"text-editor.default\">\n\t\t\t\t<div class=\"elementor-widget-container\">\n\t\t\t\t\t\t\t\t\t<p class=\"p1\">Nous avons le plaisir de vous inviter \u00e0 une nouvelle initiative passionnante : Kiwanis Children&rsquo;s Wheels ! Cet \u00e9v\u00e9nement, organis\u00e9 par la Kiwanis Division Anvers, offre une fantastique opportunit\u00e9 de s&rsquo;impliquer dans une mission qui changera la vie d&rsquo;enfants d\u00e9favoris\u00e9s dans nos communaut\u00e9s locales.<\/p><h5 class=\"p4\">A propos de Kiwanis Children&rsquo;s Wheels<\/h5><p class=\"p4\">Le 27\/09\/23, Kiwanis Children&rsquo;s Wheels sera lanc\u00e9 \u00e0 Bruxelles, suivi d&rsquo;un \u00e9v\u00e9nement le 08\/11\/23 \u00e0 Anvers et d&rsquo;une troisi\u00e8me date en d\u00e9cembre \u00e0 Gand (date exacte \u00e0 suivre). Cette initiative vise \u00e0 mettre en lumi\u00e8re les enfants d\u00e9favoris\u00e9s en leur offrant un tour gratuit sur la grande roue. C&rsquo;est l&rsquo;occasion pour ces enfants d&rsquo;\u00e9chapper \u00e0 leur routine quotidienne pendant un certain temps et de vivre une aventure inoubliable.<\/p><h5 class=\"p4\">Comment vous pouvez contribuer :<\/h5><p>Les clubs Kiwanis de la division d&rsquo;Anvers ont une occasion unique de participer \u00e0 cet \u00e9v\u00e9nement inspirant. Nous vous encourageons \u00e0 contacter vos organisations caritatives et \u00e0 donner \u00e0 ces enfants la possibilit\u00e9 de participer aux Kiwanis Children&rsquo;s Wheels. Nous n&rsquo;avons que 200 places disponibles, alors faites vite !<\/p><h5 class=\"p1\">Ce que nous offrons :<\/h5><p class=\"p1\">&#8211; Promotion Kiwanis Division Antwerp assurera la couverture de l&rsquo;\u00e9v\u00e9nement par le biais de son site web et de ses m\u00e9dias sociaux, ainsi que des m\u00e9dias locaux.<br \/>&#8211; Soutien logistique : nous fournissons \u00e9galement un soutien logistique pendant l&rsquo;\u00e9v\u00e9nement pour veiller \u00e0 ce que tout se passe bien.<\/p>\t\t\t\t\t\t\t\t<\/div>\n\t\t\t\t<\/div>\n\t\t\t\t\t<\/div>\n\t\t<\/div>\n\t\t\t\t<div class=\"elementor-column elementor-col-50 elementor-inner-column elementor-element elementor-element-c0a5297\" data-id=\"c0a5297\" data-element_type=\"column\">\n\t\t\t<div class=\"elementor-widget-wrap elementor-element-populated\">\n\t\t\t\t\t\t<div class=\"elementor-element elementor-element-c979141 elementor-widget elementor-widget-text-editor\" data-id=\"c979141\" data-element_type=\"widget\" data-widget_type=\"text-editor.default\">\n\t\t\t\t<div class=\"elementor-widget-container\">\n\t\t\t\t\t\t\t\t\t<h5 class=\"p1\">Pourquoi participer ?<\/h5>\n<p class=\"p1\">La participation aux Kiwanis Children&rsquo;s Wheels permet non seulement aux enfants d\u00e9favoris\u00e9s de vivre une exp\u00e9rience formidable, mais aussi d&rsquo;accro\u00eetre la notori\u00e9t\u00e9 de la marque Kiwanis. Il t\u00e9moigne de notre engagement continu en faveur de notre mission d&rsquo;aide aux enfants et renforce les liens entre nos clubs locaux.<\/p>\n<h5 class=\"p1\">Faire la diff\u00e9rence ensemble<\/h5>\n<p class=\"p1\">Cet \u00e9v\u00e9nement ne serait pas possible sans le soutien des membres de notre \u00e9quipe, des autorit\u00e9s locales, des entreprises et des sponsors. Ensemble, nous pouvons avoir un impact positif sur la vie de tant d&rsquo;enfants. Travaillons ensemble pour faire la diff\u00e9rence, enfant par enfant.<\/p>\n<h5 class=\"p4\">\u00cates-vous d&rsquo;accord ?<\/h5>\n<p class=\"p4\">Nous aimerions savoir combien d&rsquo;enfants vous aimeriez voir participer aux Kiwanis Children&rsquo;s Wheels. Veuillez envoyer votre r\u00e9ponse et vos coordonn\u00e9es (nom, t\u00e9l\u00e9phone et adresse \u00e9lectronique) \u00e0 michel.vanlooveren@www.kiwanis.be d\u00e8s que possible. Les places sont limit\u00e9es !<\/p>\n<p>Ensemble, nous nous effor\u00e7ons d&rsquo;offrir \u00e0 ces enfants une exp\u00e9rience inoubliable et de montrer \u00e0 nos communaut\u00e9s ce que repr\u00e9sente le Kiwanis.<\/p>\n<p>Je vous prie d&rsquo;agr\u00e9er, Madame, Monsieur, l&rsquo;expression de mes salutations distingu\u00e9es. L&rsquo;\u00e9quipe du Kiwanis Children&rsquo;s Wheels : Michel Van Looveren, Michel Van Gastel, Elie Meuleman, Bart Vyncke, Geert Vyncke<\/p>\n\t\t\t\t\t\t\t\t<\/div>\n\t\t\t\t<\/div>\n\t\t\t\t\t<\/div>\n\t\t<\/div>\n\t\t\t\t\t<\/div>\n\t\t<\/section>\n\t\t\t\t\t<\/div>\n\t\t<\/div>\n\t\t\t\t\t<\/div>\n\t\t<\/section>\n\t\t\t\t<section class=\"elementor-section elementor-top-section elementor-element elementor-element-b317ac2 elementor-section-boxed elementor-section-height-default elementor-section-height-default\" data-id=\"b317ac2\" data-element_type=\"section\">\n\t\t\t\t\t\t<div class=\"elementor-container elementor-column-gap-default\">\n\t\t\t\t\t<div class=\"elementor-column elementor-col-33 elementor-top-column elementor-element elementor-element-9eea3d2\" data-id=\"9eea3d2\" data-element_type=\"column\">\n\t\t\t<div class=\"elementor-widget-wrap\">\n\t\t\t\t\t\t\t<\/div>\n\t\t<\/div>\n\t\t\t\t<div class=\"elementor-column elementor-col-33 elementor-top-column elementor-element elementor-element-6f86e71\" data-id=\"6f86e71\" data-element_type=\"column\">\n\t\t\t<div class=\"elementor-widget-wrap elementor-element-populated\">\n\t\t\t\t\t\t<div class=\"elementor-element elementor-element-951ce7a elementor-widget elementor-widget-image\" data-id=\"951ce7a\" data-element_type=\"widget\" data-widget_type=\"image.default\">\n\t\t\t\t<div class=\"elementor-widget-container\">\n\t\t\t\t\t\t\t\t\t\t\t\t\t\t\t<img decoding=\"async\" width=\"800\" height=\"218\" src=\"https:\/\/www.kiwanis.be\/wp-content\/uploads\/2023\/09\/Scherm\u00adafbeelding-2023-09-26-om-17.51.31-1024x279.png\" class=\"attachment-large size-large wp-image-29034\" alt=\"\" srcset=\"https:\/\/www.kiwanis.be\/wp-content\/uploads\/2023\/09\/Scherm\u00adafbeelding-2023-09-26-om-17.51.31-1024x279.png 1024w, https:\/\/www.kiwanis.be\/wp-content\/uploads\/2023\/09\/Scherm\u00adafbeelding-2023-09-26-om-17.51.31-300x82.png 300w, https:\/\/www.kiwanis.be\/wp-content\/uploads\/2023\/09\/Scherm\u00adafbeelding-2023-09-26-om-17.51.31-768x209.png 768w, https:\/\/www.kiwanis.be\/wp-content\/uploads\/2023\/09\/Scherm\u00adafbeelding-2023-09-26-om-17.51.31-600x163.png 600w, https:\/\/www.kiwanis.be\/wp-content\/uploads\/2023\/09\/Scherm\u00adafbeelding-2023-09-26-om-17.51.31.png 1294w\" sizes=\"(max-width: 800px) 100vw, 800px\" title=\"\">\t\t\t\t\t\t\t\t\t\t\t\t\t\t\t<\/div>\n\t\t\t\t<\/div>\n\t\t\t\t\t<\/div>\n\t\t<\/div>\n\t\t\t\t<div class=\"elementor-column elementor-col-33 elementor-top-column elementor-element elementor-element-06f1d6f\" data-id=\"06f1d6f\" data-element_type=\"column\">\n\t\t\t<div class=\"elementor-widget-wrap\">\n\t\t\t\t\t\t\t<\/div>\n\t\t<\/div>\n\t\t\t\t\t<\/div>\n\t\t<\/section>\n\t\t\t\t<\/div>\n\t\t","protected":false},"excerpt":{"rendered":"<p>ANVERS-BRUXELLES-GAND Nous avons le plaisir de vous inviter \u00e0 une nouvelle initiative passionnante : Kiwanis Children&rsquo;s Wheels ! Cet \u00e9v\u00e9nement, organis\u00e9 par la Kiwanis Division Anvers, offre une fantastique opportunit\u00e9 [&hellip;]<\/p>\n","protected":false},"author":29,"featured_media":0,"parent":0,"menu_order":0,"comment_status":"closed","ping_status":"closed","template":"","meta":{"_acf_changed":false,"footnotes":""},"class_list":["post-29168","page","type-page","status-publish","hentry"],"acf":[],"_links":{"self":[{"href":"https:\/\/www.kiwanis.be\/fr\/wp-json\/wp\/v2\/pages\/29168","targetHints":{"allow":["GET"]}}],"collection":[{"href":"https:\/\/www.kiwanis.be\/fr\/wp-json\/wp\/v2\/pages"}],"about":[{"href":"https:\/\/www.kiwanis.be\/fr\/wp-json\/wp\/v2\/types\/page"}],"author":[{"embeddable":true,"href":"https:\/\/www.kiwanis.be\/fr\/wp-json\/wp\/v2\/users\/29"}],"replies":[{"embeddable":true,"href":"https:\/\/www.kiwanis.be\/fr\/wp-json\/wp\/v2\/comments?post=29168"}],"version-history":[{"count":0,"href":"https:\/\/www.kiwanis.be\/fr\/wp-json\/wp\/v2\/pages\/29168\/revisions"}],"wp:attachment":[{"href":"https:\/\/www.kiwanis.be\/fr\/wp-json\/wp\/v2\/media?parent=29168"}],"curies":[{"name":"wp","href":"https:\/\/api.w.org\/{rel}","templated":true}]}}