{"id":22204,"date":"2023-06-02T21:02:31","date_gmt":"2023-06-02T20:02:31","guid":{"rendered":"https:\/\/kiwanis.www.kiwanis.be\/menu-du-vendredi-soir\/"},"modified":"2023-06-20T10:16:26","modified_gmt":"2023-06-20T09:16:26","slug":"menu-du-vendredi-soir","status":"publish","type":"page","link":"https:\/\/www.kiwanis.be\/fr\/menu-du-vendredi-soir\/","title":{"rendered":"Menu du vendredi soir"},"content":{"rendered":"\t\t<div data-elementor-type=\"wp-page\" data-elementor-id=\"22204\" class=\"elementor elementor-22204 elementor-21924\" data-elementor-post-type=\"page\">\n\t\t\t\t\t\t<section class=\"elementor-section elementor-top-section elementor-element elementor-element-6982f68 elementor-section-boxed elementor-section-height-default elementor-section-height-default\" data-id=\"6982f68\" data-element_type=\"section\">\n\t\t\t\t\t\t<div class=\"elementor-container elementor-column-gap-default\">\n\t\t\t\t\t<div class=\"elementor-column elementor-col-20 elementor-top-column elementor-element elementor-element-000ac2f\" data-id=\"000ac2f\" data-element_type=\"column\">\n\t\t\t<div class=\"elementor-widget-wrap\">\n\t\t\t\t\t\t\t<\/div>\n\t\t<\/div>\n\t\t\t\t<div class=\"elementor-column elementor-col-20 elementor-top-column elementor-element elementor-element-db37262\" data-id=\"db37262\" data-element_type=\"column\">\n\t\t\t<div class=\"elementor-widget-wrap\">\n\t\t\t\t\t\t\t<\/div>\n\t\t<\/div>\n\t\t\t\t<div class=\"elementor-column elementor-col-20 elementor-top-column elementor-element elementor-element-a00917b\" data-id=\"a00917b\" data-element_type=\"column\">\n\t\t\t<div class=\"elementor-widget-wrap elementor-element-populated\">\n\t\t\t\t\t\t<div class=\"elementor-element elementor-element-3ca0de4 elementor-widget elementor-widget-image\" data-id=\"3ca0de4\" data-element_type=\"widget\" data-widget_type=\"image.default\">\n\t\t\t\t<div class=\"elementor-widget-container\">\n\t\t\t\t\t\t\t\t\t\t\t\t\t\t\t<img fetchpriority=\"high\" decoding=\"async\" width=\"800\" height=\"671\" src=\"https:\/\/www.kiwanis.be\/wp-content\/uploads\/2023\/06\/FTS-1024x859.png\" class=\"attachment-large size-large wp-image-22046\" alt=\"\" srcset=\"https:\/\/www.kiwanis.be\/wp-content\/uploads\/2023\/06\/FTS-1024x859.png 1024w, https:\/\/www.kiwanis.be\/wp-content\/uploads\/2023\/06\/FTS-300x252.png 300w, https:\/\/www.kiwanis.be\/wp-content\/uploads\/2023\/06\/FTS-768x644.png 768w, https:\/\/www.kiwanis.be\/wp-content\/uploads\/2023\/06\/FTS-600x503.png 600w, https:\/\/www.kiwanis.be\/wp-content\/uploads\/2023\/06\/FTS.png 1134w\" sizes=\"(max-width: 800px) 100vw, 800px\" title=\"\">\t\t\t\t\t\t\t\t\t\t\t\t\t\t\t<\/div>\n\t\t\t\t<\/div>\n\t\t\t\t\t<\/div>\n\t\t<\/div>\n\t\t\t\t<div class=\"elementor-column elementor-col-20 elementor-top-column elementor-element elementor-element-7ed1814\" data-id=\"7ed1814\" data-element_type=\"column\">\n\t\t\t<div class=\"elementor-widget-wrap\">\n\t\t\t\t\t\t\t<\/div>\n\t\t<\/div>\n\t\t\t\t<div class=\"elementor-column elementor-col-20 elementor-top-column elementor-element elementor-element-bf6452c\" data-id=\"bf6452c\" data-element_type=\"column\">\n\t\t\t<div class=\"elementor-widget-wrap\">\n\t\t\t\t\t\t\t<\/div>\n\t\t<\/div>\n\t\t\t\t\t<\/div>\n\t\t<\/section>\n\t\t\t\t<section class=\"elementor-section elementor-top-section elementor-element elementor-element-7afffa6 elementor-section-boxed elementor-section-height-default elementor-section-height-default\" data-id=\"7afffa6\" data-element_type=\"section\">\n\t\t\t\t\t\t<div class=\"elementor-container elementor-column-gap-default\">\n\t\t\t\t\t<div class=\"elementor-column elementor-col-100 elementor-top-column elementor-element elementor-element-9d19c40\" data-id=\"9d19c40\" data-element_type=\"column\">\n\t\t\t<div class=\"elementor-widget-wrap elementor-element-populated\">\n\t\t\t\t\t\t<div class=\"elementor-element elementor-element-d01662a elementor-widget elementor-widget-spacer\" data-id=\"d01662a\" data-element_type=\"widget\" data-widget_type=\"spacer.default\">\n\t\t\t\t<div class=\"elementor-widget-container\">\n\t\t\t\t\t\t\t<div class=\"elementor-spacer\">\n\t\t\t<div class=\"elementor-spacer-inner\"><\/div>\n\t\t<\/div>\n\t\t\t\t\t\t<\/div>\n\t\t\t\t<\/div>\n\t\t\t\t\t<\/div>\n\t\t<\/div>\n\t\t\t\t\t<\/div>\n\t\t<\/section>\n\t\t\t\t<section class=\"elementor-section elementor-top-section elementor-element elementor-element-f94f373 elementor-section-boxed elementor-section-height-default elementor-section-height-default\" data-id=\"f94f373\" data-element_type=\"section\">\n\t\t\t\t\t\t<div class=\"elementor-container elementor-column-gap-default\">\n\t\t\t\t\t<div class=\"elementor-column elementor-col-100 elementor-top-column elementor-element elementor-element-4eefdb7\" data-id=\"4eefdb7\" data-element_type=\"column\">\n\t\t\t<div class=\"elementor-widget-wrap elementor-element-populated\">\n\t\t\t\t\t\t<div class=\"elementor-element elementor-element-5be9fa1 elementor-widget elementor-widget-text-editor\" data-id=\"5be9fa1\" data-element_type=\"widget\" data-widget_type=\"text-editor.default\">\n\t\t\t\t<div class=\"elementor-widget-container\">\n\t\t\t\t\t\t\t\t\t<h4>15 septembre 2023<\/h4>\n<h3 style=\"font-weight: 400;\"><strong>Salle de r\u00e9ception Ter Eeste &#8211; Brasserie Rodenbach<br \/><\/strong><\/h3>\n<p style=\"font-weight: 400;\">Spanjestraat 133, 8800 Roeselare<\/p>\n<h6>Frais de participation par personne : 95<\/h6>\n\t\t\t\t\t\t\t\t<\/div>\n\t\t\t\t<\/div>\n\t\t\t\t\t<\/div>\n\t\t<\/div>\n\t\t\t\t\t<\/div>\n\t\t<\/section>\n\t\t\t\t<section class=\"elementor-section elementor-top-section elementor-element elementor-element-a8e3480 elementor-section-boxed elementor-section-height-default elementor-section-height-default\" data-id=\"a8e3480\" data-element_type=\"section\">\n\t\t\t\t\t\t<div class=\"elementor-container elementor-column-gap-default\">\n\t\t\t\t\t<div class=\"elementor-column elementor-col-100 elementor-top-column elementor-element elementor-element-2ba65c5\" data-id=\"2ba65c5\" data-element_type=\"column\">\n\t\t\t<div class=\"elementor-widget-wrap elementor-element-populated\">\n\t\t\t\t\t\t<div class=\"elementor-element elementor-element-9921d3a elementor-widget elementor-widget-text-editor\" data-id=\"9921d3a\" data-element_type=\"widget\" data-widget_type=\"text-editor.default\">\n\t\t\t\t<div class=\"elementor-widget-container\">\n\t\t\t\t\t\t\t\t\t<p style=\"font-weight: 400;\"><strong>18h40<\/strong> <br \/>D\u00e9part du bus de l&rsquo;h\u00f4tel Mercure vers Feestzaal Ter Eeste<\/p><p style=\"font-weight: 400;\"><em><span lang=\"NL\"><strong><b><span style=\"color: #999999;\">_________<\/span><\/b><\/strong><\/span><\/em><\/p><p style=\"font-weight: 400;\"><strong>19h00 \u2013 20h00 R\u00e9ception<\/strong><\/p><p style=\"font-weight: 400;\">Vin mousseux Marquis Louis<\/p><p style=\"font-weight: 400;\"><em> <span lang=\"NL\"><strong><b><span style=\"color: #999999;\">_________<\/span><\/b><\/strong><\/span><\/em><\/p><p style=\"font-weight: 400;\">Rodenbach en verres de r\u00e9ception<\/p><p style=\"font-weight: 400;\"><em> <span lang=\"NL\"><strong><b><span style=\"color: #999999;\">_________<\/span><\/b><\/strong><\/span><\/em><\/p><p style=\"font-weight: 400;\">Jus de fruit \/ mocktail<\/p><p style=\"font-weight: 400;\"><em> <span lang=\"NL\"><strong><b><span style=\"color: #999999;\">_________<\/span><\/b><\/strong><\/span><\/em><\/p><p style=\"font-weight: 400;\">Ap\u00e9ritifs<\/p><p style=\"font-weight: 400;\"><strong>20h00 &#8211; 23h00 D\u00eener<\/strong><\/p><p style=\"font-weight: 400;\"><strong>Entr\u00e9e<\/strong><\/p><p>Merlu, assortiment de tomates, gel\u00e9e au Rodenbach avec crevettes grises<em><br \/><span lang=\"NL\"><strong><b><span style=\"color: #999999;\">_________<\/span><\/b><\/strong><\/span><\/em><\/p><p style=\"font-weight: 400;\"><strong>Plat<\/strong><\/p><p>Filet de porc, marin\u00e9 au Rodenbach avec sauce Rodenbach Grand Cru &amp; moutarde Wostyn<em><br \/><span lang=\"NL\"><strong><b><span style=\"color: #999999;\">_________<\/span><\/b><\/strong><\/span><\/em><\/p><p style=\"font-weight: 400;\"><strong>Dessert<\/strong><\/p><p>Stracciatella aux chocolats, crumble de \u2018American cookies\u2019 et sorbet au gingembre &amp; cardamome<\/p><p style=\"font-weight: 400;\"><em> <span lang=\"NL\"><strong><b><span style=\"color: #999999;\">_________<\/span><\/b><\/strong><\/span><\/em><\/p><p style=\"font-weight: 400;\"><strong>Caf\u00e9 et Th\u00e9<\/strong><\/p><p>Caf\u00e9, th\u00e9 et gourmandises<\/p><p style=\"font-weight: 400;\">Vins, bi\u00e8res et eaux min\u00e9raux adapt\u00e9s jusqu&rsquo;\u00e0 24h00<\/p><p style=\"font-weight: 400;\"><strong>23h30 \u2013 24h00 Open bar<em><br \/><span lang=\"NL\"><b><span style=\"color: #999999;\">_________<\/span><\/b><\/span><\/em><br \/><\/strong><\/p><p class=\"p1\"><strong><span class=\"s1\">24<\/span><span class=\"s2\">h<\/span><\/strong><span class=\"s1\"><strong>00<\/strong> \u00a0<\/span><\/p><p class=\"p1\"><span class=\"s1\">d\u00e9part en bus vers l\u2019h\u00f4tel Mercure<\/span><\/p><p style=\"font-weight: 400;\"><strong>\u00a0<\/strong><\/p>\t\t\t\t\t\t\t\t<\/div>\n\t\t\t\t<\/div>\n\t\t\t\t\t<\/div>\n\t\t<\/div>\n\t\t\t\t\t<\/div>\n\t\t<\/section>\n\t\t\t\t<section class=\"elementor-section elementor-top-section elementor-element elementor-element-ea6182d elementor-section-boxed elementor-section-height-default elementor-section-height-default\" data-id=\"ea6182d\" data-element_type=\"section\">\n\t\t\t\t\t\t<div class=\"elementor-container elementor-column-gap-default\">\n\t\t\t\t\t<div class=\"elementor-column elementor-col-100 elementor-top-column elementor-element elementor-element-1d18fa6\" data-id=\"1d18fa6\" data-element_type=\"column\">\n\t\t\t<div class=\"elementor-widget-wrap elementor-element-populated\">\n\t\t\t\t\t\t<div class=\"elementor-element elementor-element-241e11c elementor-widget elementor-widget-spacer\" data-id=\"241e11c\" data-element_type=\"widget\" data-widget_type=\"spacer.default\">\n\t\t\t\t<div class=\"elementor-widget-container\">\n\t\t\t\t\t\t\t<div class=\"elementor-spacer\">\n\t\t\t<div class=\"elementor-spacer-inner\"><\/div>\n\t\t<\/div>\n\t\t\t\t\t\t<\/div>\n\t\t\t\t<\/div>\n\t\t\t\t\t<\/div>\n\t\t<\/div>\n\t\t\t\t\t<\/div>\n\t\t<\/section>\n\t\t\t\t<section class=\"elementor-section elementor-top-section elementor-element elementor-element-a454d48 elementor-section-boxed elementor-section-height-default elementor-section-height-default\" data-id=\"a454d48\" data-element_type=\"section\">\n\t\t\t\t\t\t<div class=\"elementor-container elementor-column-gap-default\">\n\t\t\t\t\t<div class=\"elementor-column elementor-col-20 elementor-top-column elementor-element elementor-element-b353cde\" data-id=\"b353cde\" data-element_type=\"column\">\n\t\t\t<div class=\"elementor-widget-wrap elementor-element-populated\">\n\t\t\t\t\t\t<div class=\"elementor-element elementor-element-c8d8de5 elementor-widget elementor-widget-image\" data-id=\"c8d8de5\" data-element_type=\"widget\" data-widget_type=\"image.default\">\n\t\t\t\t<div class=\"elementor-widget-container\">\n\t\t\t\t\t\t\t\t\t\t\t\t\t\t\t<img decoding=\"async\" width=\"800\" height=\"800\" src=\"https:\/\/www.kiwanis.be\/wp-content\/uploads\/2023\/06\/tereeste3-1024x1024.png\" class=\"attachment-large size-large wp-image-22031\" alt=\"\" srcset=\"https:\/\/www.kiwanis.be\/wp-content\/uploads\/2023\/06\/tereeste3-1024x1024.png 1024w, https:\/\/www.kiwanis.be\/wp-content\/uploads\/2023\/06\/tereeste3-300x300.png 300w, https:\/\/www.kiwanis.be\/wp-content\/uploads\/2023\/06\/tereeste3-150x150.png 150w, https:\/\/www.kiwanis.be\/wp-content\/uploads\/2023\/06\/tereeste3-768x768.png 768w, https:\/\/www.kiwanis.be\/wp-content\/uploads\/2023\/06\/tereeste3-600x600.png 600w, https:\/\/www.kiwanis.be\/wp-content\/uploads\/2023\/06\/tereeste3-100x100.png 100w, https:\/\/www.kiwanis.be\/wp-content\/uploads\/2023\/06\/tereeste3.png 1066w\" sizes=\"(max-width: 800px) 100vw, 800px\" title=\"\">\t\t\t\t\t\t\t\t\t\t\t\t\t\t\t<\/div>\n\t\t\t\t<\/div>\n\t\t\t\t\t<\/div>\n\t\t<\/div>\n\t\t\t\t<div class=\"elementor-column elementor-col-20 elementor-top-column elementor-element elementor-element-3f9a29d\" data-id=\"3f9a29d\" data-element_type=\"column\">\n\t\t\t<div class=\"elementor-widget-wrap elementor-element-populated\">\n\t\t\t\t\t\t<div class=\"elementor-element elementor-element-6062bf1 elementor-widget elementor-widget-image\" data-id=\"6062bf1\" data-element_type=\"widget\" data-widget_type=\"image.default\">\n\t\t\t\t<div class=\"elementor-widget-container\">\n\t\t\t\t\t\t\t\t\t\t\t\t\t\t\t<img decoding=\"async\" width=\"373\" height=\"378\" src=\"https:\/\/www.kiwanis.be\/wp-content\/uploads\/2023\/06\/rodenbach-2.png\" class=\"attachment-large size-large wp-image-22848\" alt=\"\" srcset=\"https:\/\/www.kiwanis.be\/wp-content\/uploads\/2023\/06\/rodenbach-2.png 373w, https:\/\/www.kiwanis.be\/wp-content\/uploads\/2023\/06\/rodenbach-2-296x300.png 296w, https:\/\/www.kiwanis.be\/wp-content\/uploads\/2023\/06\/rodenbach-2-100x100.png 100w\" sizes=\"(max-width: 373px) 100vw, 373px\" title=\"\">\t\t\t\t\t\t\t\t\t\t\t\t\t\t\t<\/div>\n\t\t\t\t<\/div>\n\t\t\t\t\t<\/div>\n\t\t<\/div>\n\t\t\t\t<div class=\"elementor-column elementor-col-20 elementor-top-column elementor-element elementor-element-80fc2c8\" data-id=\"80fc2c8\" data-element_type=\"column\">\n\t\t\t<div class=\"elementor-widget-wrap elementor-element-populated\">\n\t\t\t\t\t\t<div class=\"elementor-element elementor-element-b3d079e elementor-widget elementor-widget-image\" data-id=\"b3d079e\" data-element_type=\"widget\" data-widget_type=\"image.default\">\n\t\t\t\t<div class=\"elementor-widget-container\">\n\t\t\t\t\t\t\t\t\t\t\t\t\t\t\t<img loading=\"lazy\" decoding=\"async\" width=\"800\" height=\"800\" src=\"https:\/\/www.kiwanis.be\/wp-content\/uploads\/2023\/06\/tereeste-1024x1024.png\" class=\"attachment-large size-large wp-image-22006\" alt=\"\" srcset=\"https:\/\/www.kiwanis.be\/wp-content\/uploads\/2023\/06\/tereeste-1024x1024.png 1024w, https:\/\/www.kiwanis.be\/wp-content\/uploads\/2023\/06\/tereeste-300x300.png 300w, https:\/\/www.kiwanis.be\/wp-content\/uploads\/2023\/06\/tereeste-150x150.png 150w, https:\/\/www.kiwanis.be\/wp-content\/uploads\/2023\/06\/tereeste-768x768.png 768w, https:\/\/www.kiwanis.be\/wp-content\/uploads\/2023\/06\/tereeste-600x600.png 600w, https:\/\/www.kiwanis.be\/wp-content\/uploads\/2023\/06\/tereeste-100x100.png 100w, https:\/\/www.kiwanis.be\/wp-content\/uploads\/2023\/06\/tereeste.png 1066w\" sizes=\"(max-width: 800px) 100vw, 800px\" title=\"\">\t\t\t\t\t\t\t\t\t\t\t\t\t\t\t<\/div>\n\t\t\t\t<\/div>\n\t\t\t\t\t<\/div>\n\t\t<\/div>\n\t\t\t\t<div class=\"elementor-column elementor-col-20 elementor-top-column elementor-element elementor-element-a468b8d\" data-id=\"a468b8d\" data-element_type=\"column\">\n\t\t\t<div class=\"elementor-widget-wrap elementor-element-populated\">\n\t\t\t\t\t\t<div class=\"elementor-element elementor-element-7710483 elementor-widget elementor-widget-image\" data-id=\"7710483\" data-element_type=\"widget\" data-widget_type=\"image.default\">\n\t\t\t\t<div class=\"elementor-widget-container\">\n\t\t\t\t\t\t\t\t\t\t\t\t\t\t\t<img loading=\"lazy\" decoding=\"async\" width=\"800\" height=\"800\" src=\"https:\/\/www.kiwanis.be\/wp-content\/uploads\/2023\/06\/tereeste2-1024x1024.png\" class=\"attachment-large size-large wp-image-22023\" alt=\"\" srcset=\"https:\/\/www.kiwanis.be\/wp-content\/uploads\/2023\/06\/tereeste2-1024x1024.png 1024w, https:\/\/www.kiwanis.be\/wp-content\/uploads\/2023\/06\/tereeste2-300x300.png 300w, https:\/\/www.kiwanis.be\/wp-content\/uploads\/2023\/06\/tereeste2-150x150.png 150w, https:\/\/www.kiwanis.be\/wp-content\/uploads\/2023\/06\/tereeste2-768x768.png 768w, https:\/\/www.kiwanis.be\/wp-content\/uploads\/2023\/06\/tereeste2-600x600.png 600w, https:\/\/www.kiwanis.be\/wp-content\/uploads\/2023\/06\/tereeste2-100x100.png 100w, https:\/\/www.kiwanis.be\/wp-content\/uploads\/2023\/06\/tereeste2.png 1066w\" sizes=\"(max-width: 800px) 100vw, 800px\" title=\"\">\t\t\t\t\t\t\t\t\t\t\t\t\t\t\t<\/div>\n\t\t\t\t<\/div>\n\t\t\t\t\t<\/div>\n\t\t<\/div>\n\t\t\t\t<div class=\"elementor-column elementor-col-20 elementor-top-column elementor-element elementor-element-c7154f4\" data-id=\"c7154f4\" data-element_type=\"column\">\n\t\t\t<div class=\"elementor-widget-wrap elementor-element-populated\">\n\t\t\t\t\t\t<div class=\"elementor-element elementor-element-b3dcfc7 elementor-widget elementor-widget-image\" data-id=\"b3dcfc7\" data-element_type=\"widget\" data-widget_type=\"image.default\">\n\t\t\t\t<div class=\"elementor-widget-container\">\n\t\t\t\t\t\t\t\t\t\t\t\t\t\t\t<img loading=\"lazy\" decoding=\"async\" width=\"800\" height=\"800\" src=\"https:\/\/www.kiwanis.be\/wp-content\/uploads\/2023\/06\/tereeste4-1024x1024.png\" class=\"attachment-large size-large wp-image-22038\" alt=\"\" srcset=\"https:\/\/www.kiwanis.be\/wp-content\/uploads\/2023\/06\/tereeste4-1024x1024.png 1024w, https:\/\/www.kiwanis.be\/wp-content\/uploads\/2023\/06\/tereeste4-300x300.png 300w, https:\/\/www.kiwanis.be\/wp-content\/uploads\/2023\/06\/tereeste4-150x150.png 150w, https:\/\/www.kiwanis.be\/wp-content\/uploads\/2023\/06\/tereeste4-768x768.png 768w, https:\/\/www.kiwanis.be\/wp-content\/uploads\/2023\/06\/tereeste4-600x600.png 600w, https:\/\/www.kiwanis.be\/wp-content\/uploads\/2023\/06\/tereeste4-100x100.png 100w, https:\/\/www.kiwanis.be\/wp-content\/uploads\/2023\/06\/tereeste4.png 1066w\" sizes=\"(max-width: 800px) 100vw, 800px\" title=\"\">\t\t\t\t\t\t\t\t\t\t\t\t\t\t\t<\/div>\n\t\t\t\t<\/div>\n\t\t\t\t\t<\/div>\n\t\t<\/div>\n\t\t\t\t\t<\/div>\n\t\t<\/section>\n\t\t\t\t<\/div>\n\t\t","protected":false},"excerpt":{"rendered":"<p>15 septembre 2023 Salle de r\u00e9ception Ter Eeste &#8211; Brasserie Rodenbach Spanjestraat 133, 8800 Roeselare Frais de participation par personne : 95 18h40 D\u00e9part du bus de l&rsquo;h\u00f4tel Mercure vers [&hellip;]<\/p>\n","protected":false},"author":29,"featured_media":0,"parent":0,"menu_order":0,"comment_status":"closed","ping_status":"closed","template":"","meta":{"_acf_changed":false,"footnotes":""},"class_list":["post-22204","page","type-page","status-publish","hentry"],"acf":[],"_links":{"self":[{"href":"https:\/\/www.kiwanis.be\/fr\/wp-json\/wp\/v2\/pages\/22204","targetHints":{"allow":["GET"]}}],"collection":[{"href":"https:\/\/www.kiwanis.be\/fr\/wp-json\/wp\/v2\/pages"}],"about":[{"href":"https:\/\/www.kiwanis.be\/fr\/wp-json\/wp\/v2\/types\/page"}],"author":[{"embeddable":true,"href":"https:\/\/www.kiwanis.be\/fr\/wp-json\/wp\/v2\/users\/29"}],"replies":[{"embeddable":true,"href":"https:\/\/www.kiwanis.be\/fr\/wp-json\/wp\/v2\/comments?post=22204"}],"version-history":[{"count":0,"href":"https:\/\/www.kiwanis.be\/fr\/wp-json\/wp\/v2\/pages\/22204\/revisions"}],"wp:attachment":[{"href":"https:\/\/www.kiwanis.be\/fr\/wp-json\/wp\/v2\/media?parent=22204"}],"curies":[{"name":"wp","href":"https:\/\/api.w.org\/{rel}","templated":true}]}}