{"id":21005,"date":"2023-05-05T16:18:15","date_gmt":"2023-05-05T15:18:15","guid":{"rendered":"https:\/\/kiwanis.www.kiwanis.be\/dolls-on-tour\/"},"modified":"2023-05-05T16:45:39","modified_gmt":"2023-05-05T15:45:39","slug":"dolls-on-tour","status":"publish","type":"page","link":"https:\/\/www.kiwanis.be\/fr\/dolls-on-tour\/","title":{"rendered":"Dolls on tour"},"content":{"rendered":"\t\t<div data-elementor-type=\"wp-page\" data-elementor-id=\"21005\" class=\"elementor elementor-21005 elementor-20966\" data-elementor-post-type=\"page\">\n\t\t\t\t\t\t<section class=\"elementor-section elementor-top-section elementor-element elementor-element-cad3c1c elementor-section-boxed elementor-section-height-default elementor-section-height-default\" data-id=\"cad3c1c\" data-element_type=\"section\">\n\t\t\t\t\t\t<div class=\"elementor-container elementor-column-gap-default\">\n\t\t\t\t\t<div class=\"elementor-column elementor-col-100 elementor-top-column elementor-element elementor-element-77f8028\" data-id=\"77f8028\" data-element_type=\"column\">\n\t\t\t<div class=\"elementor-widget-wrap\">\n\t\t\t\t\t\t\t<\/div>\n\t\t<\/div>\n\t\t\t\t\t<\/div>\n\t\t<\/section>\n\t\t\t\t<section class=\"elementor-section elementor-top-section elementor-element elementor-element-a8125d1 elementor-section-boxed elementor-section-height-default elementor-section-height-default\" data-id=\"a8125d1\" data-element_type=\"section\" data-settings=\"{&quot;background_background&quot;:&quot;classic&quot;}\">\n\t\t\t\t\t\t<div class=\"elementor-container elementor-column-gap-no\">\n\t\t\t\t\t<div class=\"elementor-column elementor-col-100 elementor-top-column elementor-element elementor-element-c5a3a77\" data-id=\"c5a3a77\" data-element_type=\"column\">\n\t\t\t<div class=\"elementor-widget-wrap elementor-element-populated\">\n\t\t\t\t\t\t<div class=\"elementor-element elementor-element-f840db2 elementor-cta--layout-image-right elementor-cta--mobile-layout-image-above elementor-cta--skin-classic elementor-animated-content elementor-bg-transform elementor-bg-transform-zoom-in elementor-widget elementor-widget-call-to-action\" data-id=\"f840db2\" data-element_type=\"widget\" data-widget_type=\"call-to-action.default\">\n\t\t\t\t<div class=\"elementor-widget-container\">\n\t\t\t\t\t\t\t<div class=\"elementor-cta\">\n\t\t\t\t\t<div class=\"elementor-cta__bg-wrapper\">\n\t\t\t\t<div class=\"elementor-cta__bg elementor-bg\" style=\"background-image: url(https:\/\/www.kiwanis.be\/wp-content\/uploads\/2023\/05\/IMG_0642-2-1024x670.jpeg);\" role=\"img\" aria-label=\"IMG_0642\"><\/div>\n\t\t\t\t<div class=\"elementor-cta__bg-overlay\"><\/div>\n\t\t\t<\/div>\n\t\t\t\t\t\t\t<div class=\"elementor-cta__content\">\n\t\t\t\t\t\t\t\t\t<div class=\"elementor-content-item elementor-cta__content-item elementor-icon-wrapper elementor-cta__icon elementor-view-default\">\n\t\t\t\t\t\t<div class=\"elementor-icon\">\n\t\t\t\t\t\t\t<i aria-hidden=\"true\" class=\"far fa-heart\"><\/i>\t\t\t\t\t\t<\/div>\n\t\t\t\t\t<\/div>\n\t\t\t\t\n\t\t\t\t\t\t\t\t\t<h1 class=\"elementor-cta__title elementor-cta__content-item elementor-content-item\">\n\t\t\t\t\t\tK-Dolls, ou l'art au service de l'enfant.\t\t\t\t\t<\/h1>\n\t\t\t\t\n\t\t\t\t\t\t\t\t\t<div class=\"elementor-cta__description elementor-cta__content-item elementor-content-item\">\n\t\t\t\t\t\t<p>L'objectif des K-Dolls est de cr\u00e9er un mouvement artistique autour de la poup\u00e9e et de r\u00e9colter des fonds pour les poup\u00e9es Kiwanis Rags <\/p>\n<p>Les grandes et petites K-Dolls (2m20 et 42cm) sont prises en charge par des artistes. Ils mettent b\u00e9n\u00e9volement leurs talents au service des enfants. Depuis 25 ans, le Kiwanis Belgique-Luxembourg soutient les enfant malades.<\/p>\n\t\t\t\t\t<\/div>\n\t\t\t\t\n\t\t\t\t\t\t\t<\/div>\n\t\t\t\t\t\t<\/div>\n\t\t\t\t\t\t<\/div>\n\t\t\t\t<\/div>\n\t\t\t\t\t<\/div>\n\t\t<\/div>\n\t\t\t\t\t<\/div>\n\t\t<\/section>\n\t\t\t\t<section class=\"elementor-section elementor-top-section elementor-element elementor-element-3dbeb21 elementor-section-boxed elementor-section-height-default elementor-section-height-default\" data-id=\"3dbeb21\" data-element_type=\"section\">\n\t\t\t\t\t\t<div class=\"elementor-container elementor-column-gap-default\">\n\t\t\t\t\t<div class=\"elementor-column elementor-col-100 elementor-top-column elementor-element elementor-element-65e7ba8\" data-id=\"65e7ba8\" data-element_type=\"column\">\n\t\t\t<div class=\"elementor-widget-wrap\">\n\t\t\t\t\t\t\t<\/div>\n\t\t<\/div>\n\t\t\t\t\t<\/div>\n\t\t<\/section>\n\t\t\t\t<section class=\"elementor-section elementor-top-section elementor-element elementor-element-928fc5b elementor-section-boxed elementor-section-height-default elementor-section-height-default\" data-id=\"928fc5b\" data-element_type=\"section\">\n\t\t\t\t\t\t<div class=\"elementor-container elementor-column-gap-default\">\n\t\t\t\t\t<div class=\"elementor-column elementor-col-100 elementor-top-column elementor-element elementor-element-f583260\" data-id=\"f583260\" data-element_type=\"column\">\n\t\t\t<div class=\"elementor-widget-wrap elementor-element-populated\">\n\t\t\t\t\t\t<div class=\"elementor-element elementor-element-9c4b87f elementor-widget elementor-widget-text-editor\" data-id=\"9c4b87f\" data-element_type=\"widget\" data-widget_type=\"text-editor.default\">\n\t\t\t\t<div class=\"elementor-widget-container\">\n\t\t\t\t\t\t\t\t\t<p>En vendant ces magnifiques \u0153uvres d&rsquo;art, dans tous les styles, le Kiwanis collecte des fonds pour soutenir la \u00ab\u00a0Poup\u00e9e Kiwanis\u00a0\u00bb et d&rsquo;autres projets pour les enfants.<br \/>Les K-Dolls sont expos\u00e9es dans les rues et les magasins des villes \u00e0 la demande d&rsquo;un club Kiwanis et en collaboration avec l&rsquo;administration municipale locale&#8230;..<\/p>\n<p><strong>Envie de d\u00e9couvrir les K-Dolls et \u00e9ventuellement d&rsquo;en acheter une ?<\/strong><\/p>\n<p>&gt; -&gt; Visitez la boutique en ligne <a href=\"http:\/\/www.kdolls-marche.be\" target=\"_blank\" rel=\"noopener\">www.kdolls-marche.be<\/a><\/p>\n<p><strong>Vous \u00eates artiste et souhaitez r\u00e9aliser une K-Doll ?<\/strong><\/p>\n<p>-&gt; -&gt; Contactez les responsables du club : <a href=\"mailto:info@kdolls-marche.be\">info@kdolls-marche.be<\/a><\/p>\n\t\t\t\t\t\t\t\t<\/div>\n\t\t\t\t<\/div>\n\t\t\t\t\t<\/div>\n\t\t<\/div>\n\t\t\t\t\t<\/div>\n\t\t<\/section>\n\t\t\t\t<\/div>\n\t\t","protected":false},"excerpt":{"rendered":"<p>K-Dolls, ou l&rsquo;art au service de l&rsquo;enfant. L&rsquo;objectif des K-Dolls est de cr\u00e9er un mouvement artistique autour de la poup\u00e9e et de r\u00e9colter des fonds pour les poup\u00e9es Kiwanis Rags [&hellip;]<\/p>\n","protected":false},"author":5,"featured_media":0,"parent":0,"menu_order":0,"comment_status":"closed","ping_status":"closed","template":"","meta":{"_acf_changed":false,"footnotes":""},"class_list":["post-21005","page","type-page","status-publish","hentry"],"acf":[],"_links":{"self":[{"href":"https:\/\/www.kiwanis.be\/fr\/wp-json\/wp\/v2\/pages\/21005","targetHints":{"allow":["GET"]}}],"collection":[{"href":"https:\/\/www.kiwanis.be\/fr\/wp-json\/wp\/v2\/pages"}],"about":[{"href":"https:\/\/www.kiwanis.be\/fr\/wp-json\/wp\/v2\/types\/page"}],"author":[{"embeddable":true,"href":"https:\/\/www.kiwanis.be\/fr\/wp-json\/wp\/v2\/users\/5"}],"replies":[{"embeddable":true,"href":"https:\/\/www.kiwanis.be\/fr\/wp-json\/wp\/v2\/comments?post=21005"}],"version-history":[{"count":0,"href":"https:\/\/www.kiwanis.be\/fr\/wp-json\/wp\/v2\/pages\/21005\/revisions"}],"wp:attachment":[{"href":"https:\/\/www.kiwanis.be\/fr\/wp-json\/wp\/v2\/media?parent=21005"}],"curies":[{"name":"wp","href":"https:\/\/api.w.org\/{rel}","templated":true}]}}