{"id":50559,"date":"2025-07-14T12:01:56","date_gmt":"2025-07-14T10:01:56","guid":{"rendered":"https:\/\/www.kiwanis.be\/partnerprogramm-kongress-gent\/"},"modified":"2025-07-14T12:06:43","modified_gmt":"2025-07-14T10:06:43","slug":"partnerprogramm-kongress-gent","status":"publish","type":"page","link":"https:\/\/www.kiwanis.be\/de\/partnerprogramm-kongress-gent\/","title":{"rendered":"Partnerprogramm Kongress Gent"},"content":{"rendered":"\t\t<div data-elementor-type=\"wp-page\" data-elementor-id=\"50559\" class=\"elementor elementor-50559 elementor-50546\" data-elementor-post-type=\"page\">\n\t\t\t\t<div class=\"elementor-element elementor-element-ea22447 e-flex e-con-boxed e-con e-parent\" data-id=\"ea22447\" data-element_type=\"container\">\n\t\t\t\t\t<div class=\"e-con-inner\">\n\t\t<div class=\"elementor-element elementor-element-fb13b55 e-con-full e-flex e-con e-child\" data-id=\"fb13b55\" data-element_type=\"container\">\n\t\t\t\t<\/div>\n\t\t<div class=\"elementor-element elementor-element-8b89733 e-con-full e-flex e-con e-child\" data-id=\"8b89733\" data-element_type=\"container\">\n\t\t\t\t<div class=\"elementor-element elementor-element-973eb7d elementor-widget elementor-widget-text-editor\" data-id=\"973eb7d\" data-element_type=\"widget\" data-widget_type=\"text-editor.default\">\n\t\t\t\t<div class=\"elementor-widget-container\">\n\t\t\t\t\t\t\t\t\t<ul style=\"font-weight: 400;\"><li>10.00 &#8211; Abfahrt vom Van der Valk Hotel, Transfer mit Autos (oder Vans) zum Industriemuseum, Fahrzeit: 25 min<\/li><li>10.30 &#8211; 12.00 Uhr F\u00fchrung durch das Industriemuseum, Ausstellung &#8218;\u00fcber Menschen und Maschinen <a href=\"https:\/\/www.industriemuseum.be\/nl\/agenda\/over-mensen-en-machines\" target=\"_blank\" rel=\"noopener\">&#8218; https:\/\/www.industriemuseum.be\/nl\/agenda\/over-mensen-en-machines<\/a><\/li><li>12.00- 12.15 : zu Fu\u00df zum Restaurant &#8218;The four tables&#8216; Plotersgracht <a href=\"https:\/\/restaurantviertafels.be\/\" target=\"_blank\" rel=\"noopener\">https:\/\/restaurantviertafels.be,<\/a> f\u00fcr ein leichtes Mittagessen (ein Gericht, Getr\u00e4nk und Kaffee) &#8211; Gehzeit : 10 min<\/li><li>12.15 &#8211; 13.45 : Mittagessen<\/li><li>1345 -14.00 : zu Fu\u00df zur St. Baafs Kathedrale, Gehzeit : 10 min<\/li><li>14.00 &#8211; 15.00 : gef\u00fchrter Besuch bei Lamb of God: &#8218;AR-Tour&#8216;, Augmented Reality <a href=\"https:\/\/www.sintbaafskathedraal.be\/nl\/lam-gods-ar-tour\/#ID308146\" target=\"_blank\" rel=\"noopener\">https:\/\/www.sintbaafskathedraal.be\/nl\/lam-gods-ar-tour\/#ID308146<\/a><\/li><li>15.00 &#8211; 15.15 : zur\u00fcck nach Graslei, Gehzeit : 10 min  <\/li><li>15.15- 16.45 : gef\u00fchrte Bootsfahrt zum Jachthafen von Merelbeke, R\u00fcckkehr zum Hotel Van der Valk zu Fu\u00df (Gehzeit: 15 m)<\/li><\/ul><p style=\"font-weight: 400;\"> <\/p><p style=\"font-weight: 400;\">Kosten : 90\u20ac, Anmeldeschluss : 12\/09<\/p>\t\t\t\t\t\t\t\t<\/div>\n\t\t\t\t<\/div>\n\t\t\t\t<\/div>\n\t\t<div class=\"elementor-element elementor-element-64dbca2 e-con-full e-flex e-con e-child\" data-id=\"64dbca2\" data-element_type=\"container\">\n\t\t\t\t<\/div>\n\t\t\t\t\t<\/div>\n\t\t\t\t<\/div>\n\t\t\t\t<\/div>\n\t\t","protected":false},"excerpt":{"rendered":"<p>10.00 &#8211; Abfahrt vom Van der Valk Hotel, Transfer mit Autos (oder Vans) zum Industriemuseum, Fahrzeit: 25 min 10.30 &#8211; 12.00 Uhr F\u00fchrung durch das Industriemuseum, Ausstellung &#8218;\u00fcber Menschen und [&hellip;]<\/p>\n","protected":false},"author":29,"featured_media":0,"parent":0,"menu_order":0,"comment_status":"closed","ping_status":"closed","template":"","meta":{"_acf_changed":false,"footnotes":""},"class_list":["post-50559","page","type-page","status-publish","hentry"],"acf":[],"_links":{"self":[{"href":"https:\/\/www.kiwanis.be\/de\/wp-json\/wp\/v2\/pages\/50559","targetHints":{"allow":["GET"]}}],"collection":[{"href":"https:\/\/www.kiwanis.be\/de\/wp-json\/wp\/v2\/pages"}],"about":[{"href":"https:\/\/www.kiwanis.be\/de\/wp-json\/wp\/v2\/types\/page"}],"author":[{"embeddable":true,"href":"https:\/\/www.kiwanis.be\/de\/wp-json\/wp\/v2\/users\/29"}],"replies":[{"embeddable":true,"href":"https:\/\/www.kiwanis.be\/de\/wp-json\/wp\/v2\/comments?post=50559"}],"version-history":[{"count":1,"href":"https:\/\/www.kiwanis.be\/de\/wp-json\/wp\/v2\/pages\/50559\/revisions"}],"predecessor-version":[{"id":50560,"href":"https:\/\/www.kiwanis.be\/de\/wp-json\/wp\/v2\/pages\/50559\/revisions\/50560"}],"wp:attachment":[{"href":"https:\/\/www.kiwanis.be\/de\/wp-json\/wp\/v2\/media?parent=50559"}],"curies":[{"name":"wp","href":"https:\/\/api.w.org\/{rel}","templated":true}]}}