{"id":49649,"date":"2025-05-16T14:06:07","date_gmt":"2025-05-16T12:06:07","guid":{"rendered":"https:\/\/www.kiwanis.be\/ueber-den-kongress\/"},"modified":"2025-06-01T22:56:24","modified_gmt":"2025-06-01T20:56:24","slug":"ueber-den-kongress","status":"publish","type":"page","link":"https:\/\/www.kiwanis.be\/de\/ueber-den-kongress\/","title":{"rendered":"\u00dcber den Kongress"},"content":{"rendered":"\t\t<div data-elementor-type=\"wp-page\" data-elementor-id=\"49649\" class=\"elementor elementor-49649 elementor-48619\" data-elementor-post-type=\"page\">\n\t\t\t\t<div class=\"elementor-element elementor-element-17d15d7 e-flex e-con-boxed e-con e-parent\" data-id=\"17d15d7\" data-element_type=\"container\">\n\t\t\t\t\t<div class=\"e-con-inner\">\n\t\t<div class=\"elementor-element elementor-element-53a27c6 e-con-full e-flex e-con e-child\" data-id=\"53a27c6\" data-element_type=\"container\">\n\t\t\t\t<div class=\"elementor-element elementor-element-5dfb335 elementor-widget elementor-widget-image\" data-id=\"5dfb335\" data-element_type=\"widget\" data-widget_type=\"image.default\">\n\t\t\t\t<div class=\"elementor-widget-container\">\n\t\t\t\t\t\t\t\t\t\t\t\t\t\t\t<img fetchpriority=\"high\" decoding=\"async\" width=\"709\" height=\"472\" src=\"https:\/\/www.kiwanis.be\/wp-content\/uploads\/2025\/05\/gent-1.png\" class=\"attachment-large size-large wp-image-48630\" alt=\"\" srcset=\"https:\/\/www.kiwanis.be\/wp-content\/uploads\/2025\/05\/gent-1.png 709w, https:\/\/www.kiwanis.be\/wp-content\/uploads\/2025\/05\/gent-1-300x200.png 300w, https:\/\/www.kiwanis.be\/wp-content\/uploads\/2025\/05\/gent-1-600x399.png 600w\" sizes=\"(max-width: 709px) 100vw, 709px\" title=\"\">\t\t\t\t\t\t\t\t\t\t\t\t\t\t\t<\/div>\n\t\t\t\t<\/div>\n\t\t\t\t<\/div>\n\t\t<div class=\"elementor-element elementor-element-9519d5a e-con-full e-flex e-con e-child\" data-id=\"9519d5a\" data-element_type=\"container\">\n\t\t\t\t<div class=\"elementor-element elementor-element-cb9b36b elementor-widget elementor-widget-image\" data-id=\"cb9b36b\" data-element_type=\"widget\" data-widget_type=\"image.default\">\n\t\t\t\t<div class=\"elementor-widget-container\">\n\t\t\t\t\t\t\t\t\t\t\t\t\t\t\t<img decoding=\"async\" width=\"709\" height=\"472\" src=\"https:\/\/www.kiwanis.be\/wp-content\/uploads\/2025\/05\/gent-3.png\" class=\"attachment-large size-large wp-image-48642\" alt=\"\" srcset=\"https:\/\/www.kiwanis.be\/wp-content\/uploads\/2025\/05\/gent-3.png 709w, https:\/\/www.kiwanis.be\/wp-content\/uploads\/2025\/05\/gent-3-300x200.png 300w, https:\/\/www.kiwanis.be\/wp-content\/uploads\/2025\/05\/gent-3-600x399.png 600w\" sizes=\"(max-width: 709px) 100vw, 709px\" title=\"\">\t\t\t\t\t\t\t\t\t\t\t\t\t\t\t<\/div>\n\t\t\t\t<\/div>\n\t\t\t\t<\/div>\n\t\t<div class=\"elementor-element elementor-element-657d530 e-con-full e-flex e-con e-child\" data-id=\"657d530\" data-element_type=\"container\">\n\t\t\t\t<div class=\"elementor-element elementor-element-2872db2 elementor-widget elementor-widget-image\" data-id=\"2872db2\" data-element_type=\"widget\" data-widget_type=\"image.default\">\n\t\t\t\t<div class=\"elementor-widget-container\">\n\t\t\t\t\t\t\t\t\t\t\t\t\t\t\t<img decoding=\"async\" width=\"709\" height=\"472\" src=\"https:\/\/www.kiwanis.be\/wp-content\/uploads\/2025\/05\/gent-2.png\" class=\"attachment-large size-large wp-image-48637\" alt=\"\" srcset=\"https:\/\/www.kiwanis.be\/wp-content\/uploads\/2025\/05\/gent-2.png 709w, https:\/\/www.kiwanis.be\/wp-content\/uploads\/2025\/05\/gent-2-300x200.png 300w, https:\/\/www.kiwanis.be\/wp-content\/uploads\/2025\/05\/gent-2-600x399.png 600w\" sizes=\"(max-width: 709px) 100vw, 709px\" title=\"\">\t\t\t\t\t\t\t\t\t\t\t\t\t\t\t<\/div>\n\t\t\t\t<\/div>\n\t\t\t\t<\/div>\n\t\t\t\t\t<\/div>\n\t\t\t\t<\/div>\n\t\t<div class=\"elementor-element elementor-element-0e54229 e-flex e-con-boxed e-con e-parent\" data-id=\"0e54229\" data-element_type=\"container\">\n\t\t\t\t\t<div class=\"e-con-inner\">\n\t\t<div class=\"elementor-element elementor-element-cc4b19a e-con-full e-flex e-con e-child\" data-id=\"cc4b19a\" data-element_type=\"container\">\n\t\t\t\t<div class=\"elementor-element elementor-element-24686fc elementor-widget elementor-widget-text-editor\" data-id=\"24686fc\" data-element_type=\"widget\" data-widget_type=\"text-editor.default\">\n\t\t\t\t<div class=\"elementor-widget-container\">\n\t\t\t\t\t\t\t\t\t<h3 class=\"p1\" style=\"text-align: center;\"><span style=\"color: #000080;\">Kiwanis \u201ezu Ihren Diensten\u201c<\/span><\/h3>\t\t\t\t\t\t\t\t<\/div>\n\t\t\t\t<\/div>\n\t\t\t\t<\/div>\n\t\t\t\t\t<\/div>\n\t\t\t\t<\/div>\n\t\t<div class=\"elementor-element elementor-element-e9b675e e-flex e-con-boxed e-con e-parent\" data-id=\"e9b675e\" data-element_type=\"container\">\n\t\t\t\t\t<div class=\"e-con-inner\">\n\t\t<div class=\"elementor-element elementor-element-ecac057 e-con-full e-flex e-con e-child\" data-id=\"ecac057\" data-element_type=\"container\">\n\t\t\t\t<div class=\"elementor-element elementor-element-ea36774 elementor-widget elementor-widget-text-editor\" data-id=\"ea36774\" data-element_type=\"widget\" data-widget_type=\"text-editor.default\">\n\t\t\t\t<div class=\"elementor-widget-container\">\n\t\t\t\t\t\t\t\t\t<p class=\"p1\">Kommen Sie und nehmen Sie an diesem einzigartigen j\u00e4hrlichen Erlebnis teil! Sie werden die Gelegenheit haben, Freunde zu treffen, neue Freundschaften mit anderen Kiwanis-Mitgliedern zu schlie\u00dfen, in Workshops zu lernen und Ideen auszutauschen und sich Geh\u00f6r f\u00fcr die Zukunft der Organisation in Belgien und Luxemburg zu verschaffen.<\/p><p class=\"p1\">Dieses Jahr lassen wir uns in Gent nieder, der Heimatstadt von Gouverneur Guido De Bie. Eine Stadt, die mit ihren stattlichen Geb\u00e4uden und verwinkelten Gassen Geschichte atmet, aber gleichzeitig dank trendiger Caf\u00e9s, bunter Stra\u00dfenkunst und pulsierender Festivals vor Leben strotzt. Gent ist die perfekte Mischung aus Alt und Neu &#8211; ein Ort, an dem man die Vergangenheit sp\u00fcrt und doch ganz im Einklang mit der Gegenwart ist.<\/p><p class=\"p1\">Die Konferenz findet in dem gem\u00fctlichen und modernen MeetDistrict in der Planet Group Arena in Gent statt. Neben den bekannten Bestandteilen unserer Kiwanis-Kongresse blicken wir in diesem Jahr auch auf das Erreichte zur\u00fcck.  <\/p><p class=\"p1\"> <\/p>\t\t\t\t\t\t\t\t<\/div>\n\t\t\t\t<\/div>\n\t\t\t\t<\/div>\n\t\t<div class=\"elementor-element elementor-element-2475d83 e-con-full e-flex e-con e-child\" data-id=\"2475d83\" data-element_type=\"container\">\n\t\t\t\t<div class=\"elementor-element elementor-element-06f33b9 elementor-widget elementor-widget-text-editor\" data-id=\"06f33b9\" data-element_type=\"widget\" data-widget_type=\"text-editor.default\">\n\t\t\t\t<div class=\"elementor-widget-container\">\n\t\t\t\t\t\t\t\t\t<p class=\"p1\">Ein wichtiger Schritt nach vorn ist die Digitalisierung des Kiwanis-Verzeichnisses, das seit kurzem online verf\u00fcgbar ist. \u00dcber eine \u00fcbersichtliche und benutzerfreundliche Plattform k\u00f6nnen die Mitglieder ganz einfach Daten, Funktionen und Clubinformationen finden &#8211; eine moderne L\u00f6sung, die unser Netzwerk n\u00e4her zusammenbringt.<\/p><p class=\"p1\">Und das ist bei weitem nicht alles. Die vielen Projekte von Kiwanis BeLux werden ebenfalls hervorgehoben: von Urban Youth Games und Special Olympics bis hin zu K-Dolls, Children by the Sea, ChildrensWheels, KidsDay, Stoffpuppen und vielem mehr.<\/p><p class=\"p1\">Die Zukunft sieht vielversprechend aus. Wir laden Sie herzlich ein, dabei zu sein, zuzuh\u00f6ren, zu feiern und das Jahr im Geiste unseres Mottos zu beenden: \u201eZu Ihren Diensten\u201c. Es verspricht, ein reichhaltiges und inspirierendes Programm zu werden.<\/p><p class=\"p1\">Lassen Sie sich auch auf eine Entdeckungsreise durch Gent mitnehmen, wo unsere K-Dolls als farbenfrohe Reisef\u00fchrer entlang der Route auf Sie warten.<\/p>\t\t\t\t\t\t\t\t<\/div>\n\t\t\t\t<\/div>\n\t\t\t\t<\/div>\n\t\t\t\t\t<\/div>\n\t\t\t\t<\/div>\n\t\t\t\t<\/div>\n\t\t","protected":false},"excerpt":{"rendered":"<p>Kiwanis \u201ezu Ihren Diensten\u201c Kommen Sie und nehmen Sie an diesem einzigartigen j\u00e4hrlichen Erlebnis teil! Sie werden die Gelegenheit haben, Freunde zu treffen, neue Freundschaften mit anderen Kiwanis-Mitgliedern zu schlie\u00dfen, [&hellip;]<\/p>\n","protected":false},"author":29,"featured_media":0,"parent":0,"menu_order":0,"comment_status":"closed","ping_status":"closed","template":"","meta":{"_acf_changed":false,"footnotes":""},"class_list":["post-49649","page","type-page","status-publish","hentry"],"acf":[],"_links":{"self":[{"href":"https:\/\/www.kiwanis.be\/de\/wp-json\/wp\/v2\/pages\/49649","targetHints":{"allow":["GET"]}}],"collection":[{"href":"https:\/\/www.kiwanis.be\/de\/wp-json\/wp\/v2\/pages"}],"about":[{"href":"https:\/\/www.kiwanis.be\/de\/wp-json\/wp\/v2\/types\/page"}],"author":[{"embeddable":true,"href":"https:\/\/www.kiwanis.be\/de\/wp-json\/wp\/v2\/users\/29"}],"replies":[{"embeddable":true,"href":"https:\/\/www.kiwanis.be\/de\/wp-json\/wp\/v2\/comments?post=49649"}],"version-history":[{"count":2,"href":"https:\/\/www.kiwanis.be\/de\/wp-json\/wp\/v2\/pages\/49649\/revisions"}],"predecessor-version":[{"id":49651,"href":"https:\/\/www.kiwanis.be\/de\/wp-json\/wp\/v2\/pages\/49649\/revisions\/49651"}],"wp:attachment":[{"href":"https:\/\/www.kiwanis.be\/de\/wp-json\/wp\/v2\/media?parent=49649"}],"curies":[{"name":"wp","href":"https:\/\/api.w.org\/{rel}","templated":true}]}}