{"id":49625,"date":"2025-05-16T15:22:25","date_gmt":"2025-05-16T13:22:25","guid":{"rendered":"https:\/\/www.kiwanis.be\/kdolls-in-gent\/"},"modified":"2025-06-01T22:53:27","modified_gmt":"2025-06-01T20:53:27","slug":"kdolls-in-gent","status":"publish","type":"page","link":"https:\/\/www.kiwanis.be\/de\/kdolls-in-gent\/","title":{"rendered":"KDOLLS IN GENT"},"content":{"rendered":"\t\t<div data-elementor-type=\"wp-page\" data-elementor-id=\"49625\" class=\"elementor elementor-49625 elementor-48726\" data-elementor-post-type=\"page\">\n\t\t\t\t<div class=\"elementor-element elementor-element-303b684 e-flex e-con-boxed e-con e-parent\" data-id=\"303b684\" data-element_type=\"container\">\n\t\t\t\t\t<div class=\"e-con-inner\">\n\t\t<div class=\"elementor-element elementor-element-54cd3cc e-con-full e-flex e-con e-child\" data-id=\"54cd3cc\" data-element_type=\"container\">\n\t\t\t\t<div class=\"elementor-element elementor-element-78ffd72 elementor-widget elementor-widget-image\" data-id=\"78ffd72\" data-element_type=\"widget\" data-widget_type=\"image.default\">\n\t\t\t\t<div class=\"elementor-widget-container\">\n\t\t\t\t\t\t\t\t\t\t\t\t\t\t\t<img fetchpriority=\"high\" decoding=\"async\" width=\"800\" height=\"600\" src=\"https:\/\/www.kiwanis.be\/wp-content\/uploads\/2025\/05\/kdolls.png\" class=\"attachment-large size-large wp-image-48751\" alt=\"\" srcset=\"https:\/\/www.kiwanis.be\/wp-content\/uploads\/2025\/05\/kdolls.png 960w, https:\/\/www.kiwanis.be\/wp-content\/uploads\/2025\/05\/kdolls-300x225.png 300w, https:\/\/www.kiwanis.be\/wp-content\/uploads\/2025\/05\/kdolls-768x576.png 768w, https:\/\/www.kiwanis.be\/wp-content\/uploads\/2025\/05\/kdolls-600x450.png 600w\" sizes=\"(max-width: 800px) 100vw, 800px\" title=\"\">\t\t\t\t\t\t\t\t\t\t\t\t\t\t\t<\/div>\n\t\t\t\t<\/div>\n\t\t\t\t<\/div>\n\t\t<div class=\"elementor-element elementor-element-fafcb1c e-con-full e-flex e-con e-child\" data-id=\"fafcb1c\" data-element_type=\"container\">\n\t\t\t\t<div class=\"elementor-element elementor-element-2d47a57 elementor-widget elementor-widget-image\" data-id=\"2d47a57\" data-element_type=\"widget\" data-widget_type=\"image.default\">\n\t\t\t\t<div class=\"elementor-widget-container\">\n\t\t\t\t\t\t\t\t\t\t\t\t\t\t\t<img decoding=\"async\" width=\"800\" height=\"600\" src=\"https:\/\/www.kiwanis.be\/wp-content\/uploads\/2025\/05\/464477960_8568291246587501_3479584029924555284_n.jpg\" class=\"attachment-large size-large wp-image-48744\" alt=\"\" srcset=\"https:\/\/www.kiwanis.be\/wp-content\/uploads\/2025\/05\/464477960_8568291246587501_3479584029924555284_n.jpg 960w, https:\/\/www.kiwanis.be\/wp-content\/uploads\/2025\/05\/464477960_8568291246587501_3479584029924555284_n-300x225.jpg 300w, https:\/\/www.kiwanis.be\/wp-content\/uploads\/2025\/05\/464477960_8568291246587501_3479584029924555284_n-768x576.jpg 768w, https:\/\/www.kiwanis.be\/wp-content\/uploads\/2025\/05\/464477960_8568291246587501_3479584029924555284_n-600x450.jpg 600w\" sizes=\"(max-width: 800px) 100vw, 800px\" title=\"\">\t\t\t\t\t\t\t\t\t\t\t\t\t\t\t<\/div>\n\t\t\t\t<\/div>\n\t\t\t\t<\/div>\n\t\t<div class=\"elementor-element elementor-element-81c73c0 e-con-full e-flex e-con e-child\" data-id=\"81c73c0\" data-element_type=\"container\">\n\t\t\t\t<div class=\"elementor-element elementor-element-3d56f4c elementor-widget elementor-widget-image\" data-id=\"3d56f4c\" data-element_type=\"widget\" data-widget_type=\"image.default\">\n\t\t\t\t<div class=\"elementor-widget-container\">\n\t\t\t\t\t\t\t\t\t\t\t\t\t\t\t<img decoding=\"async\" width=\"800\" height=\"600\" src=\"https:\/\/www.kiwanis.be\/wp-content\/uploads\/2025\/05\/kdolls3.png\" class=\"attachment-large size-large wp-image-48758\" alt=\"\" srcset=\"https:\/\/www.kiwanis.be\/wp-content\/uploads\/2025\/05\/kdolls3.png 960w, https:\/\/www.kiwanis.be\/wp-content\/uploads\/2025\/05\/kdolls3-300x225.png 300w, https:\/\/www.kiwanis.be\/wp-content\/uploads\/2025\/05\/kdolls3-768x576.png 768w, https:\/\/www.kiwanis.be\/wp-content\/uploads\/2025\/05\/kdolls3-600x450.png 600w\" sizes=\"(max-width: 800px) 100vw, 800px\" title=\"\">\t\t\t\t\t\t\t\t\t\t\t\t\t\t\t<\/div>\n\t\t\t\t<\/div>\n\t\t\t\t<\/div>\n\t\t\t\t\t<\/div>\n\t\t\t\t<\/div>\n\t\t<div class=\"elementor-element elementor-element-48d3c2d e-flex e-con-boxed e-con e-parent\" data-id=\"48d3c2d\" data-element_type=\"container\">\n\t\t\t\t\t<div class=\"e-con-inner\">\n\t\t<div class=\"elementor-element elementor-element-dc11371 e-con-full e-flex e-con e-child\" data-id=\"dc11371\" data-element_type=\"container\">\n\t\t\t\t<div class=\"elementor-element elementor-element-d5c8768 elementor-widget elementor-widget-text-editor\" data-id=\"d5c8768\" data-element_type=\"widget\" data-widget_type=\"text-editor.default\">\n\t\t\t\t<div class=\"elementor-widget-container\">\n\t\t\t\t\t\t\t\t\t<h3 class=\"\" data-start=\"361\" data-end=\"413\">Entdecken Sie Gent und die bezaubernden Kiwanis-Puppen bei einem einzigartigen Stadtrundgang im September<\/h3>\t\t\t\t\t\t\t\t<\/div>\n\t\t\t\t<\/div>\n\t\t\t\t<\/div>\n\t\t\t\t\t<\/div>\n\t\t\t\t<\/div>\n\t\t<div class=\"elementor-element elementor-element-231e741 e-flex e-con-boxed e-con e-parent\" data-id=\"231e741\" data-element_type=\"container\">\n\t\t\t\t\t<div class=\"e-con-inner\">\n\t\t<div class=\"elementor-element elementor-element-216e517 e-con-full e-flex e-con e-child\" data-id=\"216e517\" data-element_type=\"container\">\n\t\t\t\t<div class=\"elementor-element elementor-element-f55cce5 elementor-widget elementor-widget-text-editor\" data-id=\"f55cce5\" data-element_type=\"widget\" data-widget_type=\"text-editor.default\">\n\t\t\t\t<div class=\"elementor-widget-container\">\n\t\t\t\t\t\t\t\t\t<h5 data-start=\"361\" data-end=\"413\">Ein Spaziergang voller Kunst, Charme und Herzensw\u00e4rme<\/h5><p class=\"\" data-start=\"415\" data-end=\"796\">Den ganzen <strong data-start=\"437\" data-end=\"450\">September<\/strong> \u00fcber verwandelt sich das sch\u00f6ne Gent dank einer einzigartigen Ausstellung der <strong data-start=\"545\" data-end=\"562\">Kiwanis-Puppen<\/strong> in ein Freilichtmuseum. Diese charmanten und symboltr\u00e4chtigen Puppen werden an verschiedenen Orten in der Stadt ausgestellt. Gemeinsam bilden sie das Herzst\u00fcck einer besonderen <strong data-start=\"717\" data-end=\"735\">Stadtf\u00fchrung<\/strong>, die Kultur, Kreativit\u00e4t und Engagement miteinander verbindet.  <\/p><p class=\"\" data-start=\"798\" data-end=\"1041\">Ob Sie nun in Gent geboren sind oder die Stadt zum ersten Mal besuchen &#8211; dieser Spaziergang f\u00fchrt Sie auf einer inspirierenden Route entlang versteckter Juwelen, bekannter Pl\u00e4tze und \u00fcberraschender Innenstra\u00dfen, jedes Mal mit einer besonderen Puppe als F\u00fchrer.<br><br><\/p><h5 data-start=\"1043\" data-end=\"1070\">Was sind Kiwanis-Puppen?<\/h5><p class=\"\" data-start=\"1072\" data-end=\"1528\">Die <strong data-start=\"1075\" data-end=\"1091\">Kiwanis-Puppe<\/strong> ist viel mehr als nur ein dekoratives Objekt. Sie symbolisiert Hoffnung, F\u00fcrsorge und Unterst\u00fctzung f\u00fcr Kinder, die es schwer haben. In Krankenh\u00e4usern auf der ganzen Welt werden Kiwanis-Puppen verwendet, um junge Patienten zu tr\u00f6sten und medizinische Verfahren auf spielerische Weise zu erkl\u00e4ren. Diese Ausstellung zeigt nicht nur die Sch\u00f6nheit der Puppen, sondern auch ihren eigentlichen Zweck: das <strong data-start=\"1488\" data-end=\"1527\">Wohlbefinden von Kindern zu f\u00f6rdern<\/strong>.   <\/p><p class=\"\" data-start=\"1530\" data-end=\"1745\">Jede ausgestellte Puppe ist ein Unikat, handgefertigt von K\u00fcnstlern, Freiwilligen, Schulen oder ber\u00fchmten Flamen. Das macht jeden Halt w\u00e4hrend des Spaziergangs nicht nur zu einem visuellen, sondern auch zu einem emotionalen Moment. <\/p>\t\t\t\t\t\t\t\t<\/div>\n\t\t\t\t<\/div>\n\t\t\t\t<\/div>\n\t\t<div class=\"elementor-element elementor-element-201f9ee e-con-full e-flex e-con e-child\" data-id=\"201f9ee\" data-element_type=\"container\">\n\t\t\t\t<div class=\"elementor-element elementor-element-be78dc9 elementor-widget elementor-widget-text-editor\" data-id=\"be78dc9\" data-element_type=\"widget\" data-widget_type=\"text-editor.default\">\n\t\t\t\t<div class=\"elementor-widget-container\">\n\t\t\t\t\t\t\t\t\t<h5 data-start=\"1747\" data-end=\"1773\">Was k\u00f6nnen Sie erwarten?<\/h5><ul data-start=\"1775\" data-end=\"2209\"><li class=\"\" data-start=\"1775\" data-end=\"1860\"><p class=\"\" data-start=\"1777\" data-end=\"1860\"><strong data-start=\"1777\" data-end=\"1811\">Eine kartierte Wanderroute<\/strong>, die Sie an den sch\u00f6nsten Orten Gents vorbeif\u00fchrt<\/p><\/li><li class=\"\" data-start=\"1861\" data-end=\"1942\"><p class=\"\" data-start=\"1863\" data-end=\"1942\"><strong data-start=\"1863\" data-end=\"1913\">Mehr als 20 kunstvoll gefertigte Kiwanis-Puppen<\/strong>, jede mit ihrer eigenen Geschichte<\/p><\/li><li class=\"\" data-start=\"1943\" data-end=\"2021\"><p class=\"\" data-start=\"1945\" data-end=\"2021\"><strong data-start=\"1945\" data-end=\"1971\">Interaktive Elemente<\/strong> \u00fcber QR-Codes mit Informationen \u00fcber Ersteller und Zweck<\/p><\/li><li class=\"\" data-start=\"2022\" data-end=\"2138\"><p class=\"\" data-start=\"2024\" data-end=\"2138\"><strong data-start=\"2024\" data-end=\"2057\">Geeignet f\u00fcr alle Altersgruppen<\/strong> &#8211; ein lustiger Ausflug mit der Familie, mit Freunden oder als kulturelles Einzelerlebnis<\/p><\/li><li class=\"\" data-start=\"2139\" data-end=\"2209\"><p class=\"\" data-start=\"2141\" data-end=\"2209\"><strong data-start=\"2141\" data-end=\"2160\">V\u00f6llig kostenlos<\/strong>, obwohl wir zu Spenden f\u00fcr wohlt\u00e4tige Zwecke aufrufen<\/p><\/li><\/ul><h5 data-start=\"2211\" data-end=\"2224\"><br>Praktisch<\/h5><p class=\"\" data-start=\"2226\" data-end=\"2428\"><strong data-start=\"2229\" data-end=\"2240\">Ort<\/strong>: Centre Ghent<br data-start=\"2254\" data-end=\"2257\"><strong data-start=\"2260\" data-end=\"2271\">Zeitraum<\/strong>: 1. bis 30. September<br data-start=\"2291\" data-end=\"2294\"><strong data-start=\"2297\" data-end=\"2309\">Zeit<\/strong>: Frei zug\u00e4nglich, in Ihrem eigenen Tempo<br data-start=\"2344\" data-end=\"2347\"><strong data-start=\"2350\" data-end=\"2359\">Extra<\/strong>: Scannen Sie QR-Codes entlang des Weges f\u00fcr Hintergrundgeschichten, Fotos und Videos<br><br><\/p><p class=\"\" data-start=\"2903\" data-end=\"3101\">Lassen Sie sich von der Kreativit\u00e4t, dem sozialen Engagement und der Sch\u00f6nheit von Gent im September \u00fcberraschen. Ziehen Sie Ihre Wanderschuhe an und begeben Sie sich auf diesen magischen Puppenpfad! <\/p>\t\t\t\t\t\t\t\t<\/div>\n\t\t\t\t<\/div>\n\t\t\t\t<\/div>\n\t\t\t\t\t<\/div>\n\t\t\t\t<\/div>\n\t\t\t\t<\/div>\n\t\t","protected":false},"excerpt":{"rendered":"<p>Entdecken Sie Gent und die bezaubernden Kiwanis-Puppen bei einem einzigartigen Stadtrundgang im September Ein Spaziergang voller Kunst, Charme und Herzensw\u00e4rme Den ganzen September \u00fcber verwandelt sich das sch\u00f6ne Gent dank [&hellip;]<\/p>\n","protected":false},"author":29,"featured_media":0,"parent":0,"menu_order":0,"comment_status":"closed","ping_status":"closed","template":"","meta":{"_acf_changed":false,"footnotes":""},"class_list":["post-49625","page","type-page","status-publish","hentry"],"acf":[],"_links":{"self":[{"href":"https:\/\/www.kiwanis.be\/de\/wp-json\/wp\/v2\/pages\/49625","targetHints":{"allow":["GET"]}}],"collection":[{"href":"https:\/\/www.kiwanis.be\/de\/wp-json\/wp\/v2\/pages"}],"about":[{"href":"https:\/\/www.kiwanis.be\/de\/wp-json\/wp\/v2\/types\/page"}],"author":[{"embeddable":true,"href":"https:\/\/www.kiwanis.be\/de\/wp-json\/wp\/v2\/users\/29"}],"replies":[{"embeddable":true,"href":"https:\/\/www.kiwanis.be\/de\/wp-json\/wp\/v2\/comments?post=49625"}],"version-history":[{"count":2,"href":"https:\/\/www.kiwanis.be\/de\/wp-json\/wp\/v2\/pages\/49625\/revisions"}],"predecessor-version":[{"id":49627,"href":"https:\/\/www.kiwanis.be\/de\/wp-json\/wp\/v2\/pages\/49625\/revisions\/49627"}],"wp:attachment":[{"href":"https:\/\/www.kiwanis.be\/de\/wp-json\/wp\/v2\/media?parent=49625"}],"curies":[{"name":"wp","href":"https:\/\/api.w.org\/{rel}","templated":true}]}}