{"id":49609,"date":"2025-05-16T16:09:59","date_gmt":"2025-05-16T14:09:59","guid":{"rendered":"https:\/\/www.kiwanis.be\/programm\/"},"modified":"2025-09-09T13:27:08","modified_gmt":"2025-09-09T11:27:08","slug":"programm","status":"publish","type":"page","link":"https:\/\/www.kiwanis.be\/de\/programm\/","title":{"rendered":"Programm"},"content":{"rendered":"\t\t<div data-elementor-type=\"wp-page\" data-elementor-id=\"49609\" class=\"elementor elementor-49609 elementor-48810\" data-elementor-post-type=\"page\">\n\t\t\t\t<div class=\"elementor-element elementor-element-571248d e-flex e-con-boxed e-con e-parent\" data-id=\"571248d\" data-element_type=\"container\">\n\t\t\t\t\t<div class=\"e-con-inner\">\n\t\t<div class=\"elementor-element elementor-element-bc78f9d e-grid e-con-full e-con e-child\" data-id=\"bc78f9d\" data-element_type=\"container\">\n\t\t\t\t<div class=\"elementor-element elementor-element-d316b52 elementor-widget elementor-widget-image\" data-id=\"d316b52\" data-element_type=\"widget\" data-widget_type=\"image.default\">\n\t\t\t\t<div class=\"elementor-widget-container\">\n\t\t\t\t\t\t\t\t\t\t\t\t\t\t\t<img fetchpriority=\"high\" decoding=\"async\" width=\"800\" height=\"600\" src=\"https:\/\/www.kiwanis.be\/wp-content\/uploads\/2025\/05\/guy.png\" class=\"attachment-large size-large wp-image-48837\" alt=\"\" srcset=\"https:\/\/www.kiwanis.be\/wp-content\/uploads\/2025\/05\/guy.png 960w, https:\/\/www.kiwanis.be\/wp-content\/uploads\/2025\/05\/guy-300x225.png 300w, https:\/\/www.kiwanis.be\/wp-content\/uploads\/2025\/05\/guy-768x576.png 768w, https:\/\/www.kiwanis.be\/wp-content\/uploads\/2025\/05\/guy-600x450.png 600w\" sizes=\"(max-width: 800px) 100vw, 800px\" title=\"\">\t\t\t\t\t\t\t\t\t\t\t\t\t\t\t<\/div>\n\t\t\t\t<\/div>\n\t\t\t\t<div class=\"elementor-element elementor-element-37d98d7 elementor-widget elementor-widget-image\" data-id=\"37d98d7\" data-element_type=\"widget\" data-widget_type=\"image.default\">\n\t\t\t\t<div class=\"elementor-widget-container\">\n\t\t\t\t\t\t\t\t\t\t\t\t\t\t\t<img decoding=\"async\" width=\"800\" height=\"600\" src=\"https:\/\/www.kiwanis.be\/wp-content\/uploads\/2025\/05\/programma.png\" class=\"attachment-large size-large wp-image-48844\" alt=\"\" srcset=\"https:\/\/www.kiwanis.be\/wp-content\/uploads\/2025\/05\/programma.png 960w, https:\/\/www.kiwanis.be\/wp-content\/uploads\/2025\/05\/programma-300x225.png 300w, https:\/\/www.kiwanis.be\/wp-content\/uploads\/2025\/05\/programma-768x576.png 768w, https:\/\/www.kiwanis.be\/wp-content\/uploads\/2025\/05\/programma-600x450.png 600w\" sizes=\"(max-width: 800px) 100vw, 800px\" title=\"\">\t\t\t\t\t\t\t\t\t\t\t\t\t\t\t<\/div>\n\t\t\t\t<\/div>\n\t\t\t\t<div class=\"elementor-element elementor-element-3e9ee32 elementor-widget elementor-widget-image\" data-id=\"3e9ee32\" data-element_type=\"widget\" data-widget_type=\"image.default\">\n\t\t\t\t<div class=\"elementor-widget-container\">\n\t\t\t\t\t\t\t\t\t\t\t\t\t\t\t<img decoding=\"async\" width=\"800\" height=\"600\" src=\"https:\/\/www.kiwanis.be\/wp-content\/uploads\/2025\/05\/programma2.png\" class=\"attachment-large size-large wp-image-48849\" alt=\"\" srcset=\"https:\/\/www.kiwanis.be\/wp-content\/uploads\/2025\/05\/programma2.png 960w, https:\/\/www.kiwanis.be\/wp-content\/uploads\/2025\/05\/programma2-300x225.png 300w, https:\/\/www.kiwanis.be\/wp-content\/uploads\/2025\/05\/programma2-768x576.png 768w, https:\/\/www.kiwanis.be\/wp-content\/uploads\/2025\/05\/programma2-600x450.png 600w\" sizes=\"(max-width: 800px) 100vw, 800px\" title=\"\">\t\t\t\t\t\t\t\t\t\t\t\t\t\t\t<\/div>\n\t\t\t\t<\/div>\n\t\t\t\t<\/div>\n\t\t\t\t\t<\/div>\n\t\t\t\t<\/div>\n\t\t<div class=\"elementor-element elementor-element-836b8f6 e-flex e-con-boxed e-con e-parent\" data-id=\"836b8f6\" data-element_type=\"container\">\n\t\t\t\t\t<div class=\"e-con-inner\">\n\t\t\t\t<div class=\"elementor-element elementor-element-ab7d0db elementor-widget elementor-widget-text-editor\" data-id=\"ab7d0db\" data-element_type=\"widget\" data-widget_type=\"text-editor.default\">\n\t\t\t\t<div class=\"elementor-widget-container\">\n\t\t\t\t\t\t\t\t\t<h5 style=\"text-align: center;\">Programm Samstag 20 September 2025 &#8211; MeetDistrict Ghent<\/h5>\t\t\t\t\t\t\t\t<\/div>\n\t\t\t\t<\/div>\n\t\t\t\t\t<\/div>\n\t\t\t\t<\/div>\n\t\t<div class=\"elementor-element elementor-element-441197d e-flex e-con-boxed e-con e-parent\" data-id=\"441197d\" data-element_type=\"container\">\n\t\t\t\t\t<div class=\"e-con-inner\">\n\t\t<div class=\"elementor-element elementor-element-f8c2151 e-con-full e-flex e-con e-child\" data-id=\"f8c2151\" data-element_type=\"container\">\n\t\t\t\t<div class=\"elementor-element elementor-element-495dab5 elementor-widget elementor-widget-text-editor\" data-id=\"495dab5\" data-element_type=\"widget\" data-widget_type=\"text-editor.default\">\n\t\t\t\t<div class=\"elementor-widget-container\">\n\t\t\t\t\t\t\t\t\t<table width=\"769\"><tbody><tr><td width=\"101\">08.30 &#8211; 9.30<\/td><td width=\"311\">Onthaal, registratie en ontbijt<\/td><td width=\"357\">R\u00e9ception, inscription et petit-d\u00e9jeuner<\/td><\/tr><tr><td width=\"101\">9.30<\/td><td width=\"311\">Kiwanis 2024-2025 in woord en beeld<\/td><td width=\"357\">Kiwanis 2024-2025 en mots et images<\/td><\/tr><tr><td width=\"101\">9.30 &#8211; 9.40<\/td><td width=\"311\">Muzikale intro:\u00a0 keyboard en zang<\/td><td width=\"357\">Intro musicale : clavier et voix<\/td><\/tr><tr><td width=\"101\">9.40 &#8211; 9.45<\/td><td width=\"311\">Welkom door de Gouverneur, Guido DE BIE<\/td><td width=\"357\">Acceuil par le Gouverneur, Guido DE BIE<\/td><\/tr><tr><td width=\"101\">9.45 &#8211; 9.50<\/td><td width=\"311\">Kiwanis 2024-2025 in woord en beeld: Fundraisingactiviteiten van onze clubs<\/td><td width=\"357\">Kiwanis 2024-2025 en mot et en images: Activit\u00e9s de collecte de fonds de nos clubs<\/td><\/tr><tr><td width=\"101\">9.50 &#8211; 10.00<\/td><td width=\"311\">Koor KRC met Koen Wauters \u201cVonken &amp; vuur\u201d<\/td><td width=\"357\">Choir KRC avec Koen Wauters \u201cVonken &amp; vuur\u201d<\/td><\/tr><tr><td width=\"101\">10.00 &#8211; 10.05<\/td><td width=\"311\">Kiwanis 2024-2025 in woord en beeld: Sociale projecten<\/td><td width=\"357\">KIWANIS 2024-2025 en mot et en images: Projets sociaux<\/td><\/tr><tr><td width=\"101\">10.05 &#8211; 10.25<\/td><td width=\"311\">Key Note Spreker<br \/>Prof. dr. RUTH VAN DER LOOVEN<\/td><td width=\"357\">Orateur principal<br \/>Prof. dr. RUTH VAN DER LOOVEN<\/td><\/tr><tr><td width=\"101\">10.25- 10.35<\/td><td width=\"311\">KOOR KRC met Koen Wauters &#8222;Tegenpartij&#8220;<\/td><td width=\"357\">CHOIR KRC avec Koen Wauters \u201cTegenpartij\u201d<\/td><\/tr><tr><td width=\"101\">10.35 &#8211; 11.05<\/td><td width=\"311\">KOFFIE PAUZE<\/td><td width=\"357\">PAUSE CAF\u00c9<\/td><\/tr><tr><td width=\"101\">11.15 &#8211; 11.20<\/td><td width=\"311\">Kiwanis 2024-2025 in woord en beeld: Kiwanis in de media<\/td><td width=\"357\">KIWANIS 2024-2025 en mot et en images: Kiwanis dans les m\u00e9dias<\/td><\/tr><tr><td width=\"101\">11.05 &#8211; 11.15<\/td><td width=\"311\">Muzikaal intermezzo:\u00a0 key board en zang<\/td><td width=\"357\">Intro musicale : clavier et voix<\/td><\/tr><tr><td width=\"101\">11.15- 11.45<\/td><td width=\"311\">Panel : PROF Dr Ruth &#8211;<br \/>voorzitter sociale commissie club uit Walloni\u00eb en \u00e9\u00e9n uit Vlaanderen&#8220;<\/td><td width=\"357\">Panel : PROF Dr Ruth &#8211;<br \/>pr\u00e9sident comit\u00e9 social club de Wallonie et un de Flandre\u201d.<\/td><\/tr><tr><td width=\"101\">11.45-11.50<\/td><td width=\"311\">KIWANIS 2024-2025 in woord en beeld: Special Projects<\/td><td width=\"357\">KIWANIS 2024-2025 en mot et en images: Special Projects<\/td><\/tr><tr><td width=\"101\">11.50-12.00<\/td><td width=\"311\">Optreden door kinderen van het Kinderrevalidatiecentrum van het UZ Gent &#8222;En dans&#8220;<\/td><td width=\"357\">Performance des enfants du Centre de R\u00e9habilitation pour Enfants de l\u2019UZ Gent \u201cEn dans\u201d<\/td><\/tr><tr><td width=\"101\">12.00 &#8211; 14.00<\/td><td width=\"311\">Lunch<\/td><td width=\"357\">D\u00e9jeuner<\/td><\/tr><\/tbody><\/table>\t\t\t\t\t\t\t\t<\/div>\n\t\t\t\t<\/div>\n\t\t\t\t<div class=\"elementor-element elementor-element-2d20233 elementor-widget elementor-widget-text-editor\" data-id=\"2d20233\" data-element_type=\"widget\" data-widget_type=\"text-editor.default\">\n\t\t\t\t<div class=\"elementor-widget-container\">\n\t\t\t\t\t\t\t\t\t<table width=\"923\"><tbody><tr><td colspan=\"5\" width=\"923\">ALGEMENE VERGADERING 20\/09\/2025<br \/>DISTRICT K38: KIWANIS BELGIUM-LUXEMBOURG VZW\/ASBL<\/td><\/tr><tr><td width=\"63\">\u00a0<\/td><td width=\"93\">14.00 &#8211; 14.10<\/td><td width=\"325\">Nationale hymnes<\/td><td width=\"349\">Hymnes nationaux<\/td><td width=\"93\">\u00a0<\/td><\/tr><tr><td width=\"63\">\u00a0<\/td><td width=\"93\">14.10 &#8211; 14.15<\/td><td width=\"325\">Welkom door Ilse DEKEUKELARE, LTG Oost-Vlaanderen Center<\/td><td width=\"349\">Mot de bienvenue par Ilse DEKEUKELARE, LTG Flandre Orientale Centre<\/td><td width=\"93\">\u00a0<\/td><\/tr><tr><td width=\"63\">\u00a0<\/td><td width=\"93\">14.15 &#8211; 14.20<\/td><td width=\"325\">Toespraak KI President Lee KUAN YONG<\/td><td width=\"349\">Discours du Pr\u00e9sident KI Lee KUAN YONG<\/td><td width=\"93\">\u00a0<\/td><\/tr><tr><td width=\"63\">\u00a0<\/td><td width=\"93\">14.20-14.25<\/td><td width=\"325\">Toespraak designated president-elect\u00a0 Markes HOPE<\/td><td width=\"349\">Discours du Pr\u00e9sident d\u00e9sign\u00e9 \u2013 \u00e9lu Markes HOPE<\/td><td width=\"93\">\u00a0<\/td><\/tr><tr><td width=\"63\">\u00a0<\/td><td width=\"93\">14.25 &#8211; 14.30<\/td><td width=\"325\">Eerbetoon aan overleden Kiwani\u00ebrs<\/td><td width=\"349\">Hommage aux Kiwaniens d\u00e9c\u00e9d\u00e9s<\/td><td width=\"93\">\u00a0<\/td><\/tr><tr><td width=\"63\">\u00a0<\/td><td width=\"93\">14.30 &#8211; 14.40<\/td><td width=\"325\">Muzikaal intermezzo<\/td><td width=\"349\">Interm\u00e8de musical<\/td><td width=\"93\">\u00a0<\/td><\/tr><tr><td width=\"63\">\u00a0<\/td><td width=\"93\">14.40-14.45<\/td><td width=\"325\">Toespraak KI-E President Gunnstein BJ\u00d6RNSSON<\/td><td width=\"349\">Discours du Pr\u00e9sident KI-E Gunnstein BJ\u00d6RNSSON<\/td><td width=\"93\">\u00a0<\/td><\/tr><tr><td width=\"63\">\u00a0<\/td><td width=\"93\">14.45-14.50<\/td><td width=\"325\">Toespraak KI\u00a0 Trustee Maura MAGNI<\/td><td width=\"349\">Discours de la Trustee KI Maura MAGNI<\/td><td width=\"93\">\u00a0<\/td><\/tr><tr><td width=\"63\">\u00a0<\/td><td width=\"93\">14.50 &#8211; 14.55<\/td><td width=\"325\">Eerbetoon \u201cverdienstelijk lid\u201d<br \/>Guido De Bie &amp; KI CEO Paul Palazollo&#8220;<\/td><td width=\"349\">Hommage \u00e0 un membre m\u00e9ritant \u2013 Guido De Bie &amp; KI CEO Paul Palazollo<\/td><td width=\"93\">\u00a0<\/td><\/tr><tr><td width=\"63\">\u00a0<\/td><td width=\"93\">14.55 &#8211; 15.00<\/td><td width=\"325\">Rapport controle commissie \/<br \/>Ren\u00e9 Claeys &#8211; secretaris Rapport Secretaris<\/td><td width=\"349\">Rapport de la commission de contr\u00f4le \/<br \/>Ren\u00e9 Claeys \u2013 Secr\u00e9taire, Rapport du Secr\u00e9taire<\/td><td width=\"93\">\u00a0<\/td><\/tr><tr><td width=\"63\">\u00a0<\/td><td width=\"93\">15.00-15.05<\/td><td width=\"325\">Voorstelling verkiezingscommissie &amp; reglement AV<\/td><td width=\"349\">Pr\u00e9sentation commission \u00e9lectorale &amp; r\u00e8glement de l\u2019AG<\/td><td width=\"93\">\u00a0<\/td><\/tr><tr><td width=\"63\">\u00a0<\/td><td width=\"93\">15.05-15.10<\/td><td width=\"325\">Goedkeuring reglement AV, goedkeuring dagorde<br \/>Stemming 1 en mededelen resultaten stemming 1<\/td><td width=\"349\">Approbation du r\u00e8glement de l\u2019AG, approbation de l\u2019ordre du jour \u2013 Vote 1 et annonce des r\u00e9sultats du vote 1<\/td><td width=\"93\">\u00a0<\/td><\/tr><tr><td width=\"63\">\u00a0<\/td><td width=\"93\">15.10-15.15<\/td><td width=\"325\">Goedkeuring\u00a0 van verslag AV Luik &#8211; Stemming 2<br \/>Mededeling resultaat stemming 2<\/td><td width=\"349\">Approbation du proc\u00e8s-verbal de l\u2019AG Li\u00e8ge &#8211; Vote 2<br \/>Annonce du r\u00e9sultat du vote 2<\/td><td width=\"93\">\u00a0<\/td><\/tr><tr><td width=\"63\">\u00a0<\/td><td width=\"93\">15.15 &#8211; 15.30<\/td><td width=\"325\">KOFFIE PAUZE<\/td><td width=\"349\">PAUSE-CAF\u00c9<\/td><td width=\"93\">\u00a0<\/td><\/tr><tr><td width=\"63\">\u00a0<\/td><td width=\"93\">15.30-15.45<\/td><td width=\"325\">Bespreken balans en resultatenrekening. jaarrekening en kwijting aan commissarissen en bestuur &#8211; 2023\/2024\u00a0 &#8211; Stemming 3<\/td><td width=\"349\">Discussion du bilan et du compte de r\u00e9sultats, comptes annuels et d\u00e9charge aux commissaires et au conseil d\u2019administration \u2013 2023\/2024 \u2013 Vote 3<\/td><td width=\"93\">\u00a0<\/td><\/tr><tr><td width=\"63\">\u00a0<\/td><td width=\"93\">15.45-15.50<\/td><td width=\"325\">Kwijting bestuur &#8211; Stemming 4<br \/>kwijting commissaris &#8211; Stemming 5<\/td><td width=\"349\">D\u00e9charge au conseil d\u2019administration &#8211; Vote 4<br \/>D\u00e9charge au commissaire &#8211; Vote 5<\/td><td width=\"93\">\u00a0<\/td><\/tr><tr><td width=\"63\">\u00a0<\/td><td width=\"93\">15.50-15.55<\/td><td width=\"325\">Voorstellen budget en budget werkingsjaar 2025\/2026<br \/>Stemming 6<br \/>Voorstellen commissarissen rekeningen 2025\/2026<br \/>Stemming 7<\/td><td width=\"349\">Pr\u00e9sentation du budget et budget de fonctionnement 2025\/2026 \u2013 Vote 6<br \/>Pr\u00e9sentation des commissaires aux comptes 2025\/2026<br \/>Vote 7<\/td><td width=\"93\">\u00a0<\/td><\/tr><tr><td width=\"63\">\u00a0<\/td><td width=\"93\">15.55 &#8211; 16.00<\/td><td width=\"325\">Mededeling resultaat stemmingen 3 tot 7<\/td><td width=\"349\">Annonce des r\u00e9sultats des votes 3 \u00e0 7<\/td><td width=\"93\">\u00a0<\/td><\/tr><tr><td width=\"63\">\u00a0<\/td><td width=\"93\">16.00 &#8211; 16.15<\/td><td width=\"325\">Voorstelling + stemming Vice Gouverneur 2025\/2026 Pascal MAREY : Stemming 8<br \/>Bevestiging Gouverneur Elect 2025\/2026 : Roel Van BROECKHOVEN : Stemming 9 Bevestiging Gouverneur 2025-2026 : Annick FABEL: Stemming 10<br \/>Aanstelling leden Districtsraad : Stemming 11<\/td><td width=\"349\">Pr\u00e9sentation + vote Vice-Gouverneur 2025\/2026 Pascal MAREY \u2013 Vote 8<br \/>Confirmation Gouverneur \u00e9lu 2025\/2026 Roel VAN BROECKHOVEN \u2013 Vote 9<br \/>Confirmation Gouverneur 2025\u20132026 :<br \/>Annick Fabel:\u00a0 Vote 10<br \/>Nomination des membres du Conseil de District: Vote 11<\/td><td width=\"93\">\u00a0<\/td><\/tr><tr><td width=\"63\">\u00a0<\/td><td width=\"93\">16.15- 16.25<\/td><td width=\"325\">Muzikaal intermezzo<\/td><td width=\"349\">Interm\u00e8de musical<\/td><td width=\"93\">\u00a0<\/td><\/tr><tr><td width=\"63\">\u00a0<\/td><td width=\"93\">16.25 &#8211; 16.30<\/td><td width=\"325\">Mededeling resultaten stemming 8 tot 11<\/td><td width=\"349\">Annonce des r\u00e9sultats des votes 8 \u00e0 11<\/td><td width=\"93\">\u00a0<\/td><\/tr><tr><td width=\"63\">\u00a0<\/td><td width=\"93\">16.30 &#8211; 16.35<\/td><td width=\"325\">Dankwoord verkozen Vice Gouverneur<\/td><td width=\"349\">Remerciement du Vice-Gouverneur \u00e9lu<\/td><td width=\"93\">\u00a0<\/td><\/tr><tr><td width=\"63\">\u00a0<\/td><td width=\"93\">16.35 &#8211; 16.45<\/td><td width=\"325\">Annick FABEL: voorstelling programma<\/td><td width=\"349\">Annick FABEL : pr\u00e9sentation du programme<\/td><td width=\"93\">\u00a0<\/td><\/tr><tr><td width=\"63\">\u00a0<\/td><td width=\"93\">16.45 &#8211; 16.50<\/td><td width=\"325\">Voorstelling Districtsraad<\/td><td width=\"349\">Pr\u00e9sentation du Conseil de District<\/td><td width=\"93\">\u00a0<\/td><\/tr><tr><td width=\"63\">\u00a0<\/td><td width=\"93\">16.50 &#8211; 17.00<\/td><td width=\"325\">Voorstelling congres 2025\/2026<\/td><td width=\"349\">Pr\u00e9sentation du congr\u00e8s 2025\u20132026<\/td><td width=\"93\">\u00a0<\/td><\/tr><tr><td width=\"63\">\u00a0<\/td><td width=\"93\">17.00<\/td><td width=\"325\">Slotwoord Gouverneur Guido DE BIE<\/td><td width=\"349\">Mot de cl\u00f4ture du Gouverneur Guido DE BIE<\/td><td width=\"93\">\u00a0<\/td><\/tr><tr><td width=\"63\">\u00a0<\/td><td width=\"93\">17.00 &#8211; 18.00<\/td><td width=\"325\">Receptie voor de congres gangers<\/td><td width=\"349\">R\u00e9ception pour les participants au congr\u00e8s<\/td><td width=\"93\">\u00a0<\/td><\/tr><tr><td width=\"63\">\u00a0<\/td><td width=\"93\">19.00<\/td><td width=\"325\">Gala avond in Hotel Van Der Valk<\/td><td width=\"349\">Soir\u00e9e de gala \u00e0 l\u2019H\u00f4tel Van der Valk<\/td><td width=\"93\">\u00a0<\/td><\/tr><\/tbody><\/table>\t\t\t\t\t\t\t\t<\/div>\n\t\t\t\t<\/div>\n\t\t\t\t<\/div>\n\t\t\t\t\t<\/div>\n\t\t\t\t<\/div>\n\t\t<div class=\"elementor-element elementor-element-478bfcf e-flex e-con-boxed e-con e-parent\" data-id=\"478bfcf\" data-element_type=\"container\">\n\t\t\t\t\t<div class=\"e-con-inner\">\n\t\t\t\t<div class=\"elementor-element elementor-element-501a9b4 elementor-widget elementor-widget-text-editor\" data-id=\"501a9b4\" data-element_type=\"widget\" data-widget_type=\"text-editor.default\">\n\t\t\t\t<div class=\"elementor-widget-container\">\n\t\t\t\t\t\t\t\t\t<p><a href=\"https:\/\/www.kiwanis.be\/de\/29th-convention-kiwanis-district-belgium-luxembourg\/\">Zur\u00fcck zur \u00dcbersicht<\/a><\/p>\t\t\t\t\t\t\t\t<\/div>\n\t\t\t\t<\/div>\n\t\t\t\t\t<\/div>\n\t\t\t\t<\/div>\n\t\t\t\t<\/div>\n\t\t","protected":false},"excerpt":{"rendered":"<p>Programm Samstag 20 September 2025 &#8211; MeetDistrict Ghent 08.30 &#8211; 9.30 Onthaal, registratie en ontbijt R\u00e9ception, inscription et petit-d\u00e9jeuner 9.30 Kiwanis 2024-2025 in woord en beeld Kiwanis 2024-2025 en mots [&hellip;]<\/p>\n","protected":false},"author":29,"featured_media":0,"parent":0,"menu_order":0,"comment_status":"closed","ping_status":"closed","template":"","meta":{"_acf_changed":false,"footnotes":""},"class_list":["post-49609","page","type-page","status-publish","hentry"],"acf":[],"_links":{"self":[{"href":"https:\/\/www.kiwanis.be\/de\/wp-json\/wp\/v2\/pages\/49609","targetHints":{"allow":["GET"]}}],"collection":[{"href":"https:\/\/www.kiwanis.be\/de\/wp-json\/wp\/v2\/pages"}],"about":[{"href":"https:\/\/www.kiwanis.be\/de\/wp-json\/wp\/v2\/types\/page"}],"author":[{"embeddable":true,"href":"https:\/\/www.kiwanis.be\/de\/wp-json\/wp\/v2\/users\/29"}],"replies":[{"embeddable":true,"href":"https:\/\/www.kiwanis.be\/de\/wp-json\/wp\/v2\/comments?post=49609"}],"version-history":[{"count":5,"href":"https:\/\/www.kiwanis.be\/de\/wp-json\/wp\/v2\/pages\/49609\/revisions"}],"predecessor-version":[{"id":52222,"href":"https:\/\/www.kiwanis.be\/de\/wp-json\/wp\/v2\/pages\/49609\/revisions\/52222"}],"wp:attachment":[{"href":"https:\/\/www.kiwanis.be\/de\/wp-json\/wp\/v2\/media?parent=49609"}],"curies":[{"name":"wp","href":"https:\/\/api.w.org\/{rel}","templated":true}]}}