{"id":47370,"date":"2023-05-05T16:18:15","date_gmt":"2023-05-05T14:18:15","guid":{"rendered":"https:\/\/kiwanis.staging.gyta.be\/puppen-auf-tournee\/"},"modified":"2025-04-19T22:32:59","modified_gmt":"2025-04-19T20:32:59","slug":"puppen-auf-tournee","status":"publish","type":"page","link":"https:\/\/www.kiwanis.be\/de\/puppen-auf-tournee\/","title":{"rendered":"Puppen auf Tournee"},"content":{"rendered":"\t\t<div data-elementor-type=\"wp-page\" data-elementor-id=\"47370\" class=\"elementor elementor-47370 elementor-20966\" data-elementor-post-type=\"page\">\n\t\t\t\t\t\t<section class=\"elementor-section elementor-top-section elementor-element elementor-element-cad3c1c elementor-section-boxed elementor-section-height-default elementor-section-height-default\" data-id=\"cad3c1c\" data-element_type=\"section\">\n\t\t\t\t\t\t<div class=\"elementor-container elementor-column-gap-default\">\n\t\t\t\t\t<div class=\"elementor-column elementor-col-100 elementor-top-column elementor-element elementor-element-77f8028\" data-id=\"77f8028\" data-element_type=\"column\">\n\t\t\t<div class=\"elementor-widget-wrap\">\n\t\t\t\t\t\t\t<\/div>\n\t\t<\/div>\n\t\t\t\t\t<\/div>\n\t\t<\/section>\n\t\t\t\t<section class=\"elementor-section elementor-top-section elementor-element elementor-element-a8125d1 elementor-section-boxed elementor-section-height-default elementor-section-height-default\" data-id=\"a8125d1\" data-element_type=\"section\" data-settings=\"{&quot;background_background&quot;:&quot;classic&quot;}\">\n\t\t\t\t\t\t<div class=\"elementor-container elementor-column-gap-no\">\n\t\t\t\t\t<div class=\"elementor-column elementor-col-100 elementor-top-column elementor-element elementor-element-c5a3a77\" data-id=\"c5a3a77\" data-element_type=\"column\">\n\t\t\t<div class=\"elementor-widget-wrap elementor-element-populated\">\n\t\t\t\t\t\t<div class=\"elementor-element elementor-element-f840db2 elementor-cta--layout-image-right elementor-cta--mobile-layout-image-above elementor-cta--skin-classic elementor-animated-content elementor-bg-transform elementor-bg-transform-zoom-in elementor-widget elementor-widget-call-to-action\" data-id=\"f840db2\" data-element_type=\"widget\" data-widget_type=\"call-to-action.default\">\n\t\t\t\t<div class=\"elementor-widget-container\">\n\t\t\t\t\t\t\t<div class=\"elementor-cta\">\n\t\t\t\t\t<div class=\"elementor-cta__bg-wrapper\">\n\t\t\t\t<div class=\"elementor-cta__bg elementor-bg\" style=\"background-image: url(https:\/\/www.kiwanis.be\/wp-content\/uploads\/2023\/05\/IMG_0642-2-1024x670.jpeg);\" role=\"img\" aria-label=\"IMG_0642\"><\/div>\n\t\t\t\t<div class=\"elementor-cta__bg-overlay\"><\/div>\n\t\t\t<\/div>\n\t\t\t\t\t\t\t<div class=\"elementor-cta__content\">\n\t\t\t\t\t\t\t\t\t<div class=\"elementor-content-item elementor-cta__content-item elementor-icon-wrapper elementor-cta__icon elementor-view-default\">\n\t\t\t\t\t\t<div class=\"elementor-icon\">\n\t\t\t\t\t\t\t<i aria-hidden=\"true\" class=\"far fa-heart\"><\/i>\t\t\t\t\t\t<\/div>\n\t\t\t\t\t<\/div>\n\t\t\t\t\n\t\t\t\t\t\t\t\t\t<h1 class=\"elementor-cta__title elementor-cta__content-item elementor-content-item\">\n\t\t\t\t\t\tK-Dolls, oder Kunst im Dienste des Kindes.\t\t\t\t\t<\/h1>\n\t\t\t\t\n\t\t\t\t\t\t\t\t\t<div class=\"elementor-cta__description elementor-cta__content-item elementor-content-item\">\n\t\t\t\t\t\tDas Ziel der K-Dolls ist es, eine k\u00fcnstlerische Bewegung rund um die Puppe zu schaffen und Spenden f\u00fcr die Kiwanis Rags Puppen zu sammeln.  \n\nDie gro\u00dfen und kleinen K-Dolls (2m20 und 42cm) werden von K\u00fcnstlern betreut. Sie setzen ihre Talente ehrenamtlich zum Wohle der Kinder ein.\n\t\t\t\t\t<\/div>\n\t\t\t\t\n\t\t\t\t\t\t\t<\/div>\n\t\t\t\t\t\t<\/div>\n\t\t\t\t\t\t<\/div>\n\t\t\t\t<\/div>\n\t\t\t\t\t<\/div>\n\t\t<\/div>\n\t\t\t\t\t<\/div>\n\t\t<\/section>\n\t\t\t\t<section class=\"elementor-section elementor-top-section elementor-element elementor-element-3dbeb21 elementor-section-boxed elementor-section-height-default elementor-section-height-default\" data-id=\"3dbeb21\" data-element_type=\"section\">\n\t\t\t\t\t\t<div class=\"elementor-container elementor-column-gap-default\">\n\t\t\t\t\t<div class=\"elementor-column elementor-col-100 elementor-top-column elementor-element elementor-element-65e7ba8\" data-id=\"65e7ba8\" data-element_type=\"column\">\n\t\t\t<div class=\"elementor-widget-wrap\">\n\t\t\t\t\t\t\t<\/div>\n\t\t<\/div>\n\t\t\t\t\t<\/div>\n\t\t<\/section>\n\t\t\t\t<section class=\"elementor-section elementor-top-section elementor-element elementor-element-928fc5b elementor-section-boxed elementor-section-height-default elementor-section-height-default\" data-id=\"928fc5b\" data-element_type=\"section\">\n\t\t\t\t\t\t<div class=\"elementor-container elementor-column-gap-default\">\n\t\t\t\t\t<div class=\"elementor-column elementor-col-100 elementor-top-column elementor-element elementor-element-f583260\" data-id=\"f583260\" data-element_type=\"column\">\n\t\t\t<div class=\"elementor-widget-wrap elementor-element-populated\">\n\t\t\t\t\t\t<div class=\"elementor-element elementor-element-9c4b87f elementor-widget elementor-widget-text-editor\" data-id=\"9c4b87f\" data-element_type=\"widget\" data-widget_type=\"text-editor.default\">\n\t\t\t\t<div class=\"elementor-widget-container\">\n\t\t\t\t\t\t\t\t\t<p>Durch den Verkauf dieser wundersch\u00f6nen Kunstwerke in allen Stilrichtungen sammelt Kiwanis Geld, um die &#8222;Kiwanis Doll&#8220; und andere Projekte f\u00fcr Kinder zu unterst\u00fctzen.<br>Die K-Dolls werden auf Anfrage eines Kiwanis-Clubs und in Zusammenarbeit mit der \u00f6rtlichen Stadtverwaltung in den Stra\u00dfen und Gesch\u00e4ften der St\u00e4dte ausgestellt&#8230;.<\/p><p><strong>M\u00f6chten Sie K-Dolls entdecken und vielleicht eine kaufen?<\/strong><\/p><p>&gt;  Besuchen Sie den Online Shop <a href=\"http:\/\/www.kdolls-marche.be\" target=\"_blank\" rel=\"noopener\">www.kdolls-marche.be<\/a><\/p><p><strong>Sind Sie ein K\u00fcnstler und m\u00f6chten eine K-Doll machen?<\/strong><\/p><p>-&gt; Kontaktieren Sie die Verantwortlichen des Vereins: <a href=\"mailto:info@kdolls-marche.be\">info@kdolls-marche.be<\/a><\/p>\t\t\t\t\t\t\t\t<\/div>\n\t\t\t\t<\/div>\n\t\t\t\t\t<\/div>\n\t\t<\/div>\n\t\t\t\t\t<\/div>\n\t\t<\/section>\n\t\t\t\t<\/div>\n\t\t","protected":false},"excerpt":{"rendered":"<p>K-Dolls, oder Kunst im Dienste des Kindes. Das Ziel der K-Dolls ist es, eine k\u00fcnstlerische Bewegung rund um die Puppe zu schaffen und Spenden f\u00fcr die Kiwanis Rags Puppen zu [&hellip;]<\/p>\n","protected":false},"author":5,"featured_media":0,"parent":0,"menu_order":0,"comment_status":"closed","ping_status":"closed","template":"","meta":{"_acf_changed":false,"footnotes":""},"class_list":["post-47370","page","type-page","status-publish","hentry"],"acf":[],"_links":{"self":[{"href":"https:\/\/www.kiwanis.be\/de\/wp-json\/wp\/v2\/pages\/47370","targetHints":{"allow":["GET"]}}],"collection":[{"href":"https:\/\/www.kiwanis.be\/de\/wp-json\/wp\/v2\/pages"}],"about":[{"href":"https:\/\/www.kiwanis.be\/de\/wp-json\/wp\/v2\/types\/page"}],"author":[{"embeddable":true,"href":"https:\/\/www.kiwanis.be\/de\/wp-json\/wp\/v2\/users\/5"}],"replies":[{"embeddable":true,"href":"https:\/\/www.kiwanis.be\/de\/wp-json\/wp\/v2\/comments?post=47370"}],"version-history":[{"count":1,"href":"https:\/\/www.kiwanis.be\/de\/wp-json\/wp\/v2\/pages\/47370\/revisions"}],"predecessor-version":[{"id":47371,"href":"https:\/\/www.kiwanis.be\/de\/wp-json\/wp\/v2\/pages\/47370\/revisions\/47371"}],"wp:attachment":[{"href":"https:\/\/www.kiwanis.be\/de\/wp-json\/wp\/v2\/media?parent=47370"}],"curies":[{"name":"wp","href":"https:\/\/api.w.org\/{rel}","templated":true}]}}