{"id":20166,"date":"2022-12-17T15:36:30","date_gmt":"2022-12-17T14:36:30","guid":{"rendered":"https:\/\/kiwanis.www.kiwanis.be\/fun-friendship\/"},"modified":"2023-04-21T07:49:59","modified_gmt":"2023-04-21T06:49:59","slug":"fun-friendship","status":"publish","type":"page","link":"https:\/\/www.kiwanis.be\/de\/aktivitaeten\/fun-friendship\/","title":{"rendered":"Fun &amp; Friendship"},"content":{"rendered":"\t\t<div data-elementor-type=\"wp-page\" data-elementor-id=\"20166\" class=\"elementor elementor-20166 elementor-1057\" data-elementor-post-type=\"page\">\n\t\t\t\t\t\t<section class=\"elementor-section elementor-top-section elementor-element elementor-element-36aa889e elementor-section-boxed elementor-section-height-default elementor-section-height-default\" data-id=\"36aa889e\" data-element_type=\"section\" data-settings=\"{&quot;background_background&quot;:&quot;classic&quot;}\">\n\t\t\t\t\t\t\t<div class=\"elementor-background-overlay\"><\/div>\n\t\t\t\t\t\t\t<div class=\"elementor-container elementor-column-gap-no\">\n\t\t\t\t\t<div class=\"elementor-column elementor-col-100 elementor-top-column elementor-element elementor-element-6c478722\" data-id=\"6c478722\" data-element_type=\"column\" data-settings=\"{&quot;background_background&quot;:&quot;classic&quot;}\">\n\t\t\t<div class=\"elementor-widget-wrap elementor-element-populated\">\n\t\t\t\t\t\t<div class=\"elementor-element elementor-element-5a512ab1 elementor-widget elementor-widget-heading\" data-id=\"5a512ab1\" data-element_type=\"widget\" data-widget_type=\"heading.default\">\n\t\t\t\t<div class=\"elementor-widget-container\">\n\t\t\t\t\t<h1 class=\"elementor-heading-title elementor-size-default\">Fun &amp; Friendship<\/h1>\t\t\t\t<\/div>\n\t\t\t\t<\/div>\n\t\t\t\t\t<\/div>\n\t\t<\/div>\n\t\t\t\t\t<\/div>\n\t\t<\/section>\n\t\t\t\t<section class=\"elementor-section elementor-top-section elementor-element elementor-element-72584bf elementor-section-boxed elementor-section-height-default elementor-section-height-default\" data-id=\"72584bf\" data-element_type=\"section\">\n\t\t\t\t\t\t<div class=\"elementor-container elementor-column-gap-default\">\n\t\t\t\t\t<div class=\"elementor-column elementor-col-100 elementor-top-column elementor-element elementor-element-b432d19\" data-id=\"b432d19\" data-element_type=\"column\">\n\t\t\t<div class=\"elementor-widget-wrap elementor-element-populated\">\n\t\t\t\t\t\t<div class=\"elementor-element elementor-element-0e1348e elementor-widget elementor-widget-text-editor\" data-id=\"0e1348e\" data-element_type=\"widget\" data-widget_type=\"text-editor.default\">\n\t\t\t\t<div class=\"elementor-widget-container\">\n\t\t\t\t\t\t\t\t\t<p>Kiwanis-Mitglieder widmen in ichrem Club einen betr\u00e4chtlichen Teil ihrer Freizeit. Und das k\u00f6nnen sie nicht ohne einen guten Teil &#8222;Fun &amp;Friendship&#8220; tun. Eine positive Einstellung, eine Gewinnermentalit\u00e4t und das Bewusstsein f\u00fcr die Notwendigkeit, einander zu helfen, sind im DNA des Kiwaniers verankert. Und zus\u00e4tzlich dazu haben wir auch viel Spa\u00df. \ud83d\ude09<\/p>\n\t\t\t\t\t\t\t\t<\/div>\n\t\t\t\t<\/div>\n\t\t\t\t\t<\/div>\n\t\t<\/div>\n\t\t\t\t\t<\/div>\n\t\t<\/section>\n\t\t\t\t<\/div>\n\t\t","protected":false},"excerpt":{"rendered":"<p>Fun &amp; Friendship Kiwanis-Mitglieder widmen in ichrem Club einen betr\u00e4chtlichen Teil ihrer Freizeit. Und das k\u00f6nnen sie nicht ohne einen guten Teil &#8222;Fun &amp;Friendship&#8220; tun. Eine positive Einstellung, eine Gewinnermentalit\u00e4t [&hellip;]<\/p>\n","protected":false},"author":1,"featured_media":0,"parent":20170,"menu_order":0,"comment_status":"closed","ping_status":"closed","template":"elementor_header_footer","meta":{"_acf_changed":false,"footnotes":""},"class_list":["post-20166","page","type-page","status-publish","hentry"],"acf":[],"_links":{"self":[{"href":"https:\/\/www.kiwanis.be\/de\/wp-json\/wp\/v2\/pages\/20166","targetHints":{"allow":["GET"]}}],"collection":[{"href":"https:\/\/www.kiwanis.be\/de\/wp-json\/wp\/v2\/pages"}],"about":[{"href":"https:\/\/www.kiwanis.be\/de\/wp-json\/wp\/v2\/types\/page"}],"author":[{"embeddable":true,"href":"https:\/\/www.kiwanis.be\/de\/wp-json\/wp\/v2\/users\/1"}],"replies":[{"embeddable":true,"href":"https:\/\/www.kiwanis.be\/de\/wp-json\/wp\/v2\/comments?post=20166"}],"version-history":[{"count":0,"href":"https:\/\/www.kiwanis.be\/de\/wp-json\/wp\/v2\/pages\/20166\/revisions"}],"up":[{"embeddable":true,"href":"https:\/\/www.kiwanis.be\/de\/wp-json\/wp\/v2\/pages\/20170"}],"wp:attachment":[{"href":"https:\/\/www.kiwanis.be\/de\/wp-json\/wp\/v2\/media?parent=20166"}],"curies":[{"name":"wp","href":"https:\/\/api.w.org\/{rel}","templated":true}]}}