{"id":20160,"date":"2022-12-17T12:03:54","date_gmt":"2022-12-17T11:03:54","guid":{"rendered":"https:\/\/kiwanis.www.kiwanis.be\/okidoo-ein-bildungsprojekt-fuer-kinder\/"},"modified":"2023-04-21T07:44:03","modified_gmt":"2023-04-21T06:44:03","slug":"okidoo-ein-bildungsprojekt-fuer-kinder","status":"publish","type":"page","link":"https:\/\/www.kiwanis.be\/de\/aktivitaeten\/soziale-aktivitaeten\/okidoo-ein-bildungsprojekt-fuer-kinder\/","title":{"rendered":"Okidoo, ein Bildungsprojekt f\u00fcr Kinder"},"content":{"rendered":"\t\t<div data-elementor-type=\"wp-page\" data-elementor-id=\"20160\" class=\"elementor elementor-20160\" data-elementor-post-type=\"page\">\n\t\t\t\t\t\t<section class=\"elementor-section elementor-top-section elementor-element elementor-element-36aa889e elementor-section-boxed elementor-section-height-default elementor-section-height-default\" data-id=\"36aa889e\" data-element_type=\"section\" data-settings=\"{&quot;background_background&quot;:&quot;classic&quot;}\">\n\t\t\t\t\t\t\t<div class=\"elementor-background-overlay\"><\/div>\n\t\t\t\t\t\t\t<div class=\"elementor-container elementor-column-gap-no\">\n\t\t\t\t\t<div class=\"elementor-column elementor-col-100 elementor-top-column elementor-element elementor-element-6c478722\" data-id=\"6c478722\" data-element_type=\"column\" data-settings=\"{&quot;background_background&quot;:&quot;classic&quot;}\">\n\t\t\t<div class=\"elementor-widget-wrap elementor-element-populated\">\n\t\t\t\t\t\t<div class=\"elementor-element elementor-element-5a512ab1 elementor-widget elementor-widget-heading\" data-id=\"5a512ab1\" data-element_type=\"widget\" data-widget_type=\"heading.default\">\n\t\t\t\t<div class=\"elementor-widget-container\">\n\t\t\t\t\t<h1 class=\"elementor-heading-title elementor-size-default\">Okidoo, ein Bildungsprojekt f\u00fcr Kinder<\/h1>\t\t\t\t<\/div>\n\t\t\t\t<\/div>\n\t\t\t\t\t<\/div>\n\t\t<\/div>\n\t\t\t\t\t<\/div>\n\t\t<\/section>\n\t\t\t\t<section class=\"elementor-section elementor-top-section elementor-element elementor-element-7c4a1a18 elementor-section-boxed elementor-section-height-default elementor-section-height-default\" data-id=\"7c4a1a18\" data-element_type=\"section\" data-settings=\"{&quot;background_background&quot;:&quot;classic&quot;}\">\n\t\t\t\t\t\t<div class=\"elementor-container elementor-column-gap-no\">\n\t\t\t\t\t<div class=\"elementor-column elementor-col-100 elementor-top-column elementor-element elementor-element-388c05c\" data-id=\"388c05c\" data-element_type=\"column\">\n\t\t\t<div class=\"elementor-widget-wrap elementor-element-populated\">\n\t\t\t\t\t\t<div class=\"elementor-element elementor-element-a8c8ac1 elementor-cta--layout-image-right elementor-cta--mobile-layout-image-above elementor-cta--skin-classic elementor-animated-content elementor-bg-transform elementor-bg-transform-zoom-in elementor-widget elementor-widget-call-to-action\" data-id=\"a8c8ac1\" data-element_type=\"widget\" data-widget_type=\"call-to-action.default\">\n\t\t\t\t<div class=\"elementor-widget-container\">\n\t\t\t\t\t\t\t<div class=\"elementor-cta\">\n\t\t\t\t\t<div class=\"elementor-cta__bg-wrapper\">\n\t\t\t\t<div class=\"elementor-cta__bg elementor-bg\" style=\"background-image: url(https:\/\/www.kiwanis.be\/wp-content\/uploads\/2022\/12\/okidoo-kids.jpeg);\" role=\"img\" aria-label=\"okidoo-kids\"><\/div>\n\t\t\t\t<div class=\"elementor-cta__bg-overlay\"><\/div>\n\t\t\t<\/div>\n\t\t\t\t\t\t\t<div class=\"elementor-cta__content\">\n\t\t\t\t\t\t\t\t\t<div class=\"elementor-content-item elementor-cta__content-item elementor-icon-wrapper elementor-cta__icon elementor-view-default\">\n\t\t\t\t\t\t<div class=\"elementor-icon\">\n\t\t\t\t\t\t\t<i aria-hidden=\"true\" class=\"far fa-heart\"><\/i>\t\t\t\t\t\t<\/div>\n\t\t\t\t\t<\/div>\n\t\t\t\t\n\t\t\t\t\t\t\t\t\t<h1 class=\"elementor-cta__title elementor-cta__content-item elementor-content-item\">\n\t\t\t\t\t\tKIWANIS UNTERST\u00dcTZT OKIDOO\t\t\t\t\t<\/h1>\n\t\t\t\t\n\t\t\t\t\t\t\t\t\t<div class=\"elementor-cta__description elementor-cta__content-item elementor-content-item\">\n\t\t\t\t\t\t<p>Es ist die F\u00f6rderung einer positiven emotionalen Entwicklung bei Kindern, durch die sie Aufmerksamkeit und Respekt f\u00fcr sich selbst und andere entwickeln. <\/p>\n\t\t\t\t\t<\/div>\n\t\t\t\t\n\t\t\t\t\t\t\t<\/div>\n\t\t\t\t\t\t<\/div>\n\t\t\t\t\t\t<\/div>\n\t\t\t\t<\/div>\n\t\t\t\t\t<\/div>\n\t\t<\/div>\n\t\t\t\t\t<\/div>\n\t\t<\/section>\n\t\t\t\t<section class=\"elementor-section elementor-top-section elementor-element elementor-element-72584bf elementor-section-boxed elementor-section-height-default elementor-section-height-default\" data-id=\"72584bf\" data-element_type=\"section\">\n\t\t\t\t\t\t<div class=\"elementor-container elementor-column-gap-default\">\n\t\t\t\t\t<div class=\"elementor-column elementor-col-100 elementor-top-column elementor-element elementor-element-b432d19\" data-id=\"b432d19\" data-element_type=\"column\">\n\t\t\t<div class=\"elementor-widget-wrap elementor-element-populated\">\n\t\t\t\t\t\t<div class=\"elementor-element elementor-element-0e1348e elementor-widget elementor-widget-text-editor\" data-id=\"0e1348e\" data-element_type=\"widget\" data-widget_type=\"text-editor.default\">\n\t\t\t\t<div class=\"elementor-widget-container\">\n\t\t\t\t\t\t\t\t\t<p>Dies ist von grundlegender Bedeutung, damit sie zu emotional intelligenten Erwachsenen heranwachsen k\u00f6nnen. Aber immer \u00f6fter h\u00f6ren wir, dass es f\u00fcr Kinder schwierig ist, dieses Gleichgewicht zu erreichen. Trotz aller guten Initiativen stehen Mobbing in der Schule und im Freien immer noch auf der Tagesordnung.<\/p>\n<p>Deshalb organisiert Okidoo in Zusammenarbeit mit den Schulleitern der teilnehmenden Schulen pr\u00e4ventive Emotions- und Sozialtrainings, um psychologische Probleme und Gewalt zu vermeiden. Die Gesellschaft und die Wirtschaft, aber vor allem Kinder und Jugendliche, profitieren davon.<\/p>\n\t\t\t\t\t\t\t\t<\/div>\n\t\t\t\t<\/div>\n\t\t\t\t\t<\/div>\n\t\t<\/div>\n\t\t\t\t\t<\/div>\n\t\t<\/section>\n\t\t\t\t<section class=\"elementor-section elementor-top-section elementor-element elementor-element-7538ec9 elementor-section-boxed elementor-section-height-default elementor-section-height-default\" data-id=\"7538ec9\" data-element_type=\"section\">\n\t\t\t\t\t\t<div class=\"elementor-container elementor-column-gap-default\">\n\t\t\t\t\t<div class=\"elementor-column elementor-col-100 elementor-top-column elementor-element elementor-element-bc8a23d\" data-id=\"bc8a23d\" data-element_type=\"column\">\n\t\t\t<div class=\"elementor-widget-wrap elementor-element-populated\">\n\t\t\t\t\t\t<div class=\"elementor-element elementor-element-be44e6d elementor-widget elementor-widget-heading\" data-id=\"be44e6d\" data-element_type=\"widget\" data-widget_type=\"heading.default\">\n\t\t\t\t<div class=\"elementor-widget-container\">\n\t\t\t\t\t<h4 class=\"elementor-heading-title elementor-size-default\">Der Auftrag<\/h4>\t\t\t\t<\/div>\n\t\t\t\t<\/div>\n\t\t\t\t<div class=\"elementor-element elementor-element-c3238d8 elementor-widget elementor-widget-text-editor\" data-id=\"c3238d8\" data-element_type=\"widget\" data-widget_type=\"text-editor.default\">\n\t\t\t\t<div class=\"elementor-widget-container\">\n\t\t\t\t\t\t\t\t\t<p>Der Auftrag von Okidoo, mit Unterst\u00fctzung von Kiwanis, ist es langfristig allen Grundschulkindern den Zugang zu einer sozio-emotionalen Ausbildung zu erm\u00f6glichen, unabh\u00e4ngig davon, ob diese Teil des Lehrplans ist oder nicht.<\/p>\n\t\t\t\t\t\t\t\t<\/div>\n\t\t\t\t<\/div>\n\t\t\t\t\t<\/div>\n\t\t<\/div>\n\t\t\t\t\t<\/div>\n\t\t<\/section>\n\t\t\t\t<section class=\"elementor-section elementor-top-section elementor-element elementor-element-4eda96a elementor-section-boxed elementor-section-height-default elementor-section-height-default\" data-id=\"4eda96a\" data-element_type=\"section\">\n\t\t\t\t\t\t<div class=\"elementor-container elementor-column-gap-default\">\n\t\t\t\t\t<div class=\"elementor-column elementor-col-50 elementor-top-column elementor-element elementor-element-47d6e5e\" data-id=\"47d6e5e\" data-element_type=\"column\">\n\t\t\t<div class=\"elementor-widget-wrap elementor-element-populated\">\n\t\t\t\t\t\t<div class=\"elementor-element elementor-element-c111519 elementor-widget elementor-widget-heading\" data-id=\"c111519\" data-element_type=\"widget\" data-widget_type=\"heading.default\">\n\t\t\t\t<div class=\"elementor-widget-container\">\n\t\t\t\t\t<h4 class=\"elementor-heading-title elementor-size-default\">Ein Projekt f\u00fcr Grundschulkinder<\/h4>\t\t\t\t<\/div>\n\t\t\t\t<\/div>\n\t\t\t\t<div class=\"elementor-element elementor-element-746727e elementor-widget elementor-widget-text-editor\" data-id=\"746727e\" data-element_type=\"widget\" data-widget_type=\"text-editor.default\">\n\t\t\t\t<div class=\"elementor-widget-container\">\n\t\t\t\t\t\t\t\t\tOkidoo ist ein Coaching-Programm f\u00fcr Kinder im Alter von 6 bis 12 Jahren, an dem Grundschulen teilnehmen k\u00f6nnen. Es sind mehrere Sitzungen pro Schuljahrvorgesehen, und das \u00fcber mehrere aufeinander folgende Schuljahre hinweg. Konkret geht es darum, die Konzentration zu verbessern, Emotionen bewusster zu managen, das Selbstvertrauen und die Selbstakzeptanz zu erh\u00f6hen, um schlie\u00dflich widerstandsf\u00e4higer gegen Stress in dieser Gesellschaft zu werden.\n\nDie beste M\u00f6glichkeit, diesen Herausforderungen zu begegnen, besteht darin, sie von klein auf anzugehen, damit Schulen eine pr\u00e4ventive Rolle bei der Verhinderung von Mobbing, Gewalt, psychischen Problemen, Depressionen usw. spielen k\u00f6nnen.\t\t\t\t\t\t\t\t<\/div>\n\t\t\t\t<\/div>\n\t\t\t\t<div class=\"elementor-element elementor-element-d15c21c elementor-widget elementor-widget-heading\" data-id=\"d15c21c\" data-element_type=\"widget\" data-widget_type=\"heading.default\">\n\t\t\t\t<div class=\"elementor-widget-container\">\n\t\t\t\t\t<h4 class=\"elementor-heading-title elementor-size-default\">OKIDOO IN ZAHLEN<\/h4>\t\t\t\t<\/div>\n\t\t\t\t<\/div>\n\t\t\t\t<div class=\"elementor-element elementor-element-52a4fad elementor-widget elementor-widget-text-editor\" data-id=\"52a4fad\" data-element_type=\"widget\" data-widget_type=\"text-editor.default\">\n\t\t\t\t<div class=\"elementor-widget-container\">\n\t\t\t\t\t\t\t\t\t<p>Heute wird dieses Projekt in 12 Grundschulen in der Region von Ostende umgesetzt.<br \/>Doch Okidoo ist sehr ehrgeizig und das Ziel ist es, es auf Provinz- und m\u00f6glicherweise sogar nationaler Ebene weiter auszudehnen und mehr Trainer auszubilden, um die aktuellen drei zu verst\u00e4rken.<\/p>\n<p>Kiwanis m\u00f6chte diese Ambition weiterhin voll unterst\u00fctzen und wie die klaren Zukunftspl\u00e4ne zeigen, ist Unterst\u00fctzung erforderlich, um noch mehr Kindern von diesem wichtigen Projekt profitieren zu lassen.<\/p>\n\t\t\t\t\t\t\t\t<\/div>\n\t\t\t\t<\/div>\n\t\t\t\t\t<\/div>\n\t\t<\/div>\n\t\t\t\t<div class=\"elementor-column elementor-col-50 elementor-top-column elementor-element elementor-element-b8317d5\" data-id=\"b8317d5\" data-element_type=\"column\">\n\t\t\t<div class=\"elementor-widget-wrap elementor-element-populated\">\n\t\t\t\t\t\t<div class=\"elementor-element elementor-element-5ec196a elementor-widget elementor-widget-image\" data-id=\"5ec196a\" data-element_type=\"widget\" data-widget_type=\"image.default\">\n\t\t\t\t<div class=\"elementor-widget-container\">\n\t\t\t\t\t\t\t\t\t\t\t\t\t\t\t<img fetchpriority=\"high\" decoding=\"async\" width=\"426\" height=\"248\" src=\"https:\/\/www.kiwanis.be\/wp-content\/uploads\/2022\/12\/okidoo.jpeg\" class=\"attachment-large size-large wp-image-18406\" alt=\"\" srcset=\"https:\/\/www.kiwanis.be\/wp-content\/uploads\/2022\/12\/okidoo.jpeg 426w, https:\/\/www.kiwanis.be\/wp-content\/uploads\/2022\/12\/okidoo-300x175.jpeg 300w\" sizes=\"(max-width: 426px) 100vw, 426px\" title=\"\">\t\t\t\t\t\t\t\t\t\t\t\t\t\t\t<\/div>\n\t\t\t\t<\/div>\n\t\t\t\t<div class=\"elementor-element elementor-element-84d4523 elementor-cta--skin-cover elementor-animated-content elementor-bg-transform elementor-bg-transform-zoom-in elementor-widget elementor-widget-call-to-action\" data-id=\"84d4523\" data-element_type=\"widget\" data-widget_type=\"call-to-action.default\">\n\t\t\t\t<div class=\"elementor-widget-container\">\n\t\t\t\t\t\t\t<a class=\"elementor-cta\" href=\"\/wp-content\/uploads\/2022\/12\/Okidoo-fr.pdf\">\n\t\t\t\t\t<div class=\"elementor-cta__bg-wrapper\">\n\t\t\t\t<div class=\"elementor-cta__bg elementor-bg\" style=\"background-image: url(https:\/\/www.kiwanis.be\/wp-content\/uploads\/2022\/12\/okidoo-bg-300x300.jpg);\" role=\"img\" aria-label=\"okidoo-bg\"><\/div>\n\t\t\t\t<div class=\"elementor-cta__bg-overlay\"><\/div>\n\t\t\t<\/div>\n\t\t\t\t\t\t\t<div class=\"elementor-cta__content\">\n\t\t\t\t\t\t\t\t\t<div class=\"elementor-content-item elementor-cta__content-item elementor-icon-wrapper elementor-cta__icon elementor-view-default elementor-animated-item--grow\">\n\t\t\t\t\t\t<div class=\"elementor-icon\">\n\t\t\t\t\t\t\t<i aria-hidden=\"true\" class=\"fas fa-file-download\"><\/i>\t\t\t\t\t\t<\/div>\n\t\t\t\t\t<\/div>\n\t\t\t\t\n\t\t\t\t\n\t\t\t\t\t\t\t\t\t<div class=\"elementor-cta__description elementor-cta__content-item elementor-content-item elementor-animated-item--grow\">\n\t\t\t\t\t\t<p>Klicken Sie auf den Link, um die ehrgeizigen Pl\u00e4ne von Okidoo zu sehen.<\/p>\n\t\t\t\t\t<\/div>\n\t\t\t\t\n\t\t\t\t\t\t\t\t\t<div class=\"elementor-cta__button-wrapper elementor-cta__content-item elementor-content-item elementor-animated-item--grow\">\n\t\t\t\t\t<span class=\"elementor-cta__button elementor-button elementor-size-\">\n\t\t\t\t\t\tKlicken Sie hier\t\t\t\t\t<\/span>\n\t\t\t\t\t<\/div>\n\t\t\t\t\t\t\t<\/div>\n\t\t\t\t\t\t<\/a>\n\t\t\t\t\t\t<\/div>\n\t\t\t\t<\/div>\n\t\t\t\t\t<\/div>\n\t\t<\/div>\n\t\t\t\t\t<\/div>\n\t\t<\/section>\n\t\t\t\t<\/div>\n\t\t","protected":false},"excerpt":{"rendered":"<p>Okidoo, ein Bildungsprojekt f\u00fcr Kinder KIWANIS UNTERST\u00dcTZT OKIDOO Es ist die F\u00f6rderung einer positiven emotionalen Entwicklung bei Kindern, durch die sie Aufmerksamkeit und Respekt f\u00fcr sich selbst und andere entwickeln. [&hellip;]<\/p>\n","protected":false},"author":1,"featured_media":0,"parent":20172,"menu_order":0,"comment_status":"closed","ping_status":"closed","template":"elementor_header_footer","meta":{"_acf_changed":false,"footnotes":""},"class_list":["post-20160","page","type-page","status-publish","hentry"],"acf":[],"_links":{"self":[{"href":"https:\/\/www.kiwanis.be\/de\/wp-json\/wp\/v2\/pages\/20160","targetHints":{"allow":["GET"]}}],"collection":[{"href":"https:\/\/www.kiwanis.be\/de\/wp-json\/wp\/v2\/pages"}],"about":[{"href":"https:\/\/www.kiwanis.be\/de\/wp-json\/wp\/v2\/types\/page"}],"author":[{"embeddable":true,"href":"https:\/\/www.kiwanis.be\/de\/wp-json\/wp\/v2\/users\/1"}],"replies":[{"embeddable":true,"href":"https:\/\/www.kiwanis.be\/de\/wp-json\/wp\/v2\/comments?post=20160"}],"version-history":[{"count":0,"href":"https:\/\/www.kiwanis.be\/de\/wp-json\/wp\/v2\/pages\/20160\/revisions"}],"up":[{"embeddable":true,"href":"https:\/\/www.kiwanis.be\/de\/wp-json\/wp\/v2\/pages\/20172"}],"wp:attachment":[{"href":"https:\/\/www.kiwanis.be\/de\/wp-json\/wp\/v2\/media?parent=20160"}],"curies":[{"name":"wp","href":"https:\/\/api.w.org\/{rel}","templated":true}]}}