{"id":20057,"date":"2022-12-10T13:02:53","date_gmt":"2022-12-10T12:02:53","guid":{"rendered":"https:\/\/kiwanis.www.kiwanis.be\/die-geschichte-der-kiwanisbewegung\/"},"modified":"2024-03-11T15:54:16","modified_gmt":"2024-03-11T14:54:16","slug":"die-geschichte-der-kiwanisbewegung","status":"publish","type":"page","link":"https:\/\/www.kiwanis.be\/de\/die-geschichte-der-kiwanisbewegung\/","title":{"rendered":"Die Geschichte der Kiwanisbewegung"},"content":{"rendered":"\t\t<div data-elementor-type=\"wp-page\" data-elementor-id=\"20057\" class=\"elementor elementor-20057 elementor-342\" data-elementor-post-type=\"page\">\n\t\t\t\t\t\t<section class=\"elementor-section elementor-top-section elementor-element elementor-element-36aa889e elementor-section-boxed elementor-section-height-default elementor-section-height-default\" data-id=\"36aa889e\" data-element_type=\"section\" data-settings=\"{&quot;background_background&quot;:&quot;classic&quot;}\">\n\t\t\t\t\t\t\t<div class=\"elementor-background-overlay\"><\/div>\n\t\t\t\t\t\t\t<div class=\"elementor-container elementor-column-gap-no\">\n\t\t\t\t\t<div class=\"elementor-column elementor-col-100 elementor-top-column elementor-element elementor-element-6c478722\" data-id=\"6c478722\" data-element_type=\"column\" data-settings=\"{&quot;background_background&quot;:&quot;classic&quot;}\">\n\t\t\t<div class=\"elementor-widget-wrap elementor-element-populated\">\n\t\t\t\t\t\t<div class=\"elementor-element elementor-element-5a512ab1 elementor-widget elementor-widget-heading\" data-id=\"5a512ab1\" data-element_type=\"widget\" data-widget_type=\"heading.default\">\n\t\t\t\t<div class=\"elementor-widget-container\">\n\t\t\t\t\t<h1 class=\"elementor-heading-title elementor-size-default\">Die Geschichte der Kiwanisbewegung<\/h1>\t\t\t\t<\/div>\n\t\t\t\t<\/div>\n\t\t\t\t\t<\/div>\n\t\t<\/div>\n\t\t\t\t\t<\/div>\n\t\t<\/section>\n\t\t\t\t<section class=\"elementor-section elementor-top-section elementor-element elementor-element-7c4a1a18 elementor-section-boxed elementor-section-height-default elementor-section-height-default\" data-id=\"7c4a1a18\" data-element_type=\"section\" data-settings=\"{&quot;background_background&quot;:&quot;classic&quot;}\">\n\t\t\t\t\t\t<div class=\"elementor-container elementor-column-gap-no\">\n\t\t\t\t\t<div class=\"elementor-column elementor-col-100 elementor-top-column elementor-element elementor-element-388c05c\" data-id=\"388c05c\" data-element_type=\"column\">\n\t\t\t<div class=\"elementor-widget-wrap elementor-element-populated\">\n\t\t\t\t\t\t<section class=\"elementor-section elementor-inner-section elementor-element elementor-element-2f123b5d elementor-section-boxed elementor-section-height-default elementor-section-height-default\" data-id=\"2f123b5d\" data-element_type=\"section\">\n\t\t\t\t\t\t<div class=\"elementor-container elementor-column-gap-no\">\n\t\t\t\t\t<div class=\"elementor-column elementor-col-100 elementor-inner-column elementor-element elementor-element-6ac4d71c\" data-id=\"6ac4d71c\" data-element_type=\"column\">\n\t\t\t<div class=\"elementor-widget-wrap elementor-element-populated\">\n\t\t\t\t\t\t<div class=\"elementor-element elementor-element-48cffcc4 elementor-widget elementor-widget-heading\" data-id=\"48cffcc4\" data-element_type=\"widget\" data-widget_type=\"heading.default\">\n\t\t\t\t<div class=\"elementor-widget-container\">\n\t\t\t\t\t<h3 class=\"elementor-heading-title elementor-size-default\">Die Geschichte der Kiwanis Belgium-Luxembourg<\/h3>\t\t\t\t<\/div>\n\t\t\t\t<\/div>\n\t\t\t\t<div class=\"elementor-element elementor-element-447d2404 elementor-widget elementor-widget-text-editor\" data-id=\"447d2404\" data-element_type=\"widget\" data-widget_type=\"text-editor.default\">\n\t\t\t\t<div class=\"elementor-widget-container\">\n\t\t\t\t\t\t\t\t\t<p>In Belgien begann alles im Jahr 1963, als Henri Janssens und No\u00ebl Anselot den ersten belgischen Kiwanis-Club im Restaurant Ravenstein in Br\u00fcssel gr\u00fcndeten. Der Club, dessen Pate der Kiwanis Club Los Angeles ist, hei\u00dft Kiwanis Club Nr. 1 und ist neben Wien die erste Kiwanis-Einrichtung in Europa.<\/p><p>Der Distrikt Belgien-Luxemburg umfasst<span class=\"xapple-converted-space\">\u00a0<\/span>192<span class=\"xapple-converted-space\">\u00a0<\/span>Clubs mit fast 3.900\u00a0Mitgliedern, die zusammen j\u00e4hrlich<span class=\"xapple-converted-space\">\u00a0<\/span>\u00a0185.000 hours each year. About 3.700.000\u00a0\u20ac per year is donated to targeted projects.\u00a0Stunden ehrenamtlicher Arbeit leisten. Sie sammeln auch etwa 3.000.000 \u20ac an Spenden f\u00fcr gezielte Projekte.<\/p><p>Der Distrikt war der Geburtsort der Kiwanis-Stoffpuppen, der gro\u00dfen K-Dolls-Puppen, einer intensiven Zusammenarbeit mit Special Olympics Belgium und zahlreichen Initiativen im Bereich der geistigen und materiellen Hilfe f\u00fcr Kinder.<\/p><p><a href=\"https:\/\/www.kiwanis.be\/wp-content\/uploads\/2022\/12\/KIWANISHISTORY.pdf\">Geschichte von Kiwanis Belgien-Luxemburg<\/a><\/p>\t\t\t\t\t\t\t\t<\/div>\n\t\t\t\t<\/div>\n\t\t\t\t\t<\/div>\n\t\t<\/div>\n\t\t\t\t\t<\/div>\n\t\t<\/section>\n\t\t\t\t\t<\/div>\n\t\t<\/div>\n\t\t\t\t\t<\/div>\n\t\t<\/section>\n\t\t\t\t<\/div>\n\t\t","protected":false},"excerpt":{"rendered":"<p>Die Geschichte der Kiwanisbewegung Die Geschichte der Kiwanis Belgium-Luxembourg In Belgien begann alles im Jahr 1963, als Henri Janssens und No\u00ebl Anselot den ersten belgischen Kiwanis-Club im Restaurant Ravenstein in [&hellip;]<\/p>\n","protected":false},"author":1,"featured_media":0,"parent":0,"menu_order":0,"comment_status":"closed","ping_status":"closed","template":"elementor_header_footer","meta":{"_acf_changed":false,"footnotes":""},"class_list":["post-20057","page","type-page","status-publish","hentry"],"acf":[],"_links":{"self":[{"href":"https:\/\/www.kiwanis.be\/de\/wp-json\/wp\/v2\/pages\/20057","targetHints":{"allow":["GET"]}}],"collection":[{"href":"https:\/\/www.kiwanis.be\/de\/wp-json\/wp\/v2\/pages"}],"about":[{"href":"https:\/\/www.kiwanis.be\/de\/wp-json\/wp\/v2\/types\/page"}],"author":[{"embeddable":true,"href":"https:\/\/www.kiwanis.be\/de\/wp-json\/wp\/v2\/users\/1"}],"replies":[{"embeddable":true,"href":"https:\/\/www.kiwanis.be\/de\/wp-json\/wp\/v2\/comments?post=20057"}],"version-history":[{"count":6,"href":"https:\/\/www.kiwanis.be\/de\/wp-json\/wp\/v2\/pages\/20057\/revisions"}],"predecessor-version":[{"id":35070,"href":"https:\/\/www.kiwanis.be\/de\/wp-json\/wp\/v2\/pages\/20057\/revisions\/35070"}],"wp:attachment":[{"href":"https:\/\/www.kiwanis.be\/de\/wp-json\/wp\/v2\/media?parent=20057"}],"curies":[{"name":"wp","href":"https:\/\/api.w.org\/{rel}","templated":true}]}}