{"id":20052,"date":"2022-12-09T18:38:22","date_gmt":"2022-12-09T17:38:22","guid":{"rendered":"https:\/\/kiwanis.www.kiwanis.be\/die-kiwaniswerte\/"},"modified":"2025-03-25T11:07:55","modified_gmt":"2025-03-25T10:07:55","slug":"die-kiwaniswerte","status":"publish","type":"page","link":"https:\/\/www.kiwanis.be\/de\/die-kiwaniswerte\/","title":{"rendered":"Die Kiwaniswerte"},"content":{"rendered":"\t\t<div data-elementor-type=\"wp-page\" data-elementor-id=\"20052\" class=\"elementor elementor-20052 elementor-326\" data-elementor-post-type=\"page\">\n\t\t\t\t\t\t<section class=\"elementor-section elementor-top-section elementor-element elementor-element-36aa889e elementor-section-boxed elementor-section-height-default elementor-section-height-default\" data-id=\"36aa889e\" data-element_type=\"section\" data-settings=\"{&quot;background_background&quot;:&quot;classic&quot;}\">\n\t\t\t\t\t\t\t<div class=\"elementor-background-overlay\"><\/div>\n\t\t\t\t\t\t\t<div class=\"elementor-container elementor-column-gap-no\">\n\t\t\t\t\t<div class=\"elementor-column elementor-col-100 elementor-top-column elementor-element elementor-element-6c478722\" data-id=\"6c478722\" data-element_type=\"column\" data-settings=\"{&quot;background_background&quot;:&quot;classic&quot;}\">\n\t\t\t<div class=\"elementor-widget-wrap elementor-element-populated\">\n\t\t\t\t\t\t<div class=\"elementor-element elementor-element-5a512ab1 elementor-widget elementor-widget-heading\" data-id=\"5a512ab1\" data-element_type=\"widget\" data-widget_type=\"heading.default\">\n\t\t\t\t<div class=\"elementor-widget-container\">\n\t\t\t\t\t<h1 class=\"elementor-heading-title elementor-size-default\">Unsere Werte  <\/h1>\t\t\t\t<\/div>\n\t\t\t\t<\/div>\n\t\t\t\t\t<\/div>\n\t\t<\/div>\n\t\t\t\t\t<\/div>\n\t\t<\/section>\n\t\t\t\t<section class=\"elementor-section elementor-top-section elementor-element elementor-element-7c4a1a18 elementor-section-boxed elementor-section-height-default elementor-section-height-default\" data-id=\"7c4a1a18\" data-element_type=\"section\" data-settings=\"{&quot;background_background&quot;:&quot;classic&quot;}\">\n\t\t\t\t\t\t<div class=\"elementor-container elementor-column-gap-no\">\n\t\t\t\t\t<div class=\"elementor-column elementor-col-100 elementor-top-column elementor-element elementor-element-388c05c\" data-id=\"388c05c\" data-element_type=\"column\">\n\t\t\t<div class=\"elementor-widget-wrap elementor-element-populated\">\n\t\t\t\t\t\t<section class=\"elementor-section elementor-inner-section elementor-element elementor-element-2f123b5d elementor-section-boxed elementor-section-height-default elementor-section-height-default\" data-id=\"2f123b5d\" data-element_type=\"section\">\n\t\t\t\t\t\t<div class=\"elementor-container elementor-column-gap-no\">\n\t\t\t\t\t<div class=\"elementor-column elementor-col-100 elementor-inner-column elementor-element elementor-element-6ac4d71c\" data-id=\"6ac4d71c\" data-element_type=\"column\">\n\t\t\t<div class=\"elementor-widget-wrap elementor-element-populated\">\n\t\t\t\t\t\t<div class=\"elementor-element elementor-element-48cffcc4 elementor-widget elementor-widget-heading\" data-id=\"48cffcc4\" data-element_type=\"widget\" data-widget_type=\"heading.default\">\n\t\t\t\t<div class=\"elementor-widget-container\">\n\t\t\t\t\t<h2 class=\"elementor-heading-title elementor-size-default\">DIE 6 GRUNDWERTE VON KIWANIS<\/h2>\t\t\t\t<\/div>\n\t\t\t\t<\/div>\n\t\t\t\t<div class=\"elementor-element elementor-element-447d2404 elementor-widget elementor-widget-text-editor\" data-id=\"447d2404\" data-element_type=\"widget\" data-widget_type=\"text-editor.default\">\n\t\t\t\t<div class=\"elementor-widget-container\">\n\t\t\t\t\t\t\t\t\t<p>Kiwanis ist eine Philosophie, die auf einer Reihe von grundlegenden Werten basiert, die die Grundlage unserer Bewegung bilden und uns von allen anderen Verb\u00e4nden unterscheiden!<\/p><p>Diese grundlegenden Werte wurden vor 100 Jahren formuliert und sind in der Welt, in der wir leben, heute aktueller denn je.<\/p>\t\t\t\t\t\t\t\t<\/div>\n\t\t\t\t<\/div>\n\t\t\t\t\t<\/div>\n\t\t<\/div>\n\t\t\t\t\t<\/div>\n\t\t<\/section>\n\t\t\t\t\t<\/div>\n\t\t<\/div>\n\t\t\t\t\t<\/div>\n\t\t<\/section>\n\t\t<div class=\"elementor-element elementor-element-61064e7 e-flex e-con-boxed e-con e-parent\" data-id=\"61064e7\" data-element_type=\"container\">\n\t\t\t\t\t<div class=\"e-con-inner\">\n\t\t\t\t<div class=\"elementor-element elementor-element-43aefc7 elementor-widget elementor-widget-heading\" data-id=\"43aefc7\" data-element_type=\"widget\" data-widget_type=\"heading.default\">\n\t\t\t\t<div class=\"elementor-widget-container\">\n\t\t\t\t\t<h3 class=\"elementor-heading-title elementor-size-default\">1. Menschliche Werte vor materiellen Interessen<\/h3>\t\t\t\t<\/div>\n\t\t\t\t<\/div>\n\t\t\t\t<div class=\"elementor-element elementor-element-7e54256 elementor-widget elementor-widget-text-editor\" data-id=\"7e54256\" data-element_type=\"widget\" data-widget_type=\"text-editor.default\">\n\t\t\t\t<div class=\"elementor-widget-container\">\n\t\t\t\t\t\t\t\t\t<p>Bei Kiwanis glauben wir, dass der wahre Wert in der menschlichen und geistigen Entwicklung liegt. Respekt, Einf\u00fchlungsverm\u00f6gen und Zusammenarbeit stehen im Mittelpunkt &#8211; immer \u00fcber materiellem Gewinn oder pers\u00f6nlichem Ehrgeiz. <\/p>\t\t\t\t\t\t\t\t<\/div>\n\t\t\t\t<\/div>\n\t\t\t\t<div class=\"elementor-element elementor-element-8925109 elementor-widget elementor-widget-heading\" data-id=\"8925109\" data-element_type=\"widget\" data-widget_type=\"heading.default\">\n\t\t\t\t<div class=\"elementor-widget-container\">\n\t\t\t\t\t<h3 class=\"elementor-heading-title elementor-size-default\">2. Leben nach der Goldenen Regel<\/h3>\t\t\t\t<\/div>\n\t\t\t\t<\/div>\n\t\t\t\t<div class=\"elementor-element elementor-element-2c483f7 elementor-widget elementor-widget-text-editor\" data-id=\"2c483f7\" data-element_type=\"widget\" data-widget_type=\"text-editor.default\">\n\t\t\t\t<div class=\"elementor-widget-container\">\n\t\t\t\t\t\t\t\t\t<p>Die Grundlage unserer T\u00e4tigkeit ist einfach, aber wirkungsvoll:<br data-start=\"797\" data-end=\"800\"><strong data-start=\"800\" data-end=\"858\">&#8222;Behandle andere so, wie du selbst behandelt werden m\u00f6chtest.<\/strong>&#8222;<br data-start=\"858\" data-end=\"861\">Diese universelle Regel steht im Mittelpunkt unseres Engagements, bei jedem Kontakt und jeder Handlung.<\/p>\t\t\t\t\t\t\t\t<\/div>\n\t\t\t\t<\/div>\n\t\t\t\t<div class=\"elementor-element elementor-element-2c5c694 elementor-widget elementor-widget-heading\" data-id=\"2c5c694\" data-element_type=\"widget\" data-widget_type=\"heading.default\">\n\t\t\t\t<div class=\"elementor-widget-container\">\n\t\t\t\t\t<h3 class=\"elementor-heading-title elementor-size-default\">3. Hohe ethische und professionelle Standards<\/h3>\t\t\t\t<\/div>\n\t\t\t\t<\/div>\n\t\t\t\t<div class=\"elementor-element elementor-element-724aaf5 elementor-widget elementor-widget-text-editor\" data-id=\"724aaf5\" data-element_type=\"widget\" data-widget_type=\"text-editor.default\">\n\t\t\t\t<div class=\"elementor-widget-container\">\n\t\t\t\t\t\t\t\t\t<p class=\"\" data-start=\"1012\" data-end=\"1209\">Wir verpflichten uns zu Ehrlichkeit, Transparenz und Integrit\u00e4t &#8211; sowohl bei unserer Arbeit als auch in unserem Umgang miteinander. Wir ermutigen unsere Mitglieder, in ihrem t\u00e4glichen Leben mit gutem Beispiel voranzugehen. <\/p>\t\t\t\t\t\t\t\t<\/div>\n\t\t\t\t<\/div>\n\t\t\t\t<div class=\"elementor-element elementor-element-713040e elementor-widget elementor-widget-heading\" data-id=\"713040e\" data-element_type=\"widget\" data-widget_type=\"heading.default\">\n\t\t\t\t<div class=\"elementor-widget-container\">\n\t\t\t\t\t<h3 class=\"elementor-heading-title elementor-size-default\">4. Aktiver Beitrag zu einer besseren Gesellschaft<\/h3>\t\t\t\t<\/div>\n\t\t\t\t<\/div>\n\t\t\t\t<div class=\"elementor-element elementor-element-181dcd8 elementor-widget elementor-widget-text-editor\" data-id=\"181dcd8\" data-element_type=\"widget\" data-widget_type=\"text-editor.default\">\n\t\t\t\t<div class=\"elementor-widget-container\">\n\t\t\t\t\t\t\t\t\t<p class=\"\" data-start=\"1275\" data-end=\"1444\">Worte sind wichtig, aber Taten machen den Unterschied. Durch konkrete Ma\u00dfnahmen wollen wir einen positiven Einfluss auf unsere Umwelt und auf die Zukunft von Kindern \u00fcberall auf der Welt haben. <\/p>\t\t\t\t\t\t\t\t<\/div>\n\t\t\t\t<\/div>\n\t\t\t\t<div class=\"elementor-element elementor-element-6a5662e elementor-widget elementor-widget-heading\" data-id=\"6a5662e\" data-element_type=\"widget\" data-widget_type=\"heading.default\">\n\t\t\t\t<div class=\"elementor-widget-container\">\n\t\t\t\t\t<h3 class=\"elementor-heading-title elementor-size-default\">5. Freundschaft und selbstloses Engagement<\/h3>\t\t\t\t<\/div>\n\t\t\t\t<\/div>\n\t\t\t\t<div class=\"elementor-element elementor-element-f8b857a elementor-widget elementor-widget-text-editor\" data-id=\"f8b857a\" data-element_type=\"widget\" data-widget_type=\"text-editor.default\">\n\t\t\t\t<div class=\"elementor-widget-container\">\n\t\t\t\t\t\t\t\t\t<p>Bei Kiwanis bauen wir dauerhafte Freundschaften auf, die auf Vertrauen und gemeinsamen Werten basieren. Gemeinsam setzen wir uns selbstlos f\u00fcr andere ein &#8211; das ist unsere St\u00e4rke. <\/p>\t\t\t\t\t\t\t\t<\/div>\n\t\t\t\t<\/div>\n\t\t\t\t<div class=\"elementor-element elementor-element-a42fcd6 elementor-widget elementor-widget-heading\" data-id=\"a42fcd6\" data-element_type=\"widget\" data-widget_type=\"heading.default\">\n\t\t\t\t<div class=\"elementor-widget-container\">\n\t\t\t\t\t<h3 class=\"elementor-heading-title elementor-size-default\">6. Gemeinsam f\u00fcr Gerechtigkeit und Verbundenheit arbeiten<\/h3>\t\t\t\t<\/div>\n\t\t\t\t<\/div>\n\t\t\t\t\t<\/div>\n\t\t\t\t<\/div>\n\t\t<div class=\"elementor-element elementor-element-1aa2d58 e-flex e-con-boxed e-con e-parent\" data-id=\"1aa2d58\" data-element_type=\"container\">\n\t\t\t\t\t<div class=\"e-con-inner\">\n\t\t\t\t<div class=\"elementor-element elementor-element-a77392b elementor-widget elementor-widget-text-editor\" data-id=\"a77392b\" data-element_type=\"widget\" data-widget_type=\"text-editor.default\">\n\t\t\t\t<div class=\"elementor-widget-container\">\n\t\t\t\t\t\t\t\t\t<p>Wir glauben an ehrliche Ideale wie Gerechtigkeit, Solidarit\u00e4t, Patriotismus und guten Willen. Diese Werte verbinden uns und inspirieren uns, gemeinsam eine w\u00e4rmere, besser vernetzte Gesellschaft aufzubauen. <\/p>\t\t\t\t\t\t\t\t<\/div>\n\t\t\t\t<\/div>\n\t\t\t\t\t<\/div>\n\t\t\t\t<\/div>\n\t\t<div class=\"elementor-element elementor-element-f235df5 e-flex e-con-boxed e-con e-parent\" data-id=\"f235df5\" data-element_type=\"container\">\n\t\t\t\t\t<div class=\"e-con-inner\">\n\t\t\t\t<div class=\"elementor-element elementor-element-431ab4b elementor-widget-divider--view-line elementor-widget elementor-widget-divider\" data-id=\"431ab4b\" data-element_type=\"widget\" data-widget_type=\"divider.default\">\n\t\t\t\t<div class=\"elementor-widget-container\">\n\t\t\t\t\t\t\t<div class=\"elementor-divider\">\n\t\t\t<span class=\"elementor-divider-separator\">\n\t\t\t\t\t\t<\/span>\n\t\t<\/div>\n\t\t\t\t\t\t<\/div>\n\t\t\t\t<\/div>\n\t\t\t\t<div class=\"elementor-element elementor-element-cd95ebe elementor-widget elementor-widget-text-editor\" data-id=\"cd95ebe\" data-element_type=\"widget\" data-widget_type=\"text-editor.default\">\n\t\t\t\t<div class=\"elementor-widget-container\">\n\t\t\t\t\t\t\t\t\t<p>Unsere Werte sind das Herzst\u00fcck von allem, was wir bei Kiwanis tun. Wir erwecken sie jeden Tag durch unsere <a href=\"https:\/\/www.kiwanis.be\/de\/aktivitaeten\/\">sozialen Projekte und Aktivit\u00e4ten<\/a> zum Leben, aber auch durch die Art und Weise, wie wir zusammenarbeiten und Menschen miteinander verbinden. <\/p><p>F\u00fchlen Sie sich von unserer Mission angesprochen? <a href=\"https:\/\/www.kiwanis.be\/de\/wie-einen-club-gruenden\/\">Finden Sie heraus, wie Sie Ihren eigenen Club gr\u00fcnden k\u00f6nnen<\/a> oder werfen Sie einen Blick auf unsere neue Seite zum <strong>Beitritt<\/strong>. Gemeinsam k\u00f6nnen wir wirklich etwas bewirken. <\/p>\t\t\t\t\t\t\t\t<\/div>\n\t\t\t\t<\/div>\n\t\t\t\t\t<\/div>\n\t\t\t\t<\/div>\n\t\t<div class=\"elementor-element elementor-element-e664495 e-flex e-con-boxed e-con e-parent\" data-id=\"e664495\" data-element_type=\"container\">\n\t\t\t\t\t<div class=\"e-con-inner\">\n\t\t\t\t\t<\/div>\n\t\t\t\t<\/div>\n\t\t\t\t<\/div>\n\t\t","protected":false},"excerpt":{"rendered":"<p>Unsere Werte DIE 6 GRUNDWERTE VON KIWANIS Kiwanis ist eine Philosophie, die auf einer Reihe von grundlegenden Werten basiert, die die Grundlage unserer Bewegung bilden und uns von allen anderen [&hellip;]<\/p>\n","protected":false},"author":1,"featured_media":0,"parent":0,"menu_order":0,"comment_status":"closed","ping_status":"closed","template":"elementor_header_footer","meta":{"_acf_changed":false,"footnotes":""},"class_list":["post-20052","page","type-page","status-publish","hentry"],"acf":[],"_links":{"self":[{"href":"https:\/\/www.kiwanis.be\/de\/wp-json\/wp\/v2\/pages\/20052","targetHints":{"allow":["GET"]}}],"collection":[{"href":"https:\/\/www.kiwanis.be\/de\/wp-json\/wp\/v2\/pages"}],"about":[{"href":"https:\/\/www.kiwanis.be\/de\/wp-json\/wp\/v2\/types\/page"}],"author":[{"embeddable":true,"href":"https:\/\/www.kiwanis.be\/de\/wp-json\/wp\/v2\/users\/1"}],"replies":[{"embeddable":true,"href":"https:\/\/www.kiwanis.be\/de\/wp-json\/wp\/v2\/comments?post=20052"}],"version-history":[{"count":2,"href":"https:\/\/www.kiwanis.be\/de\/wp-json\/wp\/v2\/pages\/20052\/revisions"}],"predecessor-version":[{"id":46169,"href":"https:\/\/www.kiwanis.be\/de\/wp-json\/wp\/v2\/pages\/20052\/revisions\/46169"}],"wp:attachment":[{"href":"https:\/\/www.kiwanis.be\/de\/wp-json\/wp\/v2\/media?parent=20052"}],"curies":[{"name":"wp","href":"https:\/\/api.w.org\/{rel}","templated":true}]}}