{"id":20037,"date":"2022-12-17T15:47:30","date_gmt":"2022-12-17T14:47:30","guid":{"rendered":"https:\/\/kiwanis.www.kiwanis.be\/wort-des-gouvernors\/"},"modified":"2023-04-20T21:06:40","modified_gmt":"2023-04-20T20:06:40","slug":"wort-des-gouvernors","status":"publish","type":"page","link":"https:\/\/www.kiwanis.be\/de\/wort-des-gouvernors\/","title":{"rendered":"Wort des Gouvernors"},"content":{"rendered":"\t\t<div data-elementor-type=\"wp-page\" data-elementor-id=\"20037\" class=\"elementor elementor-20037 elementor-1068\" data-elementor-post-type=\"page\">\n\t\t\t\t\t\t<section class=\"elementor-section elementor-top-section elementor-element elementor-element-36aa889e elementor-section-boxed elementor-section-height-default elementor-section-height-default\" data-id=\"36aa889e\" data-element_type=\"section\" data-settings=\"{&quot;background_background&quot;:&quot;classic&quot;}\">\n\t\t\t\t\t\t\t<div class=\"elementor-background-overlay\"><\/div>\n\t\t\t\t\t\t\t<div class=\"elementor-container elementor-column-gap-no\">\n\t\t\t\t\t<div class=\"elementor-column elementor-col-100 elementor-top-column elementor-element elementor-element-6c478722\" data-id=\"6c478722\" data-element_type=\"column\" data-settings=\"{&quot;background_background&quot;:&quot;classic&quot;}\">\n\t\t\t<div class=\"elementor-widget-wrap elementor-element-populated\">\n\t\t\t\t\t\t<div class=\"elementor-element elementor-element-5a512ab1 elementor-widget elementor-widget-heading\" data-id=\"5a512ab1\" data-element_type=\"widget\" data-widget_type=\"heading.default\">\n\t\t\t\t<div class=\"elementor-widget-container\">\n\t\t\t\t\t<h1 class=\"elementor-heading-title elementor-size-default\">Wort des Gouvernors<\/h1>\t\t\t\t<\/div>\n\t\t\t\t<\/div>\n\t\t\t\t\t<\/div>\n\t\t<\/div>\n\t\t\t\t\t<\/div>\n\t\t<\/section>\n\t\t\t\t<section class=\"elementor-section elementor-top-section elementor-element elementor-element-c544e9b elementor-section-boxed elementor-section-height-default elementor-section-height-default\" data-id=\"c544e9b\" data-element_type=\"section\">\n\t\t\t\t\t\t<div class=\"elementor-container elementor-column-gap-no\">\n\t\t\t\t\t<div class=\"elementor-column elementor-col-50 elementor-top-column elementor-element elementor-element-2b7ba1b\" data-id=\"2b7ba1b\" data-element_type=\"column\">\n\t\t\t<div class=\"elementor-widget-wrap elementor-element-populated\">\n\t\t\t\t\t\t<div class=\"elementor-element elementor-element-b73c002 elementor-widget elementor-widget-text-editor\" data-id=\"b73c002\" data-element_type=\"widget\" data-widget_type=\"text-editor.default\">\n\t\t\t\t<div class=\"elementor-widget-container\">\n\t\t\t\t\t\t\t\t\t<p>Liebe\/r Freund\/in,<\/p>\n<p>Das neue Kiwanis-Jahr des Distrikts BELGIEN-LUXEMBURG hat begonnen und wir begr\u00fc\u00dfen Sie auf unserer <strong>neuen Website<\/strong>.<\/p>\n<p>Schauen Sie sich um und sehen Sie, was Kiwanis tut und das Engagement der etwa <strong>4.000 Kiwanier<\/strong> in Belgien und Luxemburg.<\/p>\n<p>Die Mitglieder unserer <strong>200 Clubs<\/strong> arbeiten ehrenamtlich etwa <strong>120.000 Stunden pro Jahr<\/strong> an sozialen Projekten, die hier erkl\u00e4rt werden. Um unser Motto <strong>&#8222;Den Kindern der Welt dienen&#8220;<\/strong> umzusetzen, sammeln wir Gelder durch Club- und koordinierte Aktivit\u00e4ten wie <strong>Kiwanis Pop, Special Olympics, Viva for Life<\/strong> und viele andere. Aber wir werden auf der Website darauf zur\u00fcckkommen.<\/p>\n<p>Wir alle wissen, dass Kinder mehr denn je unsere Unterst\u00fctzung brauchen. Wir sehen viel zu viele Notlagen, nicht nur im Ausland, sondern auch in Belgien. Und das reicht von echten Bed\u00fcrfnissen bis hin zum psychischen Wohlbefinden. <\/p>\n<p>Bei Kiwanis arbeiten wir unerm\u00fcdlich daran, so vielen Kindern wie m\u00f6glich zu helfen, so gut wir k\u00f6nnen. Und die Ergebnisse sind da, denn wir haben bereits viel L\u00e4cheln auf Gesichter gezaubert. Wir machen den Unterschied.<\/p>\n\t\t\t\t\t\t\t\t<\/div>\n\t\t\t\t<\/div>\n\t\t\t\t\t<\/div>\n\t\t<\/div>\n\t\t\t\t<div class=\"elementor-column elementor-col-50 elementor-top-column elementor-element elementor-element-96a6960\" data-id=\"96a6960\" data-element_type=\"column\">\n\t\t\t<div class=\"elementor-widget-wrap elementor-element-populated\">\n\t\t\t\t\t\t<div class=\"elementor-element elementor-element-ab20f9e elementor-widget elementor-widget-text-editor\" data-id=\"ab20f9e\" data-element_type=\"widget\" data-widget_type=\"text-editor.default\">\n\t\t\t\t<div class=\"elementor-widget-container\">\n\t\t\t\t\t\t\t\t\t<p><strong>Ein Aufruf<\/strong><\/p>\n<p>Deshalb rufe ich Sie auf, dar\u00fcber nachzudenken, sich f\u00fcr diese Arbeit zu engagieren. Wir brauchen so viele begeisterte Mitglieder wie m\u00f6glich, um noch mehr zu helfen. Denn die Bed\u00fcrfnisse werden immer gr\u00f6\u00dfer.<\/p>\n<p><strong>Sie k\u00f6nnen einem bestehenden Club beitreten oder noch besser, selbst einen gr\u00fcnden.<\/strong> Mit der vollen Unterst\u00fctzung der Distriktf\u00fchrung reichen bereits 3 bis 5 von Ihnen aus, um eine neue Kraft innerhalb von Kiwanis zu bilden. Jeder mit einem guten Herzen ist willkommen, denn das ist unsere Hauptanforderung.<\/p>\n<p>Und neben Ihrer wertvollen Arbeit haben Sie pl\u00f6tzlich eine Gruppe von 4.000 Freunden. Denn das ist es, was wir bei Kiwanis wirklich sind. Das diesj\u00e4hrige Motto ist nicht umsonst: <strong>Freundschaft durch Service<\/strong>.<\/p>\n<p>Schauen Sie sich noch einmal auf der Website um und ich hoffe, Sie werden \u00fcberzeugt sein.<\/p>\n<p>Viel Gl\u00fcck!<\/p>\n<p>Mit freundlichen Kiwanis-Gr\u00fc\u00dfen,<br \/><strong style=\"color: var( --e-global-color-text ); font-family: var( --e-global-typography-text-font-family ), Sans-serif; font-size: var( --e-global-typography-text-font-size );\">Miguel Stevens<\/strong><\/p>\n\t\t\t\t\t\t\t\t<\/div>\n\t\t\t\t<\/div>\n\t\t\t\t\t<\/div>\n\t\t<\/div>\n\t\t\t\t\t<\/div>\n\t\t<\/section>\n\t\t\t\t<\/div>\n\t\t","protected":false},"excerpt":{"rendered":"<p>Wort des Gouvernors Liebe\/r Freund\/in, Das neue Kiwanis-Jahr des Distrikts BELGIEN-LUXEMBURG hat begonnen und wir begr\u00fc\u00dfen Sie auf unserer neuen Website. Schauen Sie sich um und sehen Sie, was Kiwanis [&hellip;]<\/p>\n","protected":false},"author":1,"featured_media":0,"parent":0,"menu_order":0,"comment_status":"closed","ping_status":"closed","template":"elementor_header_footer","meta":{"_acf_changed":false,"footnotes":""},"class_list":["post-20037","page","type-page","status-publish","hentry"],"acf":[],"_links":{"self":[{"href":"https:\/\/www.kiwanis.be\/de\/wp-json\/wp\/v2\/pages\/20037","targetHints":{"allow":["GET"]}}],"collection":[{"href":"https:\/\/www.kiwanis.be\/de\/wp-json\/wp\/v2\/pages"}],"about":[{"href":"https:\/\/www.kiwanis.be\/de\/wp-json\/wp\/v2\/types\/page"}],"author":[{"embeddable":true,"href":"https:\/\/www.kiwanis.be\/de\/wp-json\/wp\/v2\/users\/1"}],"replies":[{"embeddable":true,"href":"https:\/\/www.kiwanis.be\/de\/wp-json\/wp\/v2\/comments?post=20037"}],"version-history":[{"count":0,"href":"https:\/\/www.kiwanis.be\/de\/wp-json\/wp\/v2\/pages\/20037\/revisions"}],"wp:attachment":[{"href":"https:\/\/www.kiwanis.be\/de\/wp-json\/wp\/v2\/media?parent=20037"}],"curies":[{"name":"wp","href":"https:\/\/api.w.org\/{rel}","templated":true}]}}